{"id":13506,"date":"2024-12-02T17:06:42","date_gmt":"2024-12-02T17:06:42","guid":{"rendered":"https:\/\/ritosa.click.si\/?post_type=product&#038;p=13506"},"modified":"2026-03-05T17:43:13","modified_gmt":"2026-03-05T16:43:13","slug":"elan-rc-ace-jrs-130-150","status":"publish","type":"product","link":"https:\/\/ritosa.click.si\/it\/negozio\/sciare\/sci\/sci-per-bambini\/elan-rc-ace-jrs-130-150\/","title":{"rendered":"Elan RC ACE JRS (130-150)"},"content":{"rendered":"<div class=\"product-info-secondary__column\">\n<p class=\"product-info-secondary__title\"><span style=\"font-size: 16px\">Progettato per i giovani corridori ambiziosi, l&#039;RC Ace offre la giusta combinazione di flessibilit\u00e0, stabilit\u00e0 torsionale e aderenza al marciapiede.<\/span><\/p>\n<div class=\"product attribute description\">\n<div class=\"value\">I bambini sono il nostro futuro. I loro primi passi sugli sci sono cruciali per lo sviluppo futuro di conoscenze e abilit\u00e0. Il passo successivo \u00e8 uno sci pi\u00f9 robusto, con cui i pi\u00f9 piccoli possano sfrecciare sulla neve con facilit\u00e0 e sicurezza. Abbiamo sviluppato gli RS Ace pensando ai giovani sciatori pi\u00f9 esperti. Questi sono i nostri migliori sci per bambini con anima in legno e fianchi con tecnologia Channel, che offrono la combinazione ottimale di comfort, flessibilit\u00e0, stabilit\u00e0 torsionale e tenuta di spigolo. Gli RS Ace ereditano elementi grafici dalla serie Ace, in modo che i bambini possano sciare proprio come mamma e pap\u00e0.<\/div>\n<\/div>\n<\/div>\n<div class=\"pdp-attributes__collapsible allow active\">\n<div class=\"pdp-attributes__content\">\n<div class=\"pdp-attributes__sustainability\">\n<ul class=\"checkmark\">\n<li>Tecnologia innovativa per giovani sciatori provetti<\/li>\n<li>Sci flessibile ma stabile e reattivo<\/li>\n<li>Forte aderenza sui marciapiedi e facile entrata e uscita dalle curve<\/li>\n<li>Per giovani sciatori avanzati<\/li>\n<\/ul>\n<\/div>\n<\/div>\n<\/div>\n<div class=\"product attribute description\">\n<div class=\"value\">\n<div class=\"pdp-attributes__trigger\">\n<h3 class=\"pdp-attributes__title\">GUIDA TAGLIE<\/h3>\n<\/div>\n<div class=\"pdp-attributes__content\">\n<table class=\"pdp-attributes__size-guide\">\n<thead>\n<tr>\n<th>Altezza dello sciatore<\/th>\n<th>Lunghezza dello sci<\/th>\n<\/tr>\n<\/thead>\n<tbody>\n<tr>\n<td>130 \u2013 138 centimetri<\/td>\n<td>130<\/td>\n<\/tr>\n<tr>\n<td>140 \u2013 148 centimetri<\/td>\n<td>140<\/td>\n<\/tr>\n<tr>\n<td>150 \u2013 158 centimetri<\/td>\n<td>150<\/td>\n<\/tr>\n<\/tbody>\n<\/table>\n<h3>INFORMAZIONI TECNICHE<\/h3>\n<table style=\"height: 151px\" width=\"429\">\n<tbody>\n<tr>\n<td><\/td>\n<td>130 centimetri<\/td>\n<td>140 centimetri<\/td>\n<td>150 cm<\/td>\n<\/tr>\n<tr>\n<td>Raggio<\/td>\n<td>9<\/td>\n<td>10.4<\/td>\n<td>11.9<\/td>\n<\/tr>\n<tr>\n<td>Larghezza della punta dello sci<\/td>\n<td>115<\/td>\n<td>116<\/td>\n<td>118<\/td>\n<\/tr>\n<tr>\n<td>Larghezza della parte centrale dello sci<\/td>\n<td>71<\/td>\n<td>71<\/td>\n<td>72<\/td>\n<\/tr>\n<tr>\n<td>Larghezza della coda dello sci<\/td>\n<td>101<\/td>\n<td>102<\/td>\n<td>102<\/td>\n<\/tr>\n<\/tbody>\n<\/table>\n<h3>DETTAGLI<\/h3>\n<table>\n<tbody>\n<tr>\n<td>Codice<\/td>\n<td>AELLJW24<\/td>\n<\/tr>\n<tr>\n<td>Legame<\/td>\n<td>EL 4,5 GW CA JRS NERO \/ EL 7,5 GW CA JRS NERO<\/td>\n<\/tr>\n<tr>\n<td>Lunghezza\/Raggio<\/td>\n<td>140 (10.4)<\/td>\n<\/tr>\n<tr>\n<td>Sistema<\/td>\n<td>Junior Shift<\/td>\n<\/tr>\n<tr>\n<td>Profilo<\/td>\n<td>Camber<\/td>\n<\/tr>\n<tr>\n<td>Frastuono<\/td>\n<td>0,75 \u2013 4,5 \/ 2 \u2013 7,5<\/td>\n<\/tr>\n<tr>\n<td>Tecnologia<\/td>\n<td>base di scorrimento ad alta velocit\u00e0, fibra di vetro, anima in legno a canale, fiancata EST<\/td>\n<\/tr>\n<\/tbody>\n<\/table>\n<\/div>\n<\/div>\n<\/div>","protected":false},"excerpt":{"rendered":"<p>Elan RC ACE JRS (130-150)<\/p>\n<p>Progettato per i giovani corridori ambiziosi, l&#039;RC Ace offre la giusta combinazione di flessibilit\u00e0, stabilit\u00e0 torsionale e aderenza al marciapiede.<\/p>","protected":false},"featured_media":13509,"template":"","meta":{"_acf_changed":false,"inline_featured_image":false},"product_brand":[677],"product_cat":[592],"product_tag":[1198],"class_list":{"0":"post-13506","1":"product","2":"type-product","3":"status-publish","4":"has-post-thumbnail","6":"product_brand-elan","7":"product_cat-otroske-smuci","8":"product_tag-otroci","9":"pa_velikost-130-4","10":"pa_velikost-719","11":"pa_velikost-150-2","13":"first","14":"instock","15":"sale","16":"taxable","17":"shipping-taxable","18":"purchasable","19":"product-type-variable"},"acf":[],"_links":{"self":[{"href":"https:\/\/ritosa.click.si\/it\/wp-json\/wp\/v2\/product\/13506","targetHints":{"allow":["GET"]}}],"collection":[{"href":"https:\/\/ritosa.click.si\/it\/wp-json\/wp\/v2\/product"}],"about":[{"href":"https:\/\/ritosa.click.si\/it\/wp-json\/wp\/v2\/types\/product"}],"wp:featuredmedia":[{"embeddable":true,"href":"https:\/\/ritosa.click.si\/it\/wp-json\/wp\/v2\/media\/13509"}],"wp:attachment":[{"href":"https:\/\/ritosa.click.si\/it\/wp-json\/wp\/v2\/media?parent=13506"}],"wp:term":[{"taxonomy":"product_brand","embeddable":true,"href":"https:\/\/ritosa.click.si\/it\/wp-json\/wp\/v2\/product_brand?post=13506"},{"taxonomy":"product_cat","embeddable":true,"href":"https:\/\/ritosa.click.si\/it\/wp-json\/wp\/v2\/product_cat?post=13506"},{"taxonomy":"product_tag","embeddable":true,"href":"https:\/\/ritosa.click.si\/it\/wp-json\/wp\/v2\/product_tag?post=13506"}],"curies":[{"name":"parola chiave","href":"https:\/\/api.w.org\/{rel}","templated":true}]}}