{"id":13492,"date":"2024-11-29T17:59:01","date_gmt":"2024-11-29T17:59:01","guid":{"rendered":"https:\/\/ritosa.click.si\/?post_type=product&#038;p=13492"},"modified":"2026-03-06T16:43:38","modified_gmt":"2026-03-06T15:43:38","slug":"alpina-brix-jr-grey","status":"publish","type":"product","link":"https:\/\/ritosa.click.si\/it\/negozio\/sciare\/smucarska-oprema\/smucarske-celade\/otroske-smucarske-celade\/alpina-brix-jr-grey\/","title":{"rendered":"Alpina Brix Jr \u2013 grigio"},"content":{"rendered":"<p><span>Poich\u00e9 il casco BRIX per adulti \u00e8 diventato uno dei pi\u00f9 popolari e venduti sul mercato grazie al suo peso ridotto e all&#039;eccellente vestibilit\u00e0 che si adatta a ogni testa, Alpina ha deciso di sviluppare anche il casco BRIX JR per bambini. Un casco per bambini e ragazzi che non parlano pi\u00f9 di pizza e patatine mentre sciano, ma vogliono gareggiare sulla pista nera. Il BRIX JR offre il massimo livello di sicurezza grazie alla sua costruzione Inmold, al nucleo Hi-EPS e alla robusta calotta in ceramica, mentre la morbida fodera rimovibile e lavabile garantisce il massimo comfort. Il controllo Airstream consente un&#039;eccellente ventilazione attraverso i canali d&#039;aria. Con le prese d&#039;aria aperte, l&#039;aria fresca fluisce nel casco nelle giornate calde, ma quando le temperature scendono o durante le discese veloci, possono essere facilmente chiuse. Il sistema di regolazione della taglia Ergo Snow consente di adattare il Brix individualmente alla testa dell&#039;utente.<\/span><\/p>\n<ul>\n<li><span>Processo Inmold:<\/span>\u00a0La tecnologia prevede il riscaldamento della calotta esterna in policarbonato ad alta temperatura e la sua successiva cottura sulla calotta in EPS ad alta pressione. Il processo crea un legame permanente su tutta la superficie delle calotte esterna e interna, rendendo il casco estremamente leggero e stabile.<\/li>\n<li><span>Guscio ceramico:<\/span>\u00a0Nome della calotta esterna di tutti i caschi Alpina realizzata con il processo Inmold. Si tratta di un materiale sottile e leggero, estremamente resistente agli urti e ai graffi, contenente stabilizzatori UV ed \u00e8 antistatico.<\/li>\n<\/ul>\n<ul>\n<li><span>HI-EPS:<\/span>\u00a0La calotta interna dei caschi Alpina \u00e8 realizzata in HI-EPS (polistirene espandibile). Questo materiale \u00e8 costituito da microscopici spazi d&#039;aria che assorbono efficacemente le forze generate dall&#039;impatto.<\/li>\n<\/ul>\n<ul>\n<li><span>Fibbia ergonomica<\/span>, collaudato e testato innumerevoli volte, \u00e8 utilizzato su tutti i caschi Alpina. Regolazione multistadio, controllabile con una sola mano. Inoltre, la fibbia non pu\u00f2 slacciarsi da sola in caso di incidente.<\/li>\n<li><span>Controllo del flusso d&#039;aria:\u00a0<\/span>consente una ventilazione e un comfort ottimali;<\/li>\n<li><span>Sistema di corsa Ergo Snow:<\/span>\u00a0Sistema di regolazione delle dimensioni del casco da sci per ogni forma della testa, garantendo comfort e vestibilit\u00e0 perfetta<\/li>\n<li><span>Protezione dei bordi:<\/span>\u00a0bordi ulteriormente rinforzati proteggono il casco dagli urti<\/li>\n<li><span>Clip a Y:<\/span>\u00a0La Y-CLIP collega le cinghie anteriori e posteriori sotto le orecchie, consentendo una regolazione ottimale del casco<\/li>\n<li>Fodera in tessuto rimovibile e lavabile e cuscinetti auricolari rimovibili<\/li>\n<li>Scaldacollo caldo<\/li>\n<\/ul>\n<p>\u00a0<\/p>\n<p>\u00a0<\/p>\n<p>\u00a0<\/p>","protected":false},"excerpt":{"rendered":"<p>Casco da sci per bambini Alpina Brix Jr<\/p>","protected":false},"featured_media":13494,"template":"","meta":{"_acf_changed":false,"inline_featured_image":false},"product_brand":[678],"product_cat":[569],"product_tag":[1198],"class_list":{"0":"post-13492","1":"product","2":"type-product","3":"status-publish","4":"has-post-thumbnail","6":"product_brand-alpina","7":"product_cat-otroske-smucarske-celade","8":"product_tag-otroci","9":"pa_velikost-51-55","11":"first","12":"instock","13":"sale","14":"taxable","15":"shipping-taxable","16":"purchasable","17":"product-type-variable"},"acf":[],"_links":{"self":[{"href":"https:\/\/ritosa.click.si\/it\/wp-json\/wp\/v2\/product\/13492","targetHints":{"allow":["GET"]}}],"collection":[{"href":"https:\/\/ritosa.click.si\/it\/wp-json\/wp\/v2\/product"}],"about":[{"href":"https:\/\/ritosa.click.si\/it\/wp-json\/wp\/v2\/types\/product"}],"wp:featuredmedia":[{"embeddable":true,"href":"https:\/\/ritosa.click.si\/it\/wp-json\/wp\/v2\/media\/13494"}],"wp:attachment":[{"href":"https:\/\/ritosa.click.si\/it\/wp-json\/wp\/v2\/media?parent=13492"}],"wp:term":[{"taxonomy":"product_brand","embeddable":true,"href":"https:\/\/ritosa.click.si\/it\/wp-json\/wp\/v2\/product_brand?post=13492"},{"taxonomy":"product_cat","embeddable":true,"href":"https:\/\/ritosa.click.si\/it\/wp-json\/wp\/v2\/product_cat?post=13492"},{"taxonomy":"product_tag","embeddable":true,"href":"https:\/\/ritosa.click.si\/it\/wp-json\/wp\/v2\/product_tag?post=13492"}],"curies":[{"name":"parola chiave","href":"https:\/\/api.w.org\/{rel}","templated":true}]}}