{"id":13449,"date":"2024-11-20T13:15:09","date_gmt":"2024-11-20T13:15:09","guid":{"rendered":"https:\/\/ritosa.click.si\/?post_type=product&#038;p=13449"},"modified":"2026-03-07T15:58:46","modified_gmt":"2026-03-07T14:58:46","slug":"alpina-penken-q-lite-black-lilac","status":"publish","type":"product","link":"https:\/\/ritosa.click.si\/it\/negozio\/sciare\/smucarska-oprema\/smucarska-ocala\/odrasla-smucarska-ocala\/alpina-penken-q-lite-black-lilac\/","title":{"rendered":"Alpina Penken Q-Lite nero-lilla"},"content":{"rendered":"<div class=\"product-short-description\">\n<p><span>Brez okvirja, brez meja. Penken so pravi par o\u010dal za vas, \u010de \u017eelite med smu\u010danjem prostega sloga poudariti svoj individualni slog z ujemajo\u010dimi se o\u010dali. O\u010dala imajo dvojno le\u010do Q-lite, ki pove\u010duje kontraste. Le\u010da ima tudi zrcalni odboj Mirror le\u010d, ki absorbira IR \u017earke in tako \u0161\u010diti o\u010di, obenem pa so le\u010de odporne proti praskam in zagotavljajo 100% UV za\u0161\u010dito. Cilindri\u010dna oblika in oblika brez okvirja, mo\u010dno zrcalna stekla in velikost, ki ustreza vsem, naredijo Penken vsem priljubljenega. O\u010dala odlikujejo dovr\u0161en dizajn, izjemna kvaliteta le\u010d z odli\u010dnim prezra\u010devanjem po zaslugi sistema Airframe venting, dvoslojna pena za dodatno udobje, za\u0161\u010dita proti rosenju Fog-Stop in udobje pri no\u0161enju. Stopnja zatemnitve: S2.<\/span><\/p>\n<ul>\n<li><span>Obiettivo Q-lite:\u00a0<\/span>riflette i raggi infrarossi, riducendo l&#039;affaticamento degli occhi e aumentando il contrasto<\/li>\n<li><span>Specchio (M):\u00a0<\/span>lente con strato altamente riflettente protegge dall&#039;abbagliamento e dalla luce infrarossa<\/li>\n<li><span>Stop alla nebbia<\/span>: \u00e8 un rivestimento sulla parte interna delle lenti per proteggere gli occhiali dall&#039;appannamento<\/li>\n<li><span>Termoblocco a doppia lente<\/span>: occhiali da sci con doppie lenti separate dall&#039;aria tra loro<\/li>\n<li><span>Vista a 180\u00b0+<\/span>: Gli occhiali da sci alpino con visuale di 180\u00b0+ hanno un campo visivo ancora pi\u00f9 ampio di quanto richiesto dalla norma CE<\/li>\n<li><span>Telaio comfort<\/span>: Gli occhiali di sicurezza sono progettati ergonomicamente e quindi si adattano in modo ottimale a ogni forma del viso<\/li>\n<li><span>Ventilazione della cellula<\/span>: Le aperture sui bordi laterali e inferiori della montatura consentono all&#039;aria di fluire all&#039;interno degli occhiali, impedendo l&#039;appannamento delle lenti<\/li>\n<li><span>Senza montatura<\/span>: Gli occhiali da sci senza montatura hanno un campo visivo pi\u00f9 ampio<\/li>\n<\/ul>\n<\/div>","protected":false},"excerpt":{"rendered":"<p>Odrasla smu\u010darska o\u010dala\u00a0Alpina Penken Q-Lite<\/p>","protected":false},"featured_media":13450,"template":"","meta":{"_acf_changed":false,"inline_featured_image":false},"product_brand":[678],"product_cat":[606],"product_tag":[],"class_list":{"0":"post-13449","1":"product","2":"type-product","3":"status-publish","4":"has-post-thumbnail","6":"product_brand-alpina","7":"product_cat-odrasla-smucarska-ocala","9":"first","10":"instock","11":"sale","12":"taxable","13":"shipping-taxable","14":"purchasable","15":"product-type-simple"},"acf":[],"_links":{"self":[{"href":"https:\/\/ritosa.click.si\/it\/wp-json\/wp\/v2\/product\/13449","targetHints":{"allow":["GET"]}}],"collection":[{"href":"https:\/\/ritosa.click.si\/it\/wp-json\/wp\/v2\/product"}],"about":[{"href":"https:\/\/ritosa.click.si\/it\/wp-json\/wp\/v2\/types\/product"}],"wp:featuredmedia":[{"embeddable":true,"href":"https:\/\/ritosa.click.si\/it\/wp-json\/wp\/v2\/media\/13450"}],"wp:attachment":[{"href":"https:\/\/ritosa.click.si\/it\/wp-json\/wp\/v2\/media?parent=13449"}],"wp:term":[{"taxonomy":"product_brand","embeddable":true,"href":"https:\/\/ritosa.click.si\/it\/wp-json\/wp\/v2\/product_brand?post=13449"},{"taxonomy":"product_cat","embeddable":true,"href":"https:\/\/ritosa.click.si\/it\/wp-json\/wp\/v2\/product_cat?post=13449"},{"taxonomy":"product_tag","embeddable":true,"href":"https:\/\/ritosa.click.si\/it\/wp-json\/wp\/v2\/product_tag?post=13449"}],"curies":[{"name":"parola chiave","href":"https:\/\/api.w.org\/{rel}","templated":true}]}}