{"id":13422,"date":"2024-11-19T16:11:05","date_gmt":"2024-11-19T16:11:05","guid":{"rendered":"https:\/\/ritosa.click.si\/?post_type=product&#038;p=13422"},"modified":"2026-03-07T19:55:57","modified_gmt":"2026-03-07T18:55:57","slug":"smucarske-rokavice-ziener-kahlia-pr-lady-mitten","status":"publish","type":"product","link":"https:\/\/ritosa.click.si\/it\/negozio\/sciare\/smucarska-oprema\/smucarske-rokavice\/odrasle-smucarske-rokavice\/smucarske-rokavice-ziener-kahlia-pr-lady-mitten\/","title":{"rendered":"Guanti da sci Ziener Kahlia PR Lady Mitten"},"content":{"rendered":"<div class=\"flex max-w-full flex-col flex-grow\">\n<div class=\"min-h-8 text-message flex w-full flex-col items-end gap-2 whitespace-normal break-words [.text-message+&amp;]:mt-5\">\n<p>Zimske smu\u010darske rokavice ZIENER KAHLIA PR MITTEN LADY za \u017eenske, tople in zelo mehke, navdu\u0161ujejo s svojo segrevalno podlogo iz pli\u0161a in novo tehnologijo PrimaLoft\u00ae CROSS CORE\u2122: revolucionarna tehnologija izolacije zagotavlja izjemno toplotno za\u0161\u010dito z zelo nizko te\u017eo. Lastnosti, kot sta vodoodpornost in odpornost proti vetru, ohranjajo rokavice prijetno tople tudi v nizkih temperaturah.<\/p>\n<p>\u017denske smu\u010darske rokavice z elegantnimi detajli.<\/p>\n<p>\u2022 PrimaLoft\u00ae Gold Cross Core\u2122<br \/>\n\u2022 Zapiranje z je\u017ekom<br \/>\n\u2022 Topla pli\u0161aste podloga<br \/>\n\u2022 Vodoodporne<br \/>\n\u2022 Odpornost proti vetru<br \/>\n\u2022 Impregnacija brez PFC<br \/>\n\u2022 Vsebuje reciklirane materiale<\/p>\n<\/div>\n<\/div>\n<p><!--StartFragment--><!--EndFragment--><!--StartFragment--><!--EndFragment--><!--StartFragment--><!--EndFragment--><\/p>\n<p><!--EndFragment--><\/p>\n<p><!--StartFragment--><!--EndFragment--><\/p>\n","protected":false},"excerpt":{"rendered":"<p>\u017denske smu\u010darske rokavice Ziener Kahlia PR Lady Mitten<\/p>","protected":false},"featured_media":13425,"template":"","meta":{"_acf_changed":false,"inline_featured_image":false},"product_brand":[682],"product_cat":[604],"product_tag":[1199],"class_list":{"0":"post-13422","1":"product","2":"type-product","3":"status-publish","4":"has-post-thumbnail","6":"product_brand-ziener","7":"product_cat-odrasle-smucarske-rokavice","8":"product_tag-zenske","9":"pa_velikost-7-5","10":"pa_velikost-799","12":"first","13":"instock","14":"sale","15":"taxable","16":"shipping-taxable","17":"purchasable","18":"product-type-variable"},"acf":[],"_links":{"self":[{"href":"https:\/\/ritosa.click.si\/it\/wp-json\/wp\/v2\/product\/13422","targetHints":{"allow":["GET"]}}],"collection":[{"href":"https:\/\/ritosa.click.si\/it\/wp-json\/wp\/v2\/product"}],"about":[{"href":"https:\/\/ritosa.click.si\/it\/wp-json\/wp\/v2\/types\/product"}],"wp:featuredmedia":[{"embeddable":true,"href":"https:\/\/ritosa.click.si\/it\/wp-json\/wp\/v2\/media\/13425"}],"wp:attachment":[{"href":"https:\/\/ritosa.click.si\/it\/wp-json\/wp\/v2\/media?parent=13422"}],"wp:term":[{"taxonomy":"product_brand","embeddable":true,"href":"https:\/\/ritosa.click.si\/it\/wp-json\/wp\/v2\/product_brand?post=13422"},{"taxonomy":"product_cat","embeddable":true,"href":"https:\/\/ritosa.click.si\/it\/wp-json\/wp\/v2\/product_cat?post=13422"},{"taxonomy":"product_tag","embeddable":true,"href":"https:\/\/ritosa.click.si\/it\/wp-json\/wp\/v2\/product_tag?post=13422"}],"curies":[{"name":"parola chiave","href":"https:\/\/api.w.org\/{rel}","templated":true}]}}