{"id":13347,"date":"2024-11-18T16:37:29","date_gmt":"2024-11-18T16:37:29","guid":{"rendered":"https:\/\/ritosa.click.si\/?post_type=product&#038;p=13347"},"modified":"2026-03-06T08:46:35","modified_gmt":"2026-03-06T07:46:35","slug":"volkl-peregrine-7-2-ltd-fdt-tp10-gw-2025","status":"publish","type":"product","link":"https:\/\/ritosa.click.si\/it\/negozio\/sciare\/sci\/sci-da-uomo\/volkl-peregrine-7-2-ltd-fdt-tp10-gw-2025\/","title":{"rendered":"V\u00f6lkl Peregrine 7.2 LTD + FDT TP10 GW 2025"},"content":{"rendered":"<p>Sci per piste battute <strong>V\u00f6lkl Peregrine 7.2 LTD<\/strong> Sono un&#039;ottima scelta per principianti e sciatori amatoriali con una certa esperienza. Grazie al profilo Tip Rocker, consentono un ingresso in curva rapido e semplice, una buona maneggevolezza sulla neve pi\u00f9 morbida e un efficace superamento di piccole asperit\u00e0. Questi sci sono ideali per gli sciatori amatoriali, poich\u00e9 offrono una sciata stabile, facile e divertente, perdonando al contempo i piccoli errori.<\/p>\n<p>Consigliati agli sciatori che desiderano ottimi sci con un rapporto qualit\u00e0-prezzo equilibrato!<\/p>\n<p><strong>Specifiche tecniche:<\/strong><\/p>\n<ul>\n<li><strong>Cravatte<\/strong>: FDT TP10 GripWalk Marker<\/li>\n<li><strong>arco laterale<\/strong>: 123 \u2013 72 \u2013 104<\/li>\n<li><strong>Raggio<\/strong>: 12,7 m (158 cm), 14,0 m (165 cm), 15,5 m (172 cm)<\/li>\n<\/ul>\n<p><strong>Caratteristiche:<\/strong><\/p>\n<ul>\n<li>Livello di abilit\u00e0: principiante, sciatore intermedio<\/li>\n<li><strong>Anima in legno multistrato<\/strong> \u2013 il nucleo in legno multistrato garantisce stabilit\u00e0 a velocit\u00e0 pi\u00f9 elevate, un trasferimento affidabile della potenza alle lamine e una punta e una coda dello sci leggermente pi\u00f9 morbide, che perdonano allo sciatore molti errori<\/li>\n<li><strong>Tipo Profilo a bilanciere<\/strong> con una parte anteriore dello sci leggermente rialzata (5 mm), consente un ingresso in curva pi\u00f9 rapido con meno sforzo, una buona maneggevolezza sulla neve pi\u00f9 morbida e un pi\u00f9 facile superamento di piccole asperit\u00e0 del terreno<\/li>\n<li><strong>Tecnologia progressiva<\/strong>\u00a0Presenta una forma 3D che stabilizza la punta, consentendo un maggiore equilibrio e un controllo pi\u00f9 facile dello sci. La coda pi\u00f9 morbida facilita la transizione da una curva all&#039;altra, quindi scierai pi\u00f9 facilmente con questi sci e la transizione da una curva all&#039;altra sar\u00e0 migliore.<\/li>\n<li><strong>Attacchi FDT TP10 GripWalk inclusi<\/strong>\u00a0 \u2013 consentono un facile aggancio e sgancio e garantiscono un&#039;eccellente trasmissione della forza agli sci<\/li>\n<li><strong>P-Tex 2100<\/strong>\u00a0La superficie di scorrimento garantisce elevate velocit\u00e0 con una durata eccezionale<\/li>\n<\/ul>\n<p><!--StartFragment--><!--EndFragment--><\/p>","protected":false},"excerpt":{"rendered":"<p>Sci V\u00f6lkl Peregrine 7.2 LTD + attacchi FDT TP10 GW 2025<\/p>","protected":false},"featured_media":13351,"template":"","meta":{"_acf_changed":false,"inline_featured_image":false,"_monsterinsights_skip_tracking":false,"_monsterinsights_sitenote_active":false,"_monsterinsights_sitenote_note":"","_monsterinsights_sitenote_category":0},"product_brand":[1190],"product_cat":[508],"product_tag":[],"class_list":{"0":"post-13347","1":"product","2":"type-product","3":"status-publish","4":"has-post-thumbnail","6":"product_brand-volkl","7":"product_cat-moske-smuci","8":"pa_velikost-2214","9":"pa_velikost-978","10":"pa_velikost-2221","12":"first","13":"instock","14":"sale","15":"taxable","16":"shipping-taxable","17":"purchasable","18":"product-type-variable"},"acf":[],"aioseo_notices":[],"_links":{"self":[{"href":"https:\/\/ritosa.click.si\/it\/wp-json\/wp\/v2\/product\/13347","targetHints":{"allow":["GET"]}}],"collection":[{"href":"https:\/\/ritosa.click.si\/it\/wp-json\/wp\/v2\/product"}],"about":[{"href":"https:\/\/ritosa.click.si\/it\/wp-json\/wp\/v2\/types\/product"}],"wp:featuredmedia":[{"embeddable":true,"href":"https:\/\/ritosa.click.si\/it\/wp-json\/wp\/v2\/media\/13351"}],"wp:attachment":[{"href":"https:\/\/ritosa.click.si\/it\/wp-json\/wp\/v2\/media?parent=13347"}],"wp:term":[{"taxonomy":"product_brand","embeddable":true,"href":"https:\/\/ritosa.click.si\/it\/wp-json\/wp\/v2\/product_brand?post=13347"},{"taxonomy":"product_cat","embeddable":true,"href":"https:\/\/ritosa.click.si\/it\/wp-json\/wp\/v2\/product_cat?post=13347"},{"taxonomy":"product_tag","embeddable":true,"href":"https:\/\/ritosa.click.si\/it\/wp-json\/wp\/v2\/product_tag?post=13347"}],"curies":[{"name":"parola chiave","href":"https:\/\/api.w.org\/{rel}","templated":true}]}}