{"id":13249,"date":"2024-11-18T10:17:14","date_gmt":"2024-11-18T10:17:14","guid":{"rendered":"https:\/\/ritosa.click.si\/?post_type=product&#038;p=13249"},"modified":"2026-03-07T11:24:13","modified_gmt":"2026-03-07T10:24:13","slug":"volkl-speedstick-red-2025","status":"publish","type":"product","link":"https:\/\/ritosa.click.si\/it\/negozio\/sciare\/smucarska-oprema\/smucarske-palice\/odrasle-smucarske-palice\/volkl-speedstick-red-2025\/","title":{"rendered":"V\u00f6lkl Speedstick Rosso"},"content":{"rendered":"<p>Bastoncini da sci che combinano reattivit\u00e0 e peso ridotto. Dotati di tutto ci\u00f2 di cui un bastoncino da sci ha bisogno: un&#039;impugnatura da competizione a 4 dita leggera e sicura con struttura antiscivolo, un sottile tubo in alluminio 7075 con una punta da competizione pi\u00f9 piccola e una punta in acciaio collaudata per un&#039;aderenza eccellente su tutte le superfici innevate. Disponibili in lunghezze da 110 a 135 cm.<\/p>\n<p>Caratteristiche:<\/p>\n<p>\u2013 Materiale: Alluminio 7075<br \/>\n\u2013 Diametro del tubo: 18 mm<br \/>\n\u2013 Manico in gomma<br \/>\n\u2013 Cinturino comodo<br \/>\n\u2013 Punte in tungsteno\/carburo<\/p>\n<p><!--StartFragment--><!--EndFragment--><\/p>","protected":false},"excerpt":{"rendered":"<p>Odrasle smu\u010darske palice V\u00f6lkl Speedstick<\/p>","protected":false},"featured_media":21023,"template":"","meta":{"_acf_changed":false,"inline_featured_image":false,"_monsterinsights_skip_tracking":false,"_monsterinsights_sitenote_active":false,"_monsterinsights_sitenote_note":"","_monsterinsights_sitenote_category":0},"product_brand":[1190],"product_cat":[597],"product_tag":[],"class_list":{"0":"post-13249","1":"product","2":"type-product","3":"status-publish","4":"has-post-thumbnail","6":"product_brand-volkl","7":"product_cat-odrasle-smucarske-palice","8":"pa_velikost-790","10":"first","11":"instock","12":"sale","13":"taxable","14":"shipping-taxable","15":"purchasable","16":"product-type-variable"},"acf":[],"aioseo_notices":[],"_links":{"self":[{"href":"https:\/\/ritosa.click.si\/it\/wp-json\/wp\/v2\/product\/13249","targetHints":{"allow":["GET"]}}],"collection":[{"href":"https:\/\/ritosa.click.si\/it\/wp-json\/wp\/v2\/product"}],"about":[{"href":"https:\/\/ritosa.click.si\/it\/wp-json\/wp\/v2\/types\/product"}],"wp:featuredmedia":[{"embeddable":true,"href":"https:\/\/ritosa.click.si\/it\/wp-json\/wp\/v2\/media\/21023"}],"wp:attachment":[{"href":"https:\/\/ritosa.click.si\/it\/wp-json\/wp\/v2\/media?parent=13249"}],"wp:term":[{"taxonomy":"product_brand","embeddable":true,"href":"https:\/\/ritosa.click.si\/it\/wp-json\/wp\/v2\/product_brand?post=13249"},{"taxonomy":"product_cat","embeddable":true,"href":"https:\/\/ritosa.click.si\/it\/wp-json\/wp\/v2\/product_cat?post=13249"},{"taxonomy":"product_tag","embeddable":true,"href":"https:\/\/ritosa.click.si\/it\/wp-json\/wp\/v2\/product_tag?post=13249"}],"curies":[{"name":"parola chiave","href":"https:\/\/api.w.org\/{rel}","templated":true}]}}