{"id":13204,"date":"2024-11-14T17:19:22","date_gmt":"2024-11-14T17:19:22","guid":{"rendered":"https:\/\/ritosa.click.si\/?post_type=product&#038;p=13204"},"modified":"2026-03-06T08:54:34","modified_gmt":"2026-03-06T07:54:34","slug":"volkl-racetiger-sl-2026","status":"publish","type":"product","link":"https:\/\/ritosa.click.si\/it\/negozio\/sciare\/sci\/sci-da-uomo\/volkl-racetiger-sl-2026\/","title":{"rendered":"V\u00f6lkl Racetiger SL 2026"},"content":{"rendered":"<p><strong>V\u00f6lkl Racetiger SL<\/strong>\u00a0\u00e8 un&#039;icona della Coppa del Mondo e sinonimo di precisione, potenza e reattivit\u00e0 eccezionale nelle curve strette e tecniche. Progettato per gli sciatori che amano i rapidi cambi di spigolo, l&#039;accelerazione esplosiva e il controllo completo alle alte velocit\u00e0.<\/p>\n<p>Grazie all&#039;avanzato\u00a0<strong>Punte in carbonio su misura<\/strong>\u00a0lo sci risponde in modo estremamente rapido all&#039;inizio della curva, mentre\u00a0<strong>Costruzione interamente in Titanal<\/strong>\u00a0E\u00a0<strong>Tecnologia del vetro 3D<\/strong>\u00a0Offrono una rigidit\u00e0 torsionale superiore, una perfetta tenuta dei bordi e stabilit\u00e0 in ogni situazione.\u00a0<strong>Anima in legno multistrato<\/strong>\u00a0Combina specie di legno dure e morbide, migliorando il trasferimento di potenza, la presa e la manovrabilit\u00e0 senza aggiungere peso.<\/p>\n<p>Cintura pi\u00f9 stretta (67 mm) e corta\u00a0<strong>Tipo Rocker<\/strong>\u00a0consentono transizioni da bordo a bordo rapidissime, mentre la superficie di scorrimento sinterizzata\u00a0<strong>P-Tex 4504<\/strong>\u00a0Offre una velocit\u00e0 eccezionale, una durata e un assorbimento ottimale della sciolina, proprio come i modelli da competizione della Coppa del Mondo.<\/p>\n<p>Completo di rilegatura\u00a0<strong>R-Motion 3 GW<\/strong>\u00a0Il Racetiger SL offre un controllo completo, una maneggevolezza precisa e l&#039;esperienza di un vero sci da competizione, progettato per curve strette e aggressive.<\/p>\n<hr \/>\n<h4><strong>Caratteristiche principali<\/strong><\/h4>\n<ul>\n<li>Il leggendario sci da slalom con il raggio pi\u00f9 stretto della serie Racetiger<\/li>\n<li><strong>Punte in carbonio su misura<\/strong>\u00a0\u2013 curve estremamente precise e risposta rapida<\/li>\n<li><strong>Titanal completo + vetro 3D<\/strong>\u00a0\u2013 aderenza e stabilit\u00e0 superiori ad alta velocit\u00e0<\/li>\n<li><strong>Anima in legno multistrato<\/strong>\u00a0\u2013 potenza, controllo e trasferimento ottimale dell\u2019energia<\/li>\n<li><strong>P-Tex 4504<\/strong>\u00a0\u2013 superficie di scorrimento sinterizzata per velocit\u00e0 e sciolinatura superiori<\/li>\n<li><strong>Tipo Rocker<\/strong>\u00a0\u2013 ingresso dinamico in curva e perfetta aderenza al marciapiede<\/li>\n<li><strong>Scheda di circuito R-Motion 3 GW<\/strong>\u00a0\u2013 trasmissione precisa della potenza e rapidi cambi di spigolo<\/li>\n<\/ul>\n<hr \/>\n<h4><strong>Specifiche tecniche<\/strong><\/h4>\n<div class=\"_tableContainer_1rjym_1\">\n<div class=\"group _tableWrapper_1rjym_13 flex w-fit flex-col-reverse\">\n<table class=\"w-fit min-w-(--thread-content-width)\">\n<thead>\n<tr>\n<th>Lunghezza<\/th>\n<th>Geometria (mm)<\/th>\n<th>Raggio (m)<\/th>\n<th>Peso (senza attacchi)<\/th>\n<\/tr>\n<\/thead>\n<tbody>\n<tr>\n<td>150 centimetri<\/td>\n<td>126\u201367\u2013102<\/td>\n<td>10.2<\/td>\n<td>2830 g<\/td>\n<\/tr>\n<tr>\n<td>155 centimetri<\/td>\n<td>126\u201367\u2013102<\/td>\n<td>11.0<\/td>\n<td>2880 g<\/td>\n<\/tr>\n<tr>\n<td>160 centimetri<\/td>\n<td>126\u201367\u2013102<\/td>\n<td>11.8<\/td>\n<td>2930 g<\/td>\n<\/tr>\n<tr>\n<td>165 centimetri<\/td>\n<td>126\u201367\u2013102<\/td>\n<td>12.6<\/td>\n<td>3020 g<\/td>\n<\/tr>\n<tr>\n<td>170 centimetri<\/td>\n<td>126\u201367\u2013102<\/td>\n<td>13.4<\/td>\n<td>3090 g<\/td>\n<\/tr>\n<\/tbody>\n<\/table>\n<\/div>\n<\/div>\n<p><strong>Nucleo:<\/strong>\u00a0Anima in legno multistrato<br \/>\n<strong>Costruzione:<\/strong>\u00a0Parete laterale completa, vetro 3D, punte in carbonio su misura, Titanal completo<br \/>\n<strong>Profilo:<\/strong>\u00a0Tipo Rocker<br \/>\n<strong>Pannello:<\/strong>\u00a0R-Motion senza utensili<br \/>\n<strong>Collegamento:<\/strong>\u00a0Marcatore RMOTION-T 12 GW<\/p>","protected":false},"excerpt":{"rendered":"<p>Smu\u010di\u00a0V\u00f6lkl Racetiger SL + vezi rMotion-T\u00a012<\/p>\n<div class=\"text-base my-auto mx-auto pb-10 [--thread-content-margin:--spacing(4)] thread-sm:[--thread-content-margin:--spacing(6)] thread-lg:[--thread-content-margin:--spacing(16)] px-(--thread-content-margin)\">\n<div class=\"[--thread-content-max-width:40rem] thread-lg:[--thread-content-max-width:48rem] mx-auto max-w-(--thread-content-max-width) flex-1 group\/turn-messages focus-visible:outline-hidden relative flex w-full min-w-0 flex-col agent-turn\">\n<div class=\"flex max-w-full flex-col grow\">\n<div class=\"min-h-8 text-message relative flex w-full flex-col items-end gap-2 text-start break-words whitespace-normal [.text-message+&amp;]:mt-1\">\n<div class=\"flex w-full flex-col gap-1 empty:hidden first:pt-[1px]\">\n<div class=\"markdown prose dark:prose-invert w-full break-words light markdown-new-styling\">\n<p>Legendarne slalomske smu\u010di, idealne za\u00a0tehni\u010dno izpopolnjene in \u0161portne smu\u010darje, ki i\u0161\u010dejo vrhunsko odzivnost, eksplozivnost in popolno kontrolo v kratkih zavojih.<\/p>\n<\/div>\n<\/div>\n<\/div>\n<\/div>\n<\/div>\n<\/div>\n","protected":false},"featured_media":20708,"template":"","meta":{"_acf_changed":false,"inline_featured_image":false,"_monsterinsights_skip_tracking":false,"_monsterinsights_sitenote_active":false,"_monsterinsights_sitenote_note":"","_monsterinsights_sitenote_category":0},"product_brand":[1190],"product_cat":[508,567],"product_tag":[],"class_list":{"0":"post-13204","1":"product","2":"type-product","3":"status-publish","4":"has-post-thumbnail","6":"product_brand-volkl","7":"product_cat-moske-smuci","8":"product_cat-zenske-smuci","9":"pa_velikost-1064","10":"pa_velikost-2221","12":"first","13":"instock","14":"sale","15":"taxable","16":"shipping-taxable","17":"purchasable","18":"product-type-variable"},"acf":[],"aioseo_notices":[],"_links":{"self":[{"href":"https:\/\/ritosa.click.si\/it\/wp-json\/wp\/v2\/product\/13204","targetHints":{"allow":["GET"]}}],"collection":[{"href":"https:\/\/ritosa.click.si\/it\/wp-json\/wp\/v2\/product"}],"about":[{"href":"https:\/\/ritosa.click.si\/it\/wp-json\/wp\/v2\/types\/product"}],"wp:featuredmedia":[{"embeddable":true,"href":"https:\/\/ritosa.click.si\/it\/wp-json\/wp\/v2\/media\/20708"}],"wp:attachment":[{"href":"https:\/\/ritosa.click.si\/it\/wp-json\/wp\/v2\/media?parent=13204"}],"wp:term":[{"taxonomy":"product_brand","embeddable":true,"href":"https:\/\/ritosa.click.si\/it\/wp-json\/wp\/v2\/product_brand?post=13204"},{"taxonomy":"product_cat","embeddable":true,"href":"https:\/\/ritosa.click.si\/it\/wp-json\/wp\/v2\/product_cat?post=13204"},{"taxonomy":"product_tag","embeddable":true,"href":"https:\/\/ritosa.click.si\/it\/wp-json\/wp\/v2\/product_tag?post=13204"}],"curies":[{"name":"parola chiave","href":"https:\/\/api.w.org\/{rel}","templated":true}]}}