{"id":13190,"date":"2024-11-14T16:26:46","date_gmt":"2024-11-14T16:26:46","guid":{"rendered":"https:\/\/ritosa.click.si\/?post_type=product&#038;p=13190"},"modified":"2026-03-06T09:28:41","modified_gmt":"2026-03-06T08:28:41","slug":"volkl-peregrine-72-2026","status":"publish","type":"product","link":"https:\/\/ritosa.click.si\/it\/negozio\/sciare\/sci\/sci-da-uomo\/volkl-peregrine-72-2026\/","title":{"rendered":"V\u00f6lkl Peregrine 72 2026"},"content":{"rendered":"<p>Il V\u00f6lkl Peregrine 72 \u00e8 uno sci all-round di alta qualit\u00e0, progettato per gli sciatori sportivi che cercano la perfetta combinazione di precisione, reattivit\u00e0 e velocit\u00e0 sulle piste battute. Dalla neve dura del mattino alle condizioni miste del pomeriggio, questi sci offrono stabilit\u00e0, potenza e dinamismo in ogni curva.<\/p>\n<p>Con tecnologia avanzata\u00a0<strong>Sciancratura radiale 3D<\/strong>\u00a0Il Peregrine 72 si adatta facilmente sia alle curve strette che a quelle lunghe, garantendo una versatilit\u00e0 eccezionale e transizioni fluide tra diversi stili di sci.\u00a0<strong>Punte in carbonio su misura<\/strong>\u00a0garantire curve rapide e precise, mentre\u00a0<strong>Anima in legno multistrato<\/strong>\u00a0in combinazione con\u00a0<strong>Parete laterale completamente in ABS<\/strong>\u00a0La costruzione garantisce un trasferimento di potenza ottimale, una presa di spigolo perfetta e una risposta bilanciata.<\/p>\n<p>Gli sci sono dotati di un nuovo\u00a0<strong>Sistema di rilegatura senza utensili MARKER R-Motion<\/strong>, che consente una facile regolazione senza attrezzi e allo stesso tempo aumenta la presa e il trasferimento di energia, ottimo anche per le stazioni sciistiche e i noleggi.<\/p>\n<p>Grazie alla sua versatilit\u00e0, reattivit\u00e0 e precisione, il Peregrine 72 \u00e8 la scelta perfetta per chi cerca uno sci ad alte prestazioni per l&#039;uso quotidiano sulle piste battute.<\/p>\n<hr \/>\n<h4><strong>Caratteristiche principali<\/strong><\/h4>\n<ul>\n<li><strong>Sci versatili e versatili<\/strong>\u00a0per piste battute e varie condizioni<\/li>\n<li><strong>Sciancratura radiale 3D<\/strong>\u00a0\u2013 adattamento dinamico alle curve corte e lunghe<\/li>\n<li><strong>Punte in carbonio su misura<\/strong>\u00a0\u2013 curve precise e risposta rapida<\/li>\n<li><strong>Anima in legno multistrato + fianchi completi<\/strong>\u00a0\u2013 stabilit\u00e0, resistenza e presa<\/li>\n<li><strong>Sistema R-Motion Toolless<\/strong>\u00a0\u2013 trasferimento rapido della potenza e regolazione senza attrezzi<\/li>\n<li><strong>P-Tex 4504<\/strong>\u00a0\u2013 superficie di scorrimento sinterizzata per la massima velocit\u00e0 e durata<\/li>\n<li><strong>Tip &amp; Tail Rocker<\/strong>\u00a0\u2013 maneggevolezza fluida e transizioni facili tra le curve<\/li>\n<\/ul>\n<hr \/>\n<h4><strong>Specifiche tecniche<\/strong><\/h4>\n<div class=\"_tableContainer_1rjym_1\">\n<div class=\"group _tableWrapper_1rjym_13 flex w-fit flex-col-reverse\">\n<table class=\"w-fit min-w-(--thread-content-width)\">\n<thead>\n<tr>\n<th>Lunghezza<\/th>\n<th>Geometria (mm)<\/th>\n<th>Raggio (m)<\/th>\n<th>Peso (con attacchi)<\/th>\n<\/tr>\n<\/thead>\n<tbody>\n<tr>\n<td>158 centimetri<\/td>\n<td>122\u201372\u2013103<\/td>\n<td>11.8<\/td>\n<td>\u2013<\/td>\n<\/tr>\n<tr>\n<td>163 centimetri<\/td>\n<td>122\u201372\u2013103<\/td>\n<td>12.7<\/td>\n<td>3140 g<\/td>\n<\/tr>\n<tr>\n<td>168 centimetri<\/td>\n<td>122\u201372\u2013103<\/td>\n<td>13.6<\/td>\n<td>3200 g<\/td>\n<\/tr>\n<tr>\n<td>173 centimetri<\/td>\n<td>122\u201372\u2013103<\/td>\n<td>14.5<\/td>\n<td>3260 g<\/td>\n<\/tr>\n<tr>\n<td>178 centimetri<\/td>\n<td>122\u201372\u2013103<\/td>\n<td>15.5<\/td>\n<td>3320 g<\/td>\n<\/tr>\n<\/tbody>\n<\/table>\n<\/div>\n<\/div>\n<p><strong>Nucleo:<\/strong>\u00a0Anima in legno multistrato<br \/>\n<strong>Costruzione:<\/strong>\u00a0ABS integrale, punte in carbonio su misura, Titanal integrale, vetro 3D<br \/>\n<strong>Profilo:<\/strong>\u00a0Tip &amp; Tail Rocker<br \/>\n<strong>Superficie di scorrimento:<\/strong>\u00a0P-Tex 4504<br \/>\n<strong>Pannello:<\/strong>\u00a0R-Motion senza utensili<br \/>\n<strong>Collegamento:<\/strong>\u00a0Marcatore R-Motion 12 GW<\/p>","protected":false},"excerpt":{"rendered":"<p>Smu\u010di\u00a0V\u00f6lkl\u00a0Peregrine 72 Black + vezi rMotion-T\u00a012<\/p>\n<div class=\"text-base my-auto mx-auto pb-10 [--thread-content-margin:--spacing(4)] thread-sm:[--thread-content-margin:--spacing(6)] thread-lg:[--thread-content-margin:--spacing(16)] px-(--thread-content-margin)\">\n<div class=\"[--thread-content-max-width:40rem] thread-lg:[--thread-content-max-width:48rem] mx-auto max-w-(--thread-content-max-width) flex-1 group\/turn-messages focus-visible:outline-hidden relative flex w-full min-w-0 flex-col agent-turn\">\n<div class=\"flex max-w-full flex-col grow\">\n<div class=\"min-h-8 text-message relative flex w-full flex-col items-end gap-2 text-start break-words whitespace-normal [.text-message+&amp;]:mt-1\">\n<div class=\"flex w-full flex-col gap-1 empty:hidden first:pt-[1px]\">\n<div class=\"markdown prose dark:prose-invert w-full break-words light markdown-new-styling\">\n<p>Vrhunske allround smu\u010di, ustvarjene za \u0161portne smu\u010darje, ki i\u0161\u010dejo popolno kombinacijo natan\u010dnosti, odzivnosti in hitrosti na urejenih progah.<\/p>\n<\/div>\n<\/div>\n<\/div>\n<\/div>\n<\/div>\n<\/div>\n","protected":false},"featured_media":20730,"template":"","meta":{"_acf_changed":false,"inline_featured_image":false,"_monsterinsights_skip_tracking":false,"_monsterinsights_sitenote_active":false,"_monsterinsights_sitenote_note":"","_monsterinsights_sitenote_category":0},"product_brand":[1190],"product_cat":[508],"product_tag":[],"class_list":{"0":"post-13190","1":"product","2":"type-product","3":"status-publish","4":"has-post-thumbnail","6":"product_brand-volkl","7":"product_cat-moske-smuci","8":"pa_velikost-1020","10":"first","11":"instock","12":"sale","13":"taxable","14":"shipping-taxable","15":"purchasable","16":"product-type-variable"},"acf":[],"aioseo_notices":[],"_links":{"self":[{"href":"https:\/\/ritosa.click.si\/it\/wp-json\/wp\/v2\/product\/13190","targetHints":{"allow":["GET"]}}],"collection":[{"href":"https:\/\/ritosa.click.si\/it\/wp-json\/wp\/v2\/product"}],"about":[{"href":"https:\/\/ritosa.click.si\/it\/wp-json\/wp\/v2\/types\/product"}],"wp:featuredmedia":[{"embeddable":true,"href":"https:\/\/ritosa.click.si\/it\/wp-json\/wp\/v2\/media\/20730"}],"wp:attachment":[{"href":"https:\/\/ritosa.click.si\/it\/wp-json\/wp\/v2\/media?parent=13190"}],"wp:term":[{"taxonomy":"product_brand","embeddable":true,"href":"https:\/\/ritosa.click.si\/it\/wp-json\/wp\/v2\/product_brand?post=13190"},{"taxonomy":"product_cat","embeddable":true,"href":"https:\/\/ritosa.click.si\/it\/wp-json\/wp\/v2\/product_cat?post=13190"},{"taxonomy":"product_tag","embeddable":true,"href":"https:\/\/ritosa.click.si\/it\/wp-json\/wp\/v2\/product_tag?post=13190"}],"curies":[{"name":"parola chiave","href":"https:\/\/api.w.org\/{rel}","templated":true}]}}