{"id":13185,"date":"2024-11-14T16:06:32","date_gmt":"2024-11-14T16:06:32","guid":{"rendered":"https:\/\/ritosa.click.si\/?post_type=product&#038;p=13185"},"modified":"2026-03-06T12:06:53","modified_gmt":"2026-03-06T11:06:53","slug":"volkl-flair-72-lady-vmotion-9-2025","status":"publish","type":"product","link":"https:\/\/ritosa.click.si\/it\/negozio\/sciare\/sci\/sci-da-donna\/volkl-flair-72-lady-vmotion-9-2025\/","title":{"rendered":"V\u00f6lkl Flair 72 Lady vMotion 9 2025"},"content":{"rendered":"<div class=\"rte\">\n<p><strong>Sci V\u00f6lkl Flair 72 + attacchi vMotion 9 <\/strong>Sono progettati per i principianti che cercano uno sci adatto sia alla pista che al fuoripista. Il profilo Tip Rocker consente una facile transizione in curva, consentendo una scorrevolezza fluida, una derapata e una migliore curvatura senza perdere il controllo. L&#039;anima in composito offre un flex morbido e flessibile, mentre il Center Sidewall aumenta la stabilit\u00e0 e riduce il peso nella parte centrale dello sci.<\/p>\n<p>Gli attacchi vMotion offrono una connessione confortevole agli sci e sono compatibili con le suole GripWalk per maggiore comfort e resistenza allo scivolamento. Il Flair 72 \u00e8 ideale per i principianti che desiderano iniziare la loro avventura sugli sci.<\/p>\n<p><strong>Caratteristiche:<\/strong><\/p>\n<ul>\n<li>Taglie: 137 \u2013 144 \u2013 151 \u2013 158 \u2013 165<\/li>\n<li>Livello di abilit\u00e0: Principianti<\/li>\n<li>Categoria: Sci All-Mountain<\/li>\n<li>Profilo: tipo Rocker<\/li>\n<li>Nucleo: Nucleo composito<\/li>\n<li>Superficie di scorrimento: P-Tex 2100<\/li>\n<li>Link allegati: vMotion 9<\/li>\n<\/ul>\n<\/div>","protected":false},"excerpt":{"rendered":"<p>\u017denske smu\u010di V\u00f6lkl Flair 72 Lady vMotion 9<\/p>","protected":false},"featured_media":20814,"template":"","meta":{"_acf_changed":false,"inline_featured_image":false,"_monsterinsights_skip_tracking":false,"_monsterinsights_sitenote_active":false,"_monsterinsights_sitenote_note":"","_monsterinsights_sitenote_category":0},"product_brand":[1190],"product_cat":[567],"product_tag":[],"class_list":{"0":"post-13185","1":"product","2":"type-product","3":"status-publish","4":"has-post-thumbnail","6":"product_brand-volkl","7":"product_cat-zenske-smuci","8":"pa_velikost-2214","10":"first","11":"instock","12":"sale","13":"taxable","14":"shipping-taxable","15":"purchasable","16":"product-type-variable"},"acf":[],"aioseo_notices":[],"_links":{"self":[{"href":"https:\/\/ritosa.click.si\/it\/wp-json\/wp\/v2\/product\/13185","targetHints":{"allow":["GET"]}}],"collection":[{"href":"https:\/\/ritosa.click.si\/it\/wp-json\/wp\/v2\/product"}],"about":[{"href":"https:\/\/ritosa.click.si\/it\/wp-json\/wp\/v2\/types\/product"}],"wp:featuredmedia":[{"embeddable":true,"href":"https:\/\/ritosa.click.si\/it\/wp-json\/wp\/v2\/media\/20814"}],"wp:attachment":[{"href":"https:\/\/ritosa.click.si\/it\/wp-json\/wp\/v2\/media?parent=13185"}],"wp:term":[{"taxonomy":"product_brand","embeddable":true,"href":"https:\/\/ritosa.click.si\/it\/wp-json\/wp\/v2\/product_brand?post=13185"},{"taxonomy":"product_cat","embeddable":true,"href":"https:\/\/ritosa.click.si\/it\/wp-json\/wp\/v2\/product_cat?post=13185"},{"taxonomy":"product_tag","embeddable":true,"href":"https:\/\/ritosa.click.si\/it\/wp-json\/wp\/v2\/product_tag?post=13185"}],"curies":[{"name":"parola chiave","href":"https:\/\/api.w.org\/{rel}","templated":true}]}}