{"id":13169,"date":"2024-11-14T15:26:24","date_gmt":"2024-11-14T15:26:24","guid":{"rendered":"https:\/\/ritosa.click.si\/?post_type=product&#038;p=13169"},"modified":"2026-03-06T13:08:26","modified_gmt":"2026-03-06T12:08:26","slug":"volkl-racetiger-jr-vmotion-4-5-100-120-2025","status":"publish","type":"product","link":"https:\/\/ritosa.click.si\/it\/negozio\/sciare\/sci\/sci-per-bambini\/volkl-racetiger-jr-vmotion-4-5-100-120-2025\/","title":{"rendered":"V\u00f6lkl Racetiger JR vMotion 4.5 (120) 2025"},"content":{"rendered":"<p>Gli sci da bambino V\u00f6lkl Racetiger JR Yellow sono perfetti per i giovani principianti che hanno gi\u00e0 padroneggiato le basi dello sci, cos\u00ec come per coloro che desiderano avvicinarsi allo sci agonistico in seguito. L&#039;arco laterale pronunciato consente di eseguire facilmente curve rapide e strette, rendendo lo sci ancora pi\u00f9 divertente. Con un profilo Tip Rocker e un&#039;anima in legno, questi sci offrono una sciata morbida e progressi pi\u00f9 rapidi.<\/p>\n<p>Il sistema vMotion semplifica la regolazione degli attacchi in base alla misura degli scarponi da sci per bambini, poich\u00e9 gli attacchi scorrono semplicemente lungo le guide. Il vantaggio di questo sistema \u00e8 che elimina la necessit\u00e0 di forare ulteriormente gli sci quando il piede del bambino cresce e necessita di scarponi pi\u00f9 grandi.<\/p>\n<p><strong>Collegamenti:<\/strong> Marker vMotion Junior 4.5 GripWalk<\/p>\n<p><strong>Arco laterale:<\/strong> 100 \u2013 68 \u2013 82<\/p>\n<p><strong>Raggio di sterzata:<\/strong> 8,3 m (100 cm), 10,4 m (110 cm), 12,7 m (120 cm)<\/p>\n<p><strong>Caratteristiche:<\/strong><\/p>\n<ul>\n<li><strong>Livello di conoscenza:<\/strong> Giovani sciatori principianti e intermedi<\/li>\n<li><strong>Nucleo composito:<\/strong> Il nucleo in PU sintetico leggero, resistente e flessibile consente un avvolgimento facile senza sforzi eccessivi<\/li>\n<li><strong>Costruzione Full Cap:<\/strong> Strato superiore resistente che abbraccia completamente il nucleo dello sci<\/li>\n<li><strong>Tipo di profilo del bilanciere:<\/strong> La parte anteriore rialzata dello sci consente un ingresso in curva pi\u00f9 facile, un galleggiamento migliore e un superamento pi\u00f9 agevole di piccole asperit\u00e0.<\/li>\n<li><strong>Facile montaggio degli attacchi e regolazione degli scarponi da sci<\/strong><\/li>\n<li><strong>Superficie di scorrimento SKP V2<\/strong><\/li>\n<li><strong>Peso:<\/strong> 1390 gz maglia (110 cm), 1540 g (120 cm)<\/li>\n<li><strong>Link allegati:<\/strong> Marker vMotion Junior 4.5 (GripWalk)<\/li>\n<\/ul>\n<p>Questi sci consentiranno ai bambini di progredire in modo sicuro e veloce, controllando meglio il terreno.<\/p>","protected":false},"excerpt":{"rendered":"<p>Sci per bambini V\u00f6lkl Racetiger JR Giallo<\/p>","protected":false},"featured_media":20848,"template":"","meta":{"_acf_changed":false,"inline_featured_image":false},"product_brand":[1190],"product_cat":[592],"product_tag":[1198],"class_list":{"0":"post-13169","1":"product","2":"type-product","3":"status-publish","4":"has-post-thumbnail","6":"product_brand-volkl","7":"product_cat-otroske-smuci","8":"product_tag-otroci","9":"pa_velikost-120-2","11":"first","12":"instock","13":"sale","14":"taxable","15":"shipping-taxable","16":"purchasable","17":"product-type-variable"},"acf":[],"_links":{"self":[{"href":"https:\/\/ritosa.click.si\/it\/wp-json\/wp\/v2\/product\/13169","targetHints":{"allow":["GET"]}}],"collection":[{"href":"https:\/\/ritosa.click.si\/it\/wp-json\/wp\/v2\/product"}],"about":[{"href":"https:\/\/ritosa.click.si\/it\/wp-json\/wp\/v2\/types\/product"}],"wp:featuredmedia":[{"embeddable":true,"href":"https:\/\/ritosa.click.si\/it\/wp-json\/wp\/v2\/media\/20848"}],"wp:attachment":[{"href":"https:\/\/ritosa.click.si\/it\/wp-json\/wp\/v2\/media?parent=13169"}],"wp:term":[{"taxonomy":"product_brand","embeddable":true,"href":"https:\/\/ritosa.click.si\/it\/wp-json\/wp\/v2\/product_brand?post=13169"},{"taxonomy":"product_cat","embeddable":true,"href":"https:\/\/ritosa.click.si\/it\/wp-json\/wp\/v2\/product_cat?post=13169"},{"taxonomy":"product_tag","embeddable":true,"href":"https:\/\/ritosa.click.si\/it\/wp-json\/wp\/v2\/product_tag?post=13169"}],"curies":[{"name":"parola chiave","href":"https:\/\/api.w.org\/{rel}","templated":true}]}}