{"id":13080,"date":"2024-10-10T16:16:15","date_gmt":"2024-10-10T16:16:15","guid":{"rendered":"https:\/\/ritosa.click.si\/?post_type=product&#038;p=13080"},"modified":"2025-06-23T15:21:02","modified_gmt":"2025-06-23T13:21:02","slug":"kryptonite-set-street-f-150-avenue-r-30","status":"publish","type":"product","link":"https:\/\/ritosa.click.si\/it\/negozio\/kolesarstvo\/kolesarska-oprema\/dodatna-oprema-in-rezervni-deli\/luci-zarometi\/kryptonite-set-street-f-150-avenue-r-30\/","title":{"rendered":"Kryptonite SET STREET F-150+AVENUE R-30"},"content":{"rendered":"<ul>\n<li>Le modalit\u00e0 frontali includono luminosit\u00e0 ALTA 150lm, luminosit\u00e0 MEDIA 75lm, luminosit\u00e0 BASSA 30lm, lampeggiante DIURNO 150lm, lampeggiante NOTTURNO 30\/60lm e lampeggiante ECO 30lm.<\/li>\n<li>Le ultime modalit\u00e0 includono ALTA luminosit\u00e0 30lm, BASSA luminosit\u00e0 10lm, GIORNO lampeggiante 30lm, NOTTE lampeggiante 5\/15lm e ECO lampeggiante 5lm.<\/li>\n<li>Ricarica tramite USB.<\/li>\n<li>Tempo di percorrenza fino a 24 ore (Street F-150) e 7,5 ore (Avenue R-30)<\/li>\n<li>Funzione di memoria: la luce si accender\u00e0 nell&#039;ultima modalit\u00e0 in cui \u00e8 stata spenta<\/li>\n<li>Funzione di risparmio energetico: con potenza pari o inferiore a 10 %, le luci passano automaticamente al lumen pi\u00f9 basso<\/li>\n<li>Molteplici opzioni di montaggio: opzioni di montaggio verticale o orizzontale, nonch\u00e9 una clip per il fissaggio a borse o cinture.<\/li>\n<li>Indicatori della batteria integrati<\/li>\n<li>Strada F-150 \u2013 Illuminazione rossa = meno di 25%, Giallo = 50% \u2013 25%, Verde = completamente carica<\/li>\n<li>Avenue R-30 - Illuminazione rossa = meno di 25 %, verde = completamente carica<\/li>\n<\/ul>","protected":false},"excerpt":{"rendered":"<p>Il set di potenti luci per bicicletta Kryptonite STREET F-150 + AVENUE R-30 \u00e8 adatto a chiunque pedali di notte e voglia vedere ed essere visto. Ricaricabile tramite USB, con indicatore di carica della batteria e bordo luminoso laterale per una maggiore visibilit\u00e0 laterale. Flusso luminoso di 150 lm all&#039;anteriore e 30 lm al posteriore.<\/p>","protected":false},"featured_media":13081,"template":"","meta":{"_acf_changed":false,"inline_featured_image":false,"_monsterinsights_skip_tracking":false,"_monsterinsights_sitenote_active":false,"_monsterinsights_sitenote_note":"","_monsterinsights_sitenote_category":0},"product_brand":[],"product_cat":[534],"product_tag":[],"class_list":{"0":"post-13080","1":"product","2":"type-product","3":"status-publish","4":"has-post-thumbnail","6":"product_cat-luci-zarometi","8":"first","9":"instock","10":"sale","11":"taxable","12":"shipping-taxable","13":"purchasable","14":"product-type-simple"},"acf":[],"aioseo_notices":[],"_links":{"self":[{"href":"https:\/\/ritosa.click.si\/it\/wp-json\/wp\/v2\/product\/13080","targetHints":{"allow":["GET"]}}],"collection":[{"href":"https:\/\/ritosa.click.si\/it\/wp-json\/wp\/v2\/product"}],"about":[{"href":"https:\/\/ritosa.click.si\/it\/wp-json\/wp\/v2\/types\/product"}],"wp:featuredmedia":[{"embeddable":true,"href":"https:\/\/ritosa.click.si\/it\/wp-json\/wp\/v2\/media\/13081"}],"wp:attachment":[{"href":"https:\/\/ritosa.click.si\/it\/wp-json\/wp\/v2\/media?parent=13080"}],"wp:term":[{"taxonomy":"product_brand","embeddable":true,"href":"https:\/\/ritosa.click.si\/it\/wp-json\/wp\/v2\/product_brand?post=13080"},{"taxonomy":"product_cat","embeddable":true,"href":"https:\/\/ritosa.click.si\/it\/wp-json\/wp\/v2\/product_cat?post=13080"},{"taxonomy":"product_tag","embeddable":true,"href":"https:\/\/ritosa.click.si\/it\/wp-json\/wp\/v2\/product_tag?post=13080"}],"curies":[{"name":"parola chiave","href":"https:\/\/api.w.org\/{rel}","templated":true}]}}