{"id":13078,"date":"2024-10-10T16:09:58","date_gmt":"2024-10-10T16:09:58","guid":{"rendered":"https:\/\/ritosa.click.si\/?post_type=product&#038;p=13078"},"modified":"2025-09-16T17:07:04","modified_gmt":"2025-09-16T15:07:04","slug":"kryptonite-avenue-r-45","status":"publish","type":"product","link":"https:\/\/ritosa.click.si\/it\/negozio\/kolesarstvo\/kolesarska-oprema\/dodatna-oprema-in-rezervni-deli\/luci-zarometi\/kryptonite-avenue-r-45\/","title":{"rendered":"Luce KRYPTONITE AVENUE R-45"},"content":{"rendered":"<ul>\n<li>RICARICA USB \u2014 Non sono necessarie batterie<\/li>\n<li>Tempo di funzionamento fino a 12 ORE<\/li>\n<li>Le luci laterali consentono al ciclista di essere visto mentre pedala nelle corsie di traffico<\/li>\n<li>La spia della funzione di memoria si accender\u00e0 nell&#039;ultima modalit\u00e0 in cui \u00e8 stata spenta.<\/li>\n<li>Funzione di risparmio energetico: con potenza pari o inferiore a 10 %, le luci passano automaticamente al lumen pi\u00f9 basso<\/li>\n<li>Indicatore della batteria integrato: illuminazione rossa = meno di 25 %, verde = completamente carica<\/li>\n<li>Molteplici opzioni di montaggio: opzioni di montaggio verticale o orizzontale, include anche una clip per il fissaggio a zaini, borse o cinture<\/li>\n<li>https:\/\/youtu.be\/dD30gAgIgMQ<\/li>\n<\/ul>","protected":false},"excerpt":{"rendered":"<p>La LUCE POSTERIORE PER BICICLETTA KRYPTONITE AVENUE R-45 \u00e8 una luce posteriore per bicicletta leggera e semplice, con ricarica USB, indicatore di carica e bordo luminoso laterale per una maggiore visibilit\u00e0 laterale. Flusso luminoso 45 lm.<\/p>","protected":false},"featured_media":13079,"template":"","meta":{"_acf_changed":false,"inline_featured_image":false,"_monsterinsights_skip_tracking":false,"_monsterinsights_sitenote_active":false,"_monsterinsights_sitenote_note":"","_monsterinsights_sitenote_category":0},"product_brand":[1519],"product_cat":[534],"product_tag":[1517,1516,1518],"class_list":{"0":"post-13078","1":"product","2":"type-product","3":"status-publish","4":"has-post-thumbnail","6":"product_brand-kryptonite","7":"product_cat-luci-zarometi","8":"product_tag-luci","9":"product_tag-luci-kryptonite","10":"product_tag-zadja-luc-za-kolo","12":"first","13":"instock","14":"sale","15":"taxable","16":"shipping-taxable","17":"purchasable","18":"product-type-simple"},"acf":[],"aioseo_notices":[],"_links":{"self":[{"href":"https:\/\/ritosa.click.si\/it\/wp-json\/wp\/v2\/product\/13078","targetHints":{"allow":["GET"]}}],"collection":[{"href":"https:\/\/ritosa.click.si\/it\/wp-json\/wp\/v2\/product"}],"about":[{"href":"https:\/\/ritosa.click.si\/it\/wp-json\/wp\/v2\/types\/product"}],"wp:featuredmedia":[{"embeddable":true,"href":"https:\/\/ritosa.click.si\/it\/wp-json\/wp\/v2\/media\/13079"}],"wp:attachment":[{"href":"https:\/\/ritosa.click.si\/it\/wp-json\/wp\/v2\/media?parent=13078"}],"wp:term":[{"taxonomy":"product_brand","embeddable":true,"href":"https:\/\/ritosa.click.si\/it\/wp-json\/wp\/v2\/product_brand?post=13078"},{"taxonomy":"product_cat","embeddable":true,"href":"https:\/\/ritosa.click.si\/it\/wp-json\/wp\/v2\/product_cat?post=13078"},{"taxonomy":"product_tag","embeddable":true,"href":"https:\/\/ritosa.click.si\/it\/wp-json\/wp\/v2\/product_tag?post=13078"}],"curies":[{"name":"parola chiave","href":"https:\/\/api.w.org\/{rel}","templated":true}]}}