{"id":13018,"date":"2024-09-10T12:33:47","date_gmt":"2024-09-10T12:33:47","guid":{"rendered":"https:\/\/ritosa.click.si\/?post_type=product&#038;p=13018"},"modified":"2026-03-22T17:35:34","modified_gmt":"2026-03-22T16:35:34","slug":"cube-supreme-sport-hybrid-pro-500","status":"publish","type":"product","link":"https:\/\/ritosa.click.si\/it\/negozio\/kolesarstvo\/kolesa\/elektricna-kolesa\/mestna-elektricna-kolesa\/cube-supreme-sport-hybrid-pro-500\/","title":{"rendered":"CUBE SUPREME SPORT HYBRID PRO 500"},"content":{"rendered":"<p><strong>CUBE SUPREME SPORT HYBRID PRO<\/strong><\/p>\n<p>La Supreme Sport Hybrid Pro 500 Cube \u00e8 la e-bike ideale per la citt\u00e0 e per i viaggi pi\u00f9 lunghi fuori citt\u00e0. Il telaio Supreme Hybrid \u00e8 progettato per essere semplice, elegante, sicuro e pratico. Il sistema di batteria da 500 Wh completamente integrato \u00e8 nascosto nel tubo obliquo e protetto da acqua e polvere. Il portapacchi semi-integrato ti consente di trasportare in sicurezza tutto ci\u00f2 di cui hai bisogno, e il sistema di trasmissione Bosch Performance funziona perfettamente con il cambio Shimano facile da usare per portarti a destinazione. Le saldature lisce creano un aspetto organico che completa il design elegante, mentre il design Easy Entry la rende facile da usare.<\/p>\n<p><em>Peso totale massimo consentito (compreso il peso della bici): 135 kg<\/em><\/p>\n<p><em><em>Taglie Easy Entry: XS (46 cm), S (50 cm), M (54 cm), L (58 cm)<\/em><\/em><\/p>\n<h3><strong>Specifiche<\/strong><\/h3>\n<p><strong>Motore:<\/strong> Unit\u00e0 di trasmissione Bosch Performance Generation 3 (75 Nm) Cruise (250 W), sistema intelligente<br \/>\n<strong>Batteria:<\/strong> Bosch PowerTube 500<br \/>\n<strong>Caricabatterie:<\/strong> Bosch 2A<br \/>\n<strong>Display:<\/strong> Bosch Kiox 300<br \/>\n<strong>Telaio:<\/strong> Alluminio Superlite, geometria Comfort Ride, tubo sterzo conico, comfort e sicurezza superiori, portapacchi semi-integrato, batteria completamente integrata<br \/>\n<strong>Forcella:<\/strong> SR Suntour NEX-E25 UFO, 50 mm, con blocco<br \/>\n<strong>Cuscinetto del sistema di sterzo:<\/strong> ACROS AZF-1039, 1 1\/8\u2033 dritto, Zero-Stack superiore 1 1\/8\u2033 (ZS 44 mm), Zero-Stack inferiore 1 1\/2\u2033 (ZS 56 mm)<br \/>\n<strong>Supporto manubrio:<\/strong> Attacco manubrio CUBE Comfort Stem Pro, 31,8 mm, regolabile<br \/>\n<strong>Manubrio:<\/strong> Barra CUBE Comfort Shape<br \/>\n<strong>Manopole:<\/strong> ACID Travel Comfort<br \/>\n<strong>Deragliatore posteriore:<\/strong> Shimano Deore RD-M5120-SGS, 10 marce<br \/>\n<strong>Leva del cambio:<\/strong> Shimano Deore SL-M4100-IR, attacco diretto, Rapidfire-Plus<br \/>\n<strong>Freni:<\/strong> Shimano BR-MT420\/MT410, freni a disco idraulici (180\/180 mm)<br \/>\n<strong>Guidare:<\/strong> Guarnitura ACID E, 38T, 165mm<br \/>\n<strong>Pedali:<\/strong> Trekking ACID PP<br \/>\n<strong>Catena:<\/strong> KMC X10<br \/>\n<strong>Pignone (cassetta):<\/strong> Shimano Deore CS-M4100, 11-46T<br \/>\n<strong>Mozzo anteriore:<\/strong> Shimano HB-TX505, QR, Centerlock<br \/>\n<strong>Mozzo posteriore:<\/strong> Shimano FH-TX505, QR, Centerlock<br \/>\n<strong>Cerchi:<\/strong> CUBE EX23, 36 fori, disco, tubeless ready<br \/>\n<strong>Pneumatici:<\/strong> Conti Contact Urban, SafetyPro, 50-622<br \/>\n<strong>Sella:<\/strong> Shen in forma naturale<br \/>\n<strong>Reggisella:<\/strong> Reggisella ammortizzato CUBE HD, 30,9 mm<br \/>\n<strong>Luce anteriore:<\/strong> Luce anteriore ACID PRO-E 60, 12V, DC<br \/>\n<strong>Luce posteriore:<\/strong> Fanale posteriore parafango ACID PRO-E, 12V, CC<br \/>\n<strong>Campanello:<\/strong> Campana facile<br \/>\n<strong>Parafanghi:<\/strong> ACID 56 BB-Mount<br \/>\n<strong>Portapacchi:<\/strong> Semi-integrato ACID, compatibile con l&#039;adattatore ACID RILink<br \/>\n<strong>Zampa:<\/strong> Supporto ACID FM Pure<br \/>\n<strong>Peso:<\/strong> 26,6 kg<\/p>","protected":false},"excerpt":{"rendered":"<p>Bicicletta elettrica Cube Supreme Sport Hybrid Pro 500 Grey &#039;n&#039; Grey \u2013 Easy Entry<\/p>\n<p><span style=\"color: #2c9ffd\">POSSIBILIT\u00c0 DI RICHIEDERE ULTERIORI SUSSIDI -25%<\/span><\/p>","protected":false},"featured_media":13020,"template":"","meta":{"_acf_changed":false,"inline_featured_image":false},"product_brand":[1192],"product_cat":[630,649],"product_tag":[],"class_list":{"0":"post-13018","1":"product","2":"type-product","3":"status-publish","4":"has-post-thumbnail","6":"product_brand-cube","7":"product_cat-mestna-elektricna-kolesa","8":"product_cat-treking-elektricna-kolesa","9":"pa_velikost-773","11":"first","12":"instock","13":"sale","14":"taxable","15":"shipping-taxable","16":"purchasable","17":"product-type-variable"},"acf":[],"_links":{"self":[{"href":"https:\/\/ritosa.click.si\/it\/wp-json\/wp\/v2\/product\/13018","targetHints":{"allow":["GET"]}}],"collection":[{"href":"https:\/\/ritosa.click.si\/it\/wp-json\/wp\/v2\/product"}],"about":[{"href":"https:\/\/ritosa.click.si\/it\/wp-json\/wp\/v2\/types\/product"}],"wp:featuredmedia":[{"embeddable":true,"href":"https:\/\/ritosa.click.si\/it\/wp-json\/wp\/v2\/media\/13020"}],"wp:attachment":[{"href":"https:\/\/ritosa.click.si\/it\/wp-json\/wp\/v2\/media?parent=13018"}],"wp:term":[{"taxonomy":"product_brand","embeddable":true,"href":"https:\/\/ritosa.click.si\/it\/wp-json\/wp\/v2\/product_brand?post=13018"},{"taxonomy":"product_cat","embeddable":true,"href":"https:\/\/ritosa.click.si\/it\/wp-json\/wp\/v2\/product_cat?post=13018"},{"taxonomy":"product_tag","embeddable":true,"href":"https:\/\/ritosa.click.si\/it\/wp-json\/wp\/v2\/product_tag?post=13018"}],"curies":[{"name":"parola chiave","href":"https:\/\/api.w.org\/{rel}","templated":true}]}}