{"id":12969,"date":"2024-07-19T12:54:18","date_gmt":"2024-07-19T12:54:18","guid":{"rendered":"https:\/\/ritosa.click.si\/?post_type=product&#038;p=12969"},"modified":"2026-03-22T12:21:52","modified_gmt":"2026-03-22T11:21:52","slug":"cube-reaction-hybrid-pro-800-2025","status":"publish","type":"product","link":"https:\/\/ritosa.click.si\/it\/negozio\/kolesarstvo\/kolesa\/elektricna-kolesa\/gorska-elektricna-kolesa\/cube-reaction-hybrid-pro-800-2025\/","title":{"rendered":"CUBE REACTION HYBRID PRO 600"},"content":{"rendered":"<p><strong>CUBE REACTION HYBRID PRO 600<\/strong><\/p>\n<p>Specializirani smo za vrhunsko oblikovanje okvirjev in Reaction Hybrid ni izjema. Z diskretno integrirano PowerTube baterijo z zmogljivostjo 600 Wh in \u010dvrsto vgrajenim Bosch CX motorjem njegove elegantne linije skrivajo \u0161tevilne pametne funkcije. Pripravljen je na sistem PowerMore, ki omogo\u010da enostavno raz\u0161iritev z do 250 Wh dodatne kapacitete.<\/p>\n<p>Il morsetto reggisella integrato e il passaggio cavi interno ne esaltano l&#039;estetica pulita, mentre il forcellino del cambio UDH predispone la bici per futuri upgrade. Il supporto integrato per il guidacatena e la compatibilit\u00e0 con i parafanghi ACID la rendono ancora pi\u00f9 pratica. Grazie al sistema Size Split, \u00e8 facile trovare la taglia perfetta per ogni ciclista. Abbiamo pensato a tutto, cos\u00ec puoi solo goderti la pedalata.<\/p>\n<p><em>Peso totale massimo consentito (inclusa la bicicletta): 140 kg<\/em><\/p>\n<p><em>Divisione delle dimensioni:<\/em><\/p>\n<ul>\n<li><em> S = 27,5&quot;\u201d<\/em><\/li>\n<li><em> M, L, XL, XXL = 29&quot;\u201d<\/em><\/li>\n<\/ul>\n<h3><strong>Specifiche<\/strong><\/h3>\n<p><strong>Motore:<\/strong> Bosch Performance Line CX 85 Nm (BDU38), sistema intelligente<br \/>\n<strong>Batteria:<\/strong> Bosch PowerTube 600<br \/>\n<strong>Caricabatterie:<\/strong> Bosch 2A<br \/>\n<strong>Display:<\/strong> Bosch Purion 200 con display integrato<br \/>\n<strong>Telaio:<\/strong> Alluminio Superlite, fusione a gravit\u00e0, geometria Agile Ride, Boost 148, UDH\u2122, batteria completamente integrata, passaggio cavi interno, supporti per cavalletto\/parafango\/portapacchi, morsetto reggisella integrato<br \/>\n<strong>Forcella:<\/strong> SR Suntour X1-32 LO-R Air, conico, 15x110 mm, 120 mm (27,5: 100 mm)<br \/>\n<strong>Serie sterzo:<\/strong> ACROS AZF-1034, ICR, Zero-Stack 1 1\/2\u2033 (superiore e inferiore)<br \/>\n<strong>Supporto manubrio:<\/strong> Attacco manubrio CUBE Performance E-MTB 35, FPI-Link<br \/>\n<strong>Manubrio:<\/strong> Manubrio CUBE Rise Trail 35<br \/>\n<strong>Manopole:<\/strong> ACID React Pro<br \/>\n<strong>Deragliatore posteriore:<\/strong> Shimano XT RD-M8100-SGS, ShadowPlus, 12 velocit\u00e0<br \/>\n<strong>Leva del cambio:<\/strong> Shimano Deore SL-M6100-R, Rapidfire Plus<br \/>\n<strong>Freni:<\/strong> Shimano BR-MT200, freni a disco idraulici (180 mm)<br \/>\n<strong>Guidare:<\/strong> ACID MTB Hybrid Pro, 38T<br \/>\n<strong>Pedali:<\/strong> ACIDO PP MTB<br \/>\n<strong>Guida catena:<\/strong> Guida per catena portacavi con guida a ribaltamento inversa, montaggio diretto, piastra a I<br \/>\n<strong>Cassetta:<\/strong> Shimano Deore CS-M6100, 10-51T<br \/>\n<strong>Mozzo anteriore:<\/strong> CUBE di Newmen, 15 mm, Boost, Centerlock<br \/>\n<strong>Mozzo posteriore:<\/strong> CUBE di Newmen, 12 mm, Boost, Centerlock<br \/>\n<strong>Cerchi:<\/strong> CUBE EX30, 32 fori, disco, tubeless ready<br \/>\n<strong>Pneumatici:<\/strong> Schwalbe Smart Sam, Attivo, 2.6<br \/>\n<strong>Sella:<\/strong> Sequenza ACID Pro 160<br \/>\n<strong>Reggisella:<\/strong> Reggisella telescopico CUBE, controllo manubrio, passaggio cavi interno, 31,6 mm<br \/>\n<strong>Peso:<\/strong> 24,3 kg<\/p>","protected":false},"excerpt":{"rendered":"<p>Elektri\u010dno gorsko kolo Cube Reaction Hybrid Pro 600 Metallicgrey &#8216;n&#8217; Black<\/p>","protected":false},"featured_media":12974,"template":"","meta":{"_acf_changed":false,"inline_featured_image":false,"_monsterinsights_skip_tracking":false,"_monsterinsights_sitenote_active":false,"_monsterinsights_sitenote_note":"","_monsterinsights_sitenote_category":0},"product_brand":[1192],"product_cat":[629],"product_tag":[],"class_list":{"0":"post-12969","1":"product","2":"type-product","3":"status-publish","4":"has-post-thumbnail","6":"product_brand-cube","7":"product_cat-gorska-elektricna-kolesa","8":"pa_velikost-m","10":"first","11":"instock","12":"sale","13":"taxable","14":"shipping-taxable","15":"purchasable","16":"product-type-variable"},"acf":[],"aioseo_notices":[],"_links":{"self":[{"href":"https:\/\/ritosa.click.si\/it\/wp-json\/wp\/v2\/product\/12969","targetHints":{"allow":["GET"]}}],"collection":[{"href":"https:\/\/ritosa.click.si\/it\/wp-json\/wp\/v2\/product"}],"about":[{"href":"https:\/\/ritosa.click.si\/it\/wp-json\/wp\/v2\/types\/product"}],"wp:featuredmedia":[{"embeddable":true,"href":"https:\/\/ritosa.click.si\/it\/wp-json\/wp\/v2\/media\/12974"}],"wp:attachment":[{"href":"https:\/\/ritosa.click.si\/it\/wp-json\/wp\/v2\/media?parent=12969"}],"wp:term":[{"taxonomy":"product_brand","embeddable":true,"href":"https:\/\/ritosa.click.si\/it\/wp-json\/wp\/v2\/product_brand?post=12969"},{"taxonomy":"product_cat","embeddable":true,"href":"https:\/\/ritosa.click.si\/it\/wp-json\/wp\/v2\/product_cat?post=12969"},{"taxonomy":"product_tag","embeddable":true,"href":"https:\/\/ritosa.click.si\/it\/wp-json\/wp\/v2\/product_tag?post=12969"}],"curies":[{"name":"parola chiave","href":"https:\/\/api.w.org\/{rel}","templated":true}]}}