{"id":12675,"date":"2024-02-28T11:16:34","date_gmt":"2024-02-28T11:16:34","guid":{"rendered":"https:\/\/ritosa.click.si\/?post_type=product&#038;p=12675"},"modified":"2026-03-07T19:04:10","modified_gmt":"2026-03-07T18:04:10","slug":"otroske-rokavice-reusch-tommy-gtx-junior-2","status":"publish","type":"product","link":"https:\/\/ritosa.click.si\/it\/negozio\/sciare\/smucarska-oprema\/smucarske-rokavice\/otroske-smucarske-rokavice\/otroske-rokavice-reusch-tommy-gtx-junior-2\/","title":{"rendered":"Guanti da sci Reusch Tommy GTX Junior"},"content":{"rendered":"<p>guanti da sci <strong data-start=\"19\" data-end=\"46\">Reusch Tommy GTX Junior<\/strong> so kakovostne otro\u0161ke rokavice, zasnovane za toploto, udobje in za\u0161\u010dito med zimskimi \u0161porti. Opremljene so z <strong data-start=\"156\" data-end=\"177\">membrano GORE-TEX<\/strong>, ki je vodoodporna, odporna proti vetru in hkrati zelo zra\u010dna, zato roke ostanejo suhe tudi v mokrem snegu. Toploto zagotavlja <strong data-start=\"305\" data-end=\"327\">TecFill\u2122 izolacija<\/strong>, ki u\u010dinkovito greje brez ob\u010dutka te\u017ee ali pregrevanja. Mehka <strong data-start=\"390\" data-end=\"413\">MicroActive podloga<\/strong> poskrbi za prijeten ob\u010dutek in dodatno udobje med no\u0161enjem. Nastavljiv trak na zapestju omogo\u010da dobro prileganje in stabilnost rokavic med smu\u010danjem ali igro na snegu.<\/p>","protected":false},"excerpt":{"rendered":"<p>Otro\u0161ke smu\u010darske rokavice Reusch Tommy GTX Junior<\/p>","protected":false},"featured_media":12678,"template":"","meta":{"_acf_changed":false,"inline_featured_image":false},"product_brand":[683],"product_cat":[605],"product_tag":[1198],"class_list":{"0":"post-12675","1":"product","2":"type-product","3":"status-publish","4":"has-post-thumbnail","6":"product_brand-reusch","7":"product_cat-otroske-smucarske-rokavice","8":"product_tag-otroci","9":"pa_velikost-4-5","11":"first","12":"instock","13":"sale","14":"taxable","15":"shipping-taxable","16":"purchasable","17":"product-type-variable"},"acf":[],"_links":{"self":[{"href":"https:\/\/ritosa.click.si\/it\/wp-json\/wp\/v2\/product\/12675","targetHints":{"allow":["GET"]}}],"collection":[{"href":"https:\/\/ritosa.click.si\/it\/wp-json\/wp\/v2\/product"}],"about":[{"href":"https:\/\/ritosa.click.si\/it\/wp-json\/wp\/v2\/types\/product"}],"wp:featuredmedia":[{"embeddable":true,"href":"https:\/\/ritosa.click.si\/it\/wp-json\/wp\/v2\/media\/12678"}],"wp:attachment":[{"href":"https:\/\/ritosa.click.si\/it\/wp-json\/wp\/v2\/media?parent=12675"}],"wp:term":[{"taxonomy":"product_brand","embeddable":true,"href":"https:\/\/ritosa.click.si\/it\/wp-json\/wp\/v2\/product_brand?post=12675"},{"taxonomy":"product_cat","embeddable":true,"href":"https:\/\/ritosa.click.si\/it\/wp-json\/wp\/v2\/product_cat?post=12675"},{"taxonomy":"product_tag","embeddable":true,"href":"https:\/\/ritosa.click.si\/it\/wp-json\/wp\/v2\/product_tag?post=12675"}],"curies":[{"name":"parola chiave","href":"https:\/\/api.w.org\/{rel}","templated":true}]}}