{"id":12672,"date":"2024-02-28T10:47:16","date_gmt":"2024-02-28T10:47:16","guid":{"rendered":"https:\/\/ritosa.click.si\/?post_type=product&#038;p=12672"},"modified":"2026-03-06T18:40:05","modified_gmt":"2026-03-06T17:40:05","slug":"marker-squad-jr-4","status":"publish","type":"product","link":"https:\/\/ritosa.click.si\/it\/negozio\/sciare\/smucarska-oprema\/smucarske-celade\/otroske-smucarske-celade\/marker-squad-jr-4\/","title":{"rendered":"Marker Squad JR"},"content":{"rendered":"<p><span class=\"HwtZe\" lang=\"sl\" xml:lang=\"sl\"><span class=\"jCAhz ChMk0b\"><span class=\"ryNqvb\">Il casco SQUAD JUNIOR, estremamente resistente, \u00e8 pensato per tutti quei bambini coraggiosi che si impegnano diligentemente per mettere alla prova le leggi della gravit\u00e0.<\/span><\/span> Con<span class=\"jCAhz ChMk0b\"><span class=\"ryNqvb\">La struttura rigida Elo con nucleo in EPS antiurto e calotta in ABS leggera ma resistente garantisce maggiore protezione, funzionalit\u00e0 e stile.<\/span><\/span> <span class=\"jCAhz ChMk0b\"><span class=\"ryNqvb\">Il SISTEMA DI CANALI MarkAIR e la RTS WHEEL per la regolazione della taglia consentono una facile regolazione, una vestibilit\u00e0 perfetta e un eccellente controllo del calore.<\/span><\/span> <span class=\"jCAhz ChMk0b\"><span class=\"ryNqvb\">Se preferisci indossare un berretto sotto il casco: la fodera Xdry Performance pu\u00f2 essere rimossa in un attimo.<\/span><\/span><\/span><\/p>\n<table>\n<tbody>\n<tr>\n<td>Certificato di sicurezza<\/td>\n<td>CE-EN-1077-2007-Classe-B<\/td>\n<\/tr>\n<tr>\n<td>Protezione<\/td>\n<td><span class=\"array-item\">Protezione dei bordi in EPS<\/span><\/td>\n<\/tr>\n<tr>\n<td>Comfort<\/td>\n<td><span class=\"array-item\">Cuscinetti auricolari FISSI <span class=\"comma\">,<\/span><\/span><span class=\"array-item\"> Rivestimento Xdry <\/span><\/td>\n<\/tr>\n<tr>\n<td>Caratteristiche speciali<\/td>\n<td><span class=\"array-item\">Pronto per il berretto<\/span><\/td>\n<\/tr>\n<tr>\n<td>Costruzione<\/td>\n<td>Guscio rigido in ABS<\/td>\n<\/tr>\n<\/tbody>\n<\/table>","protected":false},"excerpt":{"rendered":"<p>Otro\u0161ka smu\u010darska \u010delada Marker Squad JR<\/p>","protected":false},"featured_media":12674,"template":"","meta":{"_acf_changed":false,"inline_featured_image":false,"_monsterinsights_skip_tracking":false,"_monsterinsights_sitenote_active":false,"_monsterinsights_sitenote_note":"","_monsterinsights_sitenote_category":0},"product_brand":[2242],"product_cat":[569],"product_tag":[],"class_list":{"0":"post-12672","1":"product","2":"type-product","3":"status-publish","4":"has-post-thumbnail","6":"product_brand-marker","7":"product_cat-otroske-smucarske-celade","8":"pa_velikost-51-56","10":"first","11":"instock","12":"sale","13":"taxable","14":"shipping-taxable","15":"purchasable","16":"product-type-variable"},"acf":[],"aioseo_notices":[],"_links":{"self":[{"href":"https:\/\/ritosa.click.si\/it\/wp-json\/wp\/v2\/product\/12672","targetHints":{"allow":["GET"]}}],"collection":[{"href":"https:\/\/ritosa.click.si\/it\/wp-json\/wp\/v2\/product"}],"about":[{"href":"https:\/\/ritosa.click.si\/it\/wp-json\/wp\/v2\/types\/product"}],"wp:featuredmedia":[{"embeddable":true,"href":"https:\/\/ritosa.click.si\/it\/wp-json\/wp\/v2\/media\/12674"}],"wp:attachment":[{"href":"https:\/\/ritosa.click.si\/it\/wp-json\/wp\/v2\/media?parent=12672"}],"wp:term":[{"taxonomy":"product_brand","embeddable":true,"href":"https:\/\/ritosa.click.si\/it\/wp-json\/wp\/v2\/product_brand?post=12672"},{"taxonomy":"product_cat","embeddable":true,"href":"https:\/\/ritosa.click.si\/it\/wp-json\/wp\/v2\/product_cat?post=12672"},{"taxonomy":"product_tag","embeddable":true,"href":"https:\/\/ritosa.click.si\/it\/wp-json\/wp\/v2\/product_tag?post=12672"}],"curies":[{"name":"parola chiave","href":"https:\/\/api.w.org\/{rel}","templated":true}]}}