{"id":12570,"date":"2023-11-15T18:05:45","date_gmt":"2023-11-15T18:05:45","guid":{"rendered":"https:\/\/ritosa.click.si\/?post_type=product&#038;p=12570"},"modified":"2026-03-05T11:53:29","modified_gmt":"2026-03-05T10:53:29","slug":"dalbello-green-veloce-max-ltd","status":"publish","type":"product","link":"https:\/\/ritosa.click.si\/it\/negozio\/sciare\/smucarska-oprema\/smucarski-cevlji\/moski-smucarski-cevlji\/dalbello-green-veloce-max-ltd\/","title":{"rendered":"Dalbello Green Veloce Max LTD"},"content":{"rendered":"<div class=\"group w-full text-token-text-primary border-b border-black\/10 gizmo:border-0 dark:border-gray-900\/50 gizmo:dark:border-0 bg-gray-50 gizmo:bg-transparent dark:bg-[#444654] gizmo:dark:bg-transparent\">\n<div class=\"p-4 gizmo:py-2 justify-center text-base md:gap-6 md:py-6 m-auto\">\n<div class=\"flex flex-1 gap-4 text-base mx-auto md:gap-6 gizmo:gap-3 gizmo:md:px-5 gizmo:lg:px-1 gizmo:xl:px-5 md:max-w-2xl lg:max-w-[38rem] gizmo:md:max-w-3xl gizmo:lg:max-w-[40rem] gizmo:xl:max-w-[48rem] xl:max-w-3xl }\">\n<div class=\"relative flex w-[calc(100%-50px)] flex-col gizmo:w-full lg:w-[calc(100%-115px)] agent-turn\">\n<div class=\"flex-col gap-1 md:gap-3\">\n<div class=\"flex flex-grow flex-col max-w-full gap-3 gizmo:gap-0\">\n<div class=\"min-h-[20px] text-message peer flex flex-col items-start gap-3 whitespace-pre-wrap break-words peer-[.text-message]:mt-5 overflow-x-auto\">\n<div class=\"markdown prose w-full break-words dark:prose-invert light\">\n<p>S smu\u010darskim \u010devljem\u00a0Green Veloce Max LTD blagovne znamke Dalbello ne dobite le visokokakovosten in eleganten smu\u010darski \u010develj, temve\u010d tudi izdelek, zasnovan za najvi\u0161jo zmogljivost in udobje. Smu\u010darski \u010develj ponuja popolno prileganje, kar vam omogo\u010da, da na smu\u010di\u0161\u010du izkoristite svoj polni potencial.<\/p>\n<p>Zahvaljujo\u010d mo\u017enosti GripWalk imate izbolj\u0161an nadzor nad smu\u010dmi, kar omogo\u010da natan\u010dno obra\u010danje. Tradicionalna konstrukcija s prekrivanjem zagotavlja stabilnost in podporo, medtem ko Center Balanced Stance omogo\u010da optimalno porazdelitev te\u017ee. Smu\u010darski \u010develj\u00a0Green Veloce Max LTD ima tudi enostaven vstop in obliko ovratnika s kavlji, ki zagotavlja dodatno oporo in udobje.<\/p>\n<ul>\n<li>Mo\u017enost GripWalk &#8211; izbolj\u0161an nadzor<\/li>\n<li>Tradicionalna konstrukcija y prekrivajem &#8211; stabilna konstrukcija<\/li>\n<li>Center Balanced Stance &#8211; optimalna porazdelitev te\u017ee<\/li>\n<li>Enostaven vstop &#8211; enostaven vstop<\/li>\n<li>Oblika ovratnika s kavlji &#8211; dodatna opora in udobje<\/li>\n<\/ul>\n<h4><strong>Tabela velikosti<\/strong><\/h4>\n<table class=\"w-fit min-w-(--thread-content-width)\">\n<thead>\n<tr>\n<th>Dol\u017eina podplata (mm)<\/th>\n<th>Mondo Point<\/th>\n<th>US \u2013 Mo\u0161ki<\/th>\n<th>US \u2013 \u017denske<\/th>\n<th>EU<\/th>\n<th>UK<\/th>\n<\/tr>\n<\/thead>\n<tbody>\n<tr>\n<td>278<\/td>\n<td>23.5<\/td>\n<td>&#8211;<\/td>\n<td>6.5<\/td>\n<td>37.5<\/td>\n<td>4.5<\/td>\n<\/tr>\n<tr>\n<td>288<\/td>\n<td>24.5<\/td>\n<td>6.5<\/td>\n<td>7.5<\/td>\n<td>39<\/td>\n<td>5.5<\/td>\n<\/tr>\n<tr>\n<td>298<\/td>\n<td>25.5<\/td>\n<td>7.5<\/td>\n<td>8.5<\/td>\n<td>40<\/td>\n<td>6.5<\/td>\n<\/tr>\n<tr>\n<td>308<\/td>\n<td>26.5<\/td>\n<td>8.5<\/td>\n<td>9.5<\/td>\n<td>41.5<\/td>\n<td>7.5<\/td>\n<\/tr>\n<tr>\n<td>318<\/td>\n<td>27.5<\/td>\n<td>9.5<\/td>\n<td>10.5<\/td>\n<td>42.5<\/td>\n<td>8.5<\/td>\n<\/tr>\n<tr>\n<td>328<\/td>\n<td>28.5<\/td>\n<td>10.5<\/td>\n<td>&#8211;<\/td>\n<td>44<\/td>\n<td>9.5<\/td>\n<\/tr>\n<tr>\n<td>338<\/td>\n<td>29.5<\/td>\n<td>11.5<\/td>\n<td>&#8211;<\/td>\n<td>45.5<\/td>\n<td>10.5<\/td>\n<\/tr>\n<tr>\n<td>348<\/td>\n<td>30.5<\/td>\n<td>12.5<\/td>\n<td>&#8211;<\/td>\n<td>47.5<\/td>\n<td>11.5<\/td>\n<\/tr>\n<\/tbody>\n<\/table>\n<\/div>\n<\/div>\n<\/div>\n<\/div>\n<\/div>\n<\/div>\n<\/div>\n<\/div>\n","protected":false},"excerpt":{"rendered":"<p>Scarponi da sci Dalbello Verde Veloce Max LTD<\/p>","protected":false},"featured_media":12575,"template":"","meta":{"_acf_changed":false,"inline_featured_image":false},"product_brand":[1191],"product_cat":[512],"product_tag":[],"class_list":{"0":"post-12570","1":"product","2":"type-product","3":"status-publish","4":"has-post-thumbnail","6":"product_brand-dalbello","7":"product_cat-moski-smucarski-cevlji","8":"pa_velikost-26-26-5","9":"pa_velikost-29-29-5","10":"pa_velikost-30-30-5","11":"pa_velikost-31-31-5","12":"pa_velikost-32-32-5","14":"first","15":"instock","16":"sale","17":"taxable","18":"shipping-taxable","19":"purchasable","20":"product-type-variable"},"acf":[],"_links":{"self":[{"href":"https:\/\/ritosa.click.si\/it\/wp-json\/wp\/v2\/product\/12570","targetHints":{"allow":["GET"]}}],"collection":[{"href":"https:\/\/ritosa.click.si\/it\/wp-json\/wp\/v2\/product"}],"about":[{"href":"https:\/\/ritosa.click.si\/it\/wp-json\/wp\/v2\/types\/product"}],"wp:featuredmedia":[{"embeddable":true,"href":"https:\/\/ritosa.click.si\/it\/wp-json\/wp\/v2\/media\/12575"}],"wp:attachment":[{"href":"https:\/\/ritosa.click.si\/it\/wp-json\/wp\/v2\/media?parent=12570"}],"wp:term":[{"taxonomy":"product_brand","embeddable":true,"href":"https:\/\/ritosa.click.si\/it\/wp-json\/wp\/v2\/product_brand?post=12570"},{"taxonomy":"product_cat","embeddable":true,"href":"https:\/\/ritosa.click.si\/it\/wp-json\/wp\/v2\/product_cat?post=12570"},{"taxonomy":"product_tag","embeddable":true,"href":"https:\/\/ritosa.click.si\/it\/wp-json\/wp\/v2\/product_tag?post=12570"}],"curies":[{"name":"parola chiave","href":"https:\/\/api.w.org\/{rel}","templated":true}]}}