{"id":12252,"date":"2023-10-25T12:57:09","date_gmt":"2023-10-25T12:57:09","guid":{"rendered":"https:\/\/ritosa.click.si\/?post_type=product&#038;p=12252"},"modified":"2026-03-05T18:34:25","modified_gmt":"2026-03-05T17:34:25","slug":"elan-sky-jrs-130-150","status":"publish","type":"product","link":"https:\/\/ritosa.click.si\/it\/negozio\/sciare\/sci\/sci-per-bambini\/elan-sky-jrs-130-150\/","title":{"rendered":"Elan SKY JRS (140) 2024-25"},"content":{"rendered":"<div class=\"product attribute overview\">\n<div class=\"value\">\n<p>Lo sci Sky \u00e8 dotato della tecnologia pi\u00f9 innovativa per i giovani sciatori. La soluzione brevettata U-Flex di Elan consente ai bambini di piegare completamente gli sci, padroneggiando cos\u00ec molto pi\u00f9 velocemente gli elementi pi\u00f9 difficili dello sci.<\/p>\n<\/div>\n<\/div>\n<div class=\"product attribute description\">\n<div class=\"value\">\n<div>\n<div>\n<div>\n<p>Fornire una curvatura degli sci sufficientemente morbida per i giovani sciatori \u00e8 stata una delle sfide pi\u00f9 grandi che abbiamo affrontato negli ultimi anni. La soluzione \u00e8 la nostra pluripremiata tecnologia U-Flex. La rivoluzionaria costruzione degli sci aumenta la curvatura dello sci del 25%. Questo ci ha permesso di creare un set completo di sci per bambini, abbinato a scarponi da sci appositamente progettati, realizzati in plastica pi\u00f9 morbida e flessibile. Questo rende gli sci pi\u00f9 facili da imparare e pi\u00f9 rapidi nel passaggio da una lamina all&#039;altra. La grafica degli sci Sky \u00e8 progettata specificamente per le ragazze e non passer\u00e0 inosservata.<\/p>\n<\/div>\n<\/div>\n<\/div>\n<\/div>\n<\/div>\n<div class=\"product attribute description\">\n<div class=\"value\">\n<div class=\"pdp-attributes__trigger\">\n<h3 class=\"pdp-attributes__title\">GUIDA TAGLIE<\/h3>\n<\/div>\n<div class=\"pdp-attributes__content\">\n<table class=\"pdp-attributes__size-guide\">\n<thead>\n<tr>\n<th>Altezza dello sciatore<\/th>\n<th>Lunghezza dello sci<\/th>\n<\/tr>\n<\/thead>\n<tbody>\n<tr>\n<td>70 \u2013 85 centimetri<\/td>\n<td>70<\/td>\n<\/tr>\n<tr>\n<td>80 \u2013 95 centimetri<\/td>\n<td>80<\/td>\n<\/tr>\n<tr>\n<td>90 \u2013 105 centimetri<\/td>\n<td>90<\/td>\n<\/tr>\n<tr>\n<td>100 \u2013 115 centimetri<\/td>\n<td>100<\/td>\n<\/tr>\n<tr>\n<td>110 \u2013 125 centimetri<\/td>\n<td>110<\/td>\n<\/tr>\n<tr>\n<td>120 \u2013 135 centimetri<\/td>\n<td>120<\/td>\n<\/tr>\n<tr>\n<td>130 \u2013 145 centimetri<\/td>\n<td>130<\/td>\n<\/tr>\n<tr>\n<td>140 \u2013 155 centimetri<\/td>\n<td>140<\/td>\n<\/tr>\n<tr>\n<td>150 \u2013 165 centimetri<\/td>\n<td>150<\/td>\n<\/tr>\n<\/tbody>\n<\/table>\n<h3>INFORMAZIONI TECNICHE<\/h3>\n<table>\n<tbody>\n<tr>\n<td><\/td>\n<td>70 centimetri<\/td>\n<td>80 centimetri<\/td>\n<td>90 centimetri<\/td>\n<td>100 centimetri<\/td>\n<td>110 centimetri<\/td>\n<td>120 centimetri<\/td>\n<td>130 centimetri<\/td>\n<td>140 centimetri<\/td>\n<td>150 cm<\/td>\n<\/tr>\n<tr>\n<td>Raggio<\/td>\n<td>2.5<\/td>\n<td>3.5<\/td>\n<td>4.8<\/td>\n<td>6.2<\/td>\n<td>7<\/td>\n<td>8.6<\/td>\n<td>9.4<\/td>\n<td>11.2<\/td>\n<td>13.1<\/td>\n<\/tr>\n<tr>\n<td>Larghezza della punta dello sci<\/td>\n<td>101<\/td>\n<td>101<\/td>\n<td>101<\/td>\n<td>101<\/td>\n<td>105<\/td>\n<td>105<\/td>\n<td>109<\/td>\n<td>109<\/td>\n<td>109<\/td>\n<\/tr>\n<tr>\n<td>Larghezza della parte centrale dello sci<\/td>\n<td>69<\/td>\n<td>69<\/td>\n<td>69<\/td>\n<td>69<\/td>\n<td>68<\/td>\n<td>68<\/td>\n<td>67<\/td>\n<td>67<\/td>\n<td>67<\/td>\n<\/tr>\n<tr>\n<td>Larghezza della coda dello sci<\/td>\n<td>90<\/td>\n<td>90<\/td>\n<td>90<\/td>\n<td>90<\/td>\n<td>90<\/td>\n<td>90<\/td>\n<td>95<\/td>\n<td>95<\/td>\n<td>95<\/td>\n<\/tr>\n<\/tbody>\n<\/table>\n<h3>DETTAGLI<\/h3>\n<table>\n<tbody>\n<tr>\n<td>Codice<\/td>\n<td>AFFKKE23<\/td>\n<\/tr>\n<tr>\n<td>Legame<\/td>\n<td>EL 4.5_7.5 GW CA JRS WHT<\/td>\n<\/tr>\n<tr>\n<td>Lunghezza\/Raggio<\/td>\n<td>100 (6.2)<\/td>\n<\/tr>\n<tr>\n<td>Sistema<\/td>\n<td>Junior Shift<\/td>\n<\/tr>\n<tr>\n<td>Profilo<\/td>\n<td>Early Rise Rocker<\/td>\n<\/tr>\n<tr>\n<td>Frastuono<\/td>\n<td>0,75 \u2013 4,5 \/ 2 \u2013 7,5<\/td>\n<\/tr>\n<tr>\n<td>Tecnologia<\/td>\n<td>Fibra di vetro, Synflex, tecnologia U-Flex, tappo a piena potenza<\/td>\n<\/tr>\n<\/tbody>\n<\/table>\n<\/div>\n<\/div>\n<\/div>","protected":false},"excerpt":{"rendered":"<p>Sci da bambina Elan SKY JRS (130-150)<\/p>\n<p>Lo sci Sky \u00e8 dotato della tecnologia pi\u00f9 innovativa per i giovani sciatori. La soluzione brevettata U-Flex di Elan consente ai bambini di piegare completamente gli sci, padroneggiando cos\u00ec molto pi\u00f9 velocemente gli elementi pi\u00f9 difficili dello sci.<\/p>","protected":false},"featured_media":12254,"template":"","meta":{"_acf_changed":false,"inline_featured_image":false},"product_brand":[677],"product_cat":[592],"product_tag":[],"class_list":{"0":"post-12252","1":"product","2":"type-product","3":"status-publish","4":"has-post-thumbnail","6":"product_brand-elan","7":"product_cat-otroske-smuci","8":"pa_velikost-719","10":"first","11":"instock","12":"sale","13":"taxable","14":"shipping-taxable","15":"purchasable","16":"product-type-variable"},"acf":[],"_links":{"self":[{"href":"https:\/\/ritosa.click.si\/it\/wp-json\/wp\/v2\/product\/12252","targetHints":{"allow":["GET"]}}],"collection":[{"href":"https:\/\/ritosa.click.si\/it\/wp-json\/wp\/v2\/product"}],"about":[{"href":"https:\/\/ritosa.click.si\/it\/wp-json\/wp\/v2\/types\/product"}],"wp:featuredmedia":[{"embeddable":true,"href":"https:\/\/ritosa.click.si\/it\/wp-json\/wp\/v2\/media\/12254"}],"wp:attachment":[{"href":"https:\/\/ritosa.click.si\/it\/wp-json\/wp\/v2\/media?parent=12252"}],"wp:term":[{"taxonomy":"product_brand","embeddable":true,"href":"https:\/\/ritosa.click.si\/it\/wp-json\/wp\/v2\/product_brand?post=12252"},{"taxonomy":"product_cat","embeddable":true,"href":"https:\/\/ritosa.click.si\/it\/wp-json\/wp\/v2\/product_cat?post=12252"},{"taxonomy":"product_tag","embeddable":true,"href":"https:\/\/ritosa.click.si\/it\/wp-json\/wp\/v2\/product_tag?post=12252"}],"curies":[{"name":"parola chiave","href":"https:\/\/api.w.org\/{rel}","templated":true}]}}