{"id":12122,"date":"2023-10-20T12:31:28","date_gmt":"2023-10-20T12:31:28","guid":{"rendered":"https:\/\/ritosa.click.si\/?post_type=product&#038;p=12122"},"modified":"2026-02-11T11:21:03","modified_gmt":"2026-02-11T10:21:03","slug":"rog-pony-sport-racer","status":"publish","type":"product","link":"https:\/\/ritosa.click.si\/it\/negozio\/kolesarstvo\/kolesa\/rog-pony-kolesa\/rog-pony-sport-racer\/","title":{"rendered":"Rog PONY SPORT RACER"},"content":{"rendered":"<ul class=\"technical-specifications\">\n<li><strong>Telaio:<\/strong><i>Al6061, telaio pieghevole<\/i><\/li>\n<li><strong>Forcella:<\/strong><i>Al6061, profilato con attacchi per freni a V, 1 1\/8\"<\/i><\/li>\n<li><strong>Serie sterzo:<\/strong><i>Neco H112N, serie sterzo semi-integrata con filetto 1 1\/8\"<\/i><\/li>\n<li><strong>Movimento centrale:<\/strong><i>Thun, cuscinetto integrato BSA da 68 mm, perno quad<\/i><\/li>\n<li><strong>Guarnitura:<\/strong><i>Prowheel 170 mm<\/i><\/li>\n<li><strong>Attacco manubrio:<\/strong><i>Al6061, \u00d825,4 mm x 300 mm<\/i><\/li>\n<li><strong>Manubrio:<\/strong><i>Al6061, larghezza 660 mm, altezza 200 mm<\/i><\/li>\n<li><strong>Leve dei freni:<\/strong><i>Promax<\/i><\/li>\n<li><strong>Freni:<\/strong><i>Promax TX-121<\/i><\/li>\n<li><strong>Cavi:<\/strong><i>Jagwire<\/i><\/li>\n<li><strong>Sella:<\/strong><i>Selle San Remo Mosel<\/i><\/li>\n<li><strong>Reggisella:<\/strong><i>Al6061, \u00d833,9 mm x 400 mm<\/i><\/li>\n<li><strong>Mozzo anteriore:<\/strong><i>Mozzo in lega<\/i><\/li>\n<li><strong> Mozzo posteriore: <\/strong><i>Shimano CB-110<\/i><\/li>\n<li><strong>Cerchi:<\/strong><i>Nepal<\/i><\/li>\n<li><strong>Copertoni:<\/strong><i>Continental<\/i><\/li>\n<li><strong>Catena:<\/strong><i>KMC, 1\/2- 1\/8<\/i><\/li>\n<li><strong>Pedali:<\/strong><i>Corpo in alluminio, antiscivolo nero, 9\/16\u2033 Marvi<\/i><\/li>\n<li><strong>Luci:<\/strong><i>Luci LED a batteria<\/i><\/li>\n<li><strong>Parafanghi:<\/strong><i>Eurofender DUO<\/i><\/li>\n<li><strong>Cavalletto:<\/strong><i>Ursus 71<\/i><\/li>\n<li><strong>Peso:<\/strong><i>14 kg (peso medio della bicicletta assemblata)<\/i><\/li>\n<\/ul>\n<div class=\"container\">\n<div class=\"row\">\n<div class=\"col-md-6 col-md-offset-3 col-sm-8 col-sm-offset-2\"><\/div>\n<div class=\"col-md-6 col-md-offset-3 col-sm-8 col-sm-offset-2\"><\/div>\n<div class=\"col-md-6 col-md-offset-3 col-sm-8 col-sm-offset-2\"><\/div>\n<div class=\"col-md-6 col-md-offset-3 col-sm-8 col-sm-offset-2\"><\/div>\n<div class=\"col-md-6 col-md-offset-3 col-sm-8 col-sm-offset-2\"><\/div>\n<div class=\"col-md-6 col-md-offset-3 col-sm-8 col-sm-offset-2\"><\/div>\n<\/div>\n<\/div>","protected":false},"excerpt":{"rendered":"<p>Rog PONY SPORT RACER<\/p>\n<div>\n<p>La Pony Sport Racer \u00e8 una serie speciale di biciclette Pony a velocit\u00e0 singola con due freni a V. Progettata e omologata per le gare di velocit\u00e0 in montagna #gonipony, pu\u00f2 essere guidata con eleganza anche sulle strade cittadine. Il design in bianco e nero conferisce alla Pony un tocco particolarmente seducente ed \u00e8 la compagna perfetta per tutti gli amanti dello stile retr\u00f2.<\/p>\n<\/div>","protected":false},"featured_media":19121,"template":"","meta":{"_acf_changed":false,"inline_featured_image":false,"_monsterinsights_skip_tracking":false,"_monsterinsights_sitenote_active":false,"_monsterinsights_sitenote_note":"","_monsterinsights_sitenote_category":0},"product_brand":[1194],"product_cat":[490],"product_tag":[],"class_list":{"0":"post-12122","1":"product","2":"type-product","3":"status-publish","4":"has-post-thumbnail","6":"product_brand-rog","7":"product_cat-rog-pony-kolesa","9":"first","10":"instock","11":"sale","12":"taxable","13":"shipping-taxable","14":"purchasable","15":"product-type-simple"},"acf":[],"aioseo_notices":[],"_links":{"self":[{"href":"https:\/\/ritosa.click.si\/it\/wp-json\/wp\/v2\/product\/12122","targetHints":{"allow":["GET"]}}],"collection":[{"href":"https:\/\/ritosa.click.si\/it\/wp-json\/wp\/v2\/product"}],"about":[{"href":"https:\/\/ritosa.click.si\/it\/wp-json\/wp\/v2\/types\/product"}],"wp:featuredmedia":[{"embeddable":true,"href":"https:\/\/ritosa.click.si\/it\/wp-json\/wp\/v2\/media\/19121"}],"wp:attachment":[{"href":"https:\/\/ritosa.click.si\/it\/wp-json\/wp\/v2\/media?parent=12122"}],"wp:term":[{"taxonomy":"product_brand","embeddable":true,"href":"https:\/\/ritosa.click.si\/it\/wp-json\/wp\/v2\/product_brand?post=12122"},{"taxonomy":"product_cat","embeddable":true,"href":"https:\/\/ritosa.click.si\/it\/wp-json\/wp\/v2\/product_cat?post=12122"},{"taxonomy":"product_tag","embeddable":true,"href":"https:\/\/ritosa.click.si\/it\/wp-json\/wp\/v2\/product_tag?post=12122"}],"curies":[{"name":"parola chiave","href":"https:\/\/api.w.org\/{rel}","templated":true}]}}