{"id":11855,"date":"2023-02-17T13:57:27","date_gmt":"2023-02-17T13:57:27","guid":{"rendered":"https:\/\/ritosa.click.si\/?post_type=product&#038;p=11855"},"modified":"2026-03-24T18:57:39","modified_gmt":"2026-03-24T17:57:39","slug":"bh-spike-2-5-gorsko-kolo","status":"publish","type":"product","link":"https:\/\/ritosa.click.si\/it\/negozio\/kolesarstvo\/kolesa\/gorska-kolesa\/bh-spike-2-5-gorsko-kolo\/","title":{"rendered":"BH Spike 2.5"},"content":{"rendered":"<div class=\"rte\">\n<div class=\"rte\">\n<div class=\"description woocommerce-product-details__short-description\">\n<p><span class=\"VIiyi\" lang=\"sl\" xml:lang=\"sl\"><span class=\"JLqJ4b ChMk0b\">La bici MTB BH Spike da 29 pollici \u00e8 ideale per tutti i ciclisti in cerca di avventure.<\/span> <span class=\"JLqJ4b ChMk0b\">L&#039;esclusiva tecnologia di produzione utilizza la lega di alluminio 6061, che garantisce resistenza e un peso di soli 1,8 kg.<\/span> <span class=\"JLqJ4b ChMk0b\">Il design specifico del telaio presenta un passo pi\u00f9 lungo e un baricentro basso, che aumentano la stabilit\u00e0 e offrono una sensazione di comfort durante la guida.<\/span> <span class=\"JLqJ4b ChMk0b\">Le ruote da 29 pollici facilitano la guida su terreni irregolari e rocciosi, offrendo comfort ed efficienza.<\/span> <span class=\"JLqJ4b ChMk0b\">I potenti freni a disco idraulici e l&#039;affidabile trasmissione Shimano garantiscono prestazioni che rendono piacevole ogni esperienza di guida, sia in pista che fuori.<\/span><\/span><\/p>\n<\/div>\n<p><span class=\"VIiyi\" lang=\"sl\" xml:lang=\"sl\"><span class=\"JLqJ4b ChMk0b\">La Spike da 29&quot; consente di controllare facilmente la bici su terreni irregolari, non asfaltati e rocciosi, poich\u00e9 le ruote pi\u00f9 grandi superano meglio gli ostacoli.<\/span><\/span><\/p>\n<p><span class=\"VIiyi\" lang=\"sl\" xml:lang=\"sl\"><span class=\"JLqJ4b ChMk0b\"><span class=\"VIiyi\" lang=\"sl\" xml:lang=\"sl\"><span class=\"JLqJ4b ChMk0b\">Realizzato in alluminio 6061, che garantisce rigidit\u00e0 e un peso del telaio di soli 1.800 grammi.<\/span><\/span> <\/span><\/span><\/p>\n<p><span class=\"VIiyi\" lang=\"sl\" xml:lang=\"sl\"><span class=\"JLqJ4b ChMk0b\"><span class=\"VIiyi\" lang=\"sl\" xml:lang=\"sl\"><span class=\"JLqJ4b ChMk0b\"><span class=\"VIiyi\" lang=\"sl\" xml:lang=\"sl\"><span class=\"JLqJ4b ChMk0b\">Il suo design garantisce un&#039;eccezionale sensazione di reattivit\u00e0, mentre il passo e il baricentro pi\u00f9 basso ne aumentano la stabilit\u00e0.<\/span><\/span> <\/span><\/span><\/span><\/span><\/p>\n<p><span class=\"VIiyi\" lang=\"sl\" xml:lang=\"sl\"><span class=\"JLqJ4b ChMk0b\"><span class=\"VIiyi\" lang=\"sl\" xml:lang=\"sl\"><span class=\"JLqJ4b ChMk0b\"><span class=\"VIiyi\" lang=\"sl\" xml:lang=\"sl\"><span class=\"JLqJ4b ChMk0b\">La geometria e il design conferiscono alla Spike maggiori prestazioni e un maggiore comfort di guida.<\/span><\/span> <\/span><\/span><\/span><\/span><\/p>\n<p><span class=\"VIiyi\" lang=\"sl\" xml:lang=\"sl\"><span class=\"JLqJ4b ChMk0b\"><span class=\"VIiyi\" lang=\"sl\" xml:lang=\"sl\"><span class=\"JLqJ4b ChMk0b\"><span class=\"VIiyi\" lang=\"sl\" xml:lang=\"sl\"><span class=\"JLqJ4b ChMk0b\"><span class=\"VIiyi\" lang=\"sl\" xml:lang=\"sl\"><span class=\"JLqJ4b ChMk0b\">Il triangolo posteriore \u00e8 stato sviluppato appositamente per ospitare il sistema EVO Brake Mount.<\/span> <span class=\"JLqJ4b ChMk0b\">Il loro angolo di inclinazione ottimale riduce le vibrazioni e aumenta la potenza frenante.<\/span><\/span> <\/span><\/span><\/span><\/span><\/span><\/span><\/p>\n<div class=\"vsf-col-lg-9 separator\">\n<div class=\"vsf-d-md-flex vsf-flex-wrap\">\n<div class=\"vsf-col-lg-3\">\n<div id=\"tab-tehnicne_informacije_tab\" class=\"tab-content resp-tab-content resp-tab-content-active\">\n<div>\n<div>\n<div>\n<div>\n<div><strong>TELAIO<\/strong><\/div>\n<div>Spike Alu 29\u2033, 135x9mm, serie sterzo integrata 42ACB<\/div>\n<\/div>\n<div>\n<div><strong>FORCHETTA<\/strong><\/div>\n<div>Blocco remoto SR Suntour XCM RLR 100mm<\/div>\n<\/div>\n<\/div>\n<\/div>\n<\/div>\n<div>\n<div>\n<div>\n<div>\n<div><strong>LEVE DEL CAMBIO<\/strong><\/div>\n<div>Shimano Deore 4100 10 velocit\u00e0<\/div>\n<\/div>\n<div>\n<div><strong>TRASMISSIONE POSTERIORE<\/strong><\/div>\n<div>Shimano Deore 5120 10 velocit\u00e0<\/div>\n<\/div>\n<div>\n<div><strong>AUTISTA<\/strong><\/div>\n<div>Shimano M5100 30, 175mm<\/div>\n<div><strong>CATENA POSTERIORE<\/strong><\/div>\n<\/div>\n<div>\n<div>Shimano Deore M4100 11\/46<\/div>\n<\/div>\n<\/div>\n<\/div>\n<\/div>\n<div>\n<div>\n<div>\n<div>\n<div><strong>FRENO ANTERIORE<\/strong><\/div>\n<div>Shimano MT200 180mm<\/div>\n<\/div>\n<div>\n<div><strong>FRENO POSTERIORE<\/strong><\/div>\n<div>Shimano MT200 160mm<\/div>\n<\/div>\n<\/div>\n<\/div>\n<\/div>\n<div>\n<div>\n<div>\n<div>\n<div><strong>CAPPOTTI<\/strong><\/div>\n<div>Mitas Ocelot 2.35<\/div>\n<\/div>\n<div>\n<div><strong>ANELLI<\/strong><\/div>\n<div>BH, Shimano TX505 32H<\/div>\n<\/div>\n<\/div>\n<\/div>\n<\/div>\n<div>\n<div>\n<div>\n<div>\n<div><strong>STERZO E IMPUGNATURE<\/strong><\/div>\n<div>BH<\/div>\n<\/div>\n<\/div>\n<\/div>\n<\/div>\n<\/div>\n<\/div>\n<\/div>\n<\/div>\n<\/div>\n<\/div>","protected":false},"excerpt":{"rendered":"<p>Gorsko kolo BH Spike 2.5<\/p>","protected":false},"featured_media":11856,"template":"","meta":{"_acf_changed":false,"inline_featured_image":false,"_monsterinsights_skip_tracking":false,"_monsterinsights_sitenote_active":false,"_monsterinsights_sitenote_note":"","_monsterinsights_sitenote_category":0},"product_brand":[1195],"product_cat":[488],"product_tag":[1201],"class_list":{"0":"post-11855","1":"product","2":"type-product","3":"status-publish","4":"has-post-thumbnail","6":"product_brand-bh","7":"product_cat-gorska-kolesa","8":"product_tag-outlet","9":"pa_velikost-l","11":"first","12":"instock","13":"sale","14":"taxable","15":"shipping-taxable","16":"purchasable","17":"product-type-variable"},"acf":[],"aioseo_notices":[],"_links":{"self":[{"href":"https:\/\/ritosa.click.si\/it\/wp-json\/wp\/v2\/product\/11855","targetHints":{"allow":["GET"]}}],"collection":[{"href":"https:\/\/ritosa.click.si\/it\/wp-json\/wp\/v2\/product"}],"about":[{"href":"https:\/\/ritosa.click.si\/it\/wp-json\/wp\/v2\/types\/product"}],"wp:featuredmedia":[{"embeddable":true,"href":"https:\/\/ritosa.click.si\/it\/wp-json\/wp\/v2\/media\/11856"}],"wp:attachment":[{"href":"https:\/\/ritosa.click.si\/it\/wp-json\/wp\/v2\/media?parent=11855"}],"wp:term":[{"taxonomy":"product_brand","embeddable":true,"href":"https:\/\/ritosa.click.si\/it\/wp-json\/wp\/v2\/product_brand?post=11855"},{"taxonomy":"product_cat","embeddable":true,"href":"https:\/\/ritosa.click.si\/it\/wp-json\/wp\/v2\/product_cat?post=11855"},{"taxonomy":"product_tag","embeddable":true,"href":"https:\/\/ritosa.click.si\/it\/wp-json\/wp\/v2\/product_tag?post=11855"}],"curies":[{"name":"parola chiave","href":"https:\/\/api.w.org\/{rel}","templated":true}]}}