{"id":11849,"date":"2023-02-16T12:57:27","date_gmt":"2023-02-16T12:57:27","guid":{"rendered":"https:\/\/ritosa.click.si\/?post_type=product&#038;p=11849"},"modified":"2026-03-24T18:57:12","modified_gmt":"2026-03-24T17:57:12","slug":"bh-lynx-trail-carbon-9-0","status":"publish","type":"product","link":"https:\/\/ritosa.click.si\/it\/negozio\/kolesarstvo\/kolesa\/gorska-kolesa\/polnovzmetena-gorska-kolesa\/bh-lynx-trail-carbon-9-0\/","title":{"rendered":"BH Lynx Trail Carbon 9.0"},"content":{"rendered":"<p>Questa \u00e8 la bici che fa per te se cerchi agilit\u00e0, geometria bilanciata e molta rigidit\u00e0.<\/p>\n<p>La mountain bike pi\u00f9 divertente ora pu\u00f2 essere tua, ogni giorno della settimana, a qualsiasi ora. Ogni giorno pu\u00f2 essere epico.<\/p>\n<p>Utilizza la tecnologia del telaio monoscocca, che sfrutta l&#039;alta pressione nello stampo per raggiungere il massimo livello di compattezza ed eliminare pressioni irregolari nel telaio, che possono causare bolle e irregolarit\u00e0. Questo sistema di produzione consente un controllo preciso e uno spessore ottimale delle singole parti del telaio.<\/p>\n<p><strong>LAYUP IN CARBONIO BALISTICO<\/strong><\/p>\n<p>La Lynx Trail \u00e8 realizzata in carbonio con tecnologia HCIM (Hollow Core Internal Moulding), che riduce al minimo il peso del telaio e della biella. \u00c8 realizzata in fibre di carbonio &quot;Ballistic Carbon Layup&quot;, che offrono un&#039;eccezionale resistenza agli urti. Il telaio pesa solo 2.200 g.<\/p>\n<p><strong>150MM<\/strong><\/p>\n<p>La Lynx Trail offre 150 mm di escursione con sospensione Split Pivot per la guida su tutti i terreni. Mantiene un anti-squat % di 100\u00b0 per un&#039;efficienza di propulsione e un brake-squat per una frenata eccellente.<\/p>\n<p><strong>ASSALE GIUNTO PRINCIPALE SOSPENSIONE SOVRADIMENSIONATO<\/strong><\/p>\n<p>Il telaio Lynx Trail offre la massima rigidit\u00e0 grazie a un asse di sospensione principale allargato, che ottimizza la rigidit\u00e0 del triangolo anteriore e posteriore e aumenta la rigidit\u00e0 torsionale. La geometria \u00e8 molto simile a quella della BH Lynx Trail standard, con una lunghezza del carro posteriore corta di soli 430 mm per una guida dinamica e un migliore controllo in discesa.<\/p>\n<p><strong>SUPERBOOST 157 x 12<\/strong><\/p>\n<p>Il nuovo Super Boost aumenta la resistenza e la durata della ruota posteriore aumentando la tensione dei cavi su entrambi i lati. \u00c8 abbinato a foderi posteriori corti per una migliore maneggevolezza in discesa e consente il montaggio di pneumatici larghi fino a 2,6&quot;.<\/p>\n<table>\n<tbody>\n<tr>\n<td>Telaio<\/td>\n<td>Lynx Trail Carbon 150 mm, BC Layup, ISCG 0.5 Lite, UDH Hanger<\/td>\n<\/tr>\n<tr>\n<td>Forchetta<\/td>\n<td>Fox 36 Performance Grip Kabolt 150mm Sweep Adjust<\/td>\n<\/tr>\n<tr>\n<td>Ammortizzatore<\/td>\n<td>Fox X2 Evol LV, Prestazioni, 190\u00d740, CM,RM,LM 40\u00d78 Aircan<\/td>\n<\/tr>\n<tr>\n<td>leva del cambio<\/td>\n<td>Shimano Deore 6100 12 velocit\u00e0<\/td>\n<\/tr>\n<tr>\n<td>deragliatore posteriore<\/td>\n<td>Shimano XT 8100 12 velocit\u00e0<\/td>\n<\/tr>\n<tr>\n<td>Autista<\/td>\n<td>Shimano Deore 6130 SuperBoost, 32, 170mm<\/td>\n<\/tr>\n<tr>\n<td>Corona<\/td>\n<td>Shimano Deore 6100 10\/51<\/td>\n<\/tr>\n<tr>\n<td>Freno posteriore<\/td>\n<td>SRAM DB8 4 pistoni 180 mm<\/td>\n<\/tr>\n<tr>\n<td>Freno anteriore<\/td>\n<td>SRAM DB8\u00a04 Pistons 180mm<\/td>\n<\/tr>\n<tr>\n<td>Anelli<\/td>\n<td>Race Face Aeffect 30mm, SuperBoost<\/td>\n<\/tr>\n<tr>\n<td>Coperture<\/td>\n<td>Maxxis High Roller EXO, 3C, 2.35<\/td>\n<\/tr>\n<tr>\n<td>Posto a sedere<\/td>\n<td>Scratch X8<\/td>\n<\/tr>\n<tr>\n<td>Supporto del sedile<\/td>\n<td>Race Face Aeffect 31,6 mm, 425 mm, caduta 150 mm<\/td>\n<\/tr>\n<tr>\n<td>Volante<\/td>\n<td>BH Trail Carbon, 800 mm, rialzo 10 mm, inclinazione posteriore 9\u00ba<\/td>\n<\/tr>\n<\/tbody>\n<\/table>\n<p><img fetchpriority=\"high\" decoding=\"async\" src=\"https:\/\/ritosa.si\/img\/cms\/Screenshot%202023-02-16%20at%2013-05-25%20BH%20Bikes%20BH%20Bicycles.png\" alt=\"\" width=\"1089\" height=\"525\" \/><\/p>","protected":false},"excerpt":{"rendered":"<p>Mountain bike in carbonio full-suspension BH Lynx Trail Carbon 9.0<\/p>","protected":false},"featured_media":11851,"template":"","meta":{"_acf_changed":false,"inline_featured_image":false,"_monsterinsights_skip_tracking":false,"_monsterinsights_sitenote_active":false,"_monsterinsights_sitenote_note":"","_monsterinsights_sitenote_category":0},"product_brand":[1195],"product_cat":[571],"product_tag":[1201],"class_list":{"0":"post-11849","1":"product","2":"type-product","3":"status-publish","4":"has-post-thumbnail","6":"product_brand-bh","7":"product_cat-polnovzmetena-gorska-kolesa","8":"product_tag-outlet","9":"pa_velikost-l","11":"first","12":"instock","13":"sale","14":"taxable","15":"shipping-taxable","16":"purchasable","17":"product-type-variable"},"acf":[],"aioseo_notices":[],"_links":{"self":[{"href":"https:\/\/ritosa.click.si\/it\/wp-json\/wp\/v2\/product\/11849","targetHints":{"allow":["GET"]}}],"collection":[{"href":"https:\/\/ritosa.click.si\/it\/wp-json\/wp\/v2\/product"}],"about":[{"href":"https:\/\/ritosa.click.si\/it\/wp-json\/wp\/v2\/types\/product"}],"wp:featuredmedia":[{"embeddable":true,"href":"https:\/\/ritosa.click.si\/it\/wp-json\/wp\/v2\/media\/11851"}],"wp:attachment":[{"href":"https:\/\/ritosa.click.si\/it\/wp-json\/wp\/v2\/media?parent=11849"}],"wp:term":[{"taxonomy":"product_brand","embeddable":true,"href":"https:\/\/ritosa.click.si\/it\/wp-json\/wp\/v2\/product_brand?post=11849"},{"taxonomy":"product_cat","embeddable":true,"href":"https:\/\/ritosa.click.si\/it\/wp-json\/wp\/v2\/product_cat?post=11849"},{"taxonomy":"product_tag","embeddable":true,"href":"https:\/\/ritosa.click.si\/it\/wp-json\/wp\/v2\/product_tag?post=11849"}],"curies":[{"name":"parola chiave","href":"https:\/\/api.w.org\/{rel}","templated":true}]}}