{"id":11806,"date":"2023-01-16T09:44:48","date_gmt":"2023-01-16T09:44:48","guid":{"rendered":"https:\/\/ritosa.click.si\/?post_type=product&#038;p=11806"},"modified":"2026-03-06T15:49:06","modified_gmt":"2026-03-06T14:49:06","slug":"volkl-classic-boot-bag","status":"publish","type":"product","link":"https:\/\/ritosa.click.si\/it\/negozio\/sciare\/smucarska-oprema\/smucarske-torbe\/volkl-classic-boot-bag\/","title":{"rendered":"Borsa porta scarponi V\u00f6lkl Classic"},"content":{"rendered":"<p>La Classic Boot Bag Black di V\u00f6lkl East \u00e8 una pratica borsa per i tuoi scarponi da sci o da snowboard.<\/p>\n<p>Questa borsa da 45 litri \u00e8 dotata di manici rinforzati con cinghie regolabili per un maggiore comfort di trasporto, una cerniera bidirezionale ed \u00e8 inoltre ventilata per prevenire l&#039;accumulo di odori e umidit\u00e0.<\/p>\n<ul>\n<li><strong>Volume (litri):<\/strong>\u00a045<\/li>\n<li><strong>Peso (g):<\/strong>\u00a0700<\/li>\n<li><strong>Dimensioni:<\/strong>\u00a040 \u00d7 28 \u00d7 39 centimetri<\/li>\n<\/ul>\n<p><strong>Altre caratteristiche:<\/strong><\/p>\n<ul>\n<li>Borsa per scarponi da sci\/snowboard<\/li>\n<li>Ventilazione laterale in rete<\/li>\n<li>Maniglie rinforzate<\/li>\n<li>Cinghie regolabili<\/li>\n<\/ul>","protected":false},"excerpt":{"rendered":"<p>Borsa per scarponi da sci \u2013 Classic Boot Bag \u2013 V\u00f6lkl<\/p>","protected":false},"featured_media":20885,"template":"","meta":{"_acf_changed":false,"inline_featured_image":false,"_monsterinsights_skip_tracking":false,"_monsterinsights_sitenote_active":false,"_monsterinsights_sitenote_note":"","_monsterinsights_sitenote_category":0},"product_brand":[1190],"product_cat":[570],"product_tag":[],"class_list":{"0":"post-11806","1":"product","2":"type-product","3":"status-publish","4":"has-post-thumbnail","6":"product_brand-volkl","7":"product_cat-smucarske-torbe","9":"first","10":"instock","11":"sale","12":"taxable","13":"shipping-taxable","14":"purchasable","15":"product-type-simple"},"acf":[],"aioseo_notices":[],"_links":{"self":[{"href":"https:\/\/ritosa.click.si\/it\/wp-json\/wp\/v2\/product\/11806","targetHints":{"allow":["GET"]}}],"collection":[{"href":"https:\/\/ritosa.click.si\/it\/wp-json\/wp\/v2\/product"}],"about":[{"href":"https:\/\/ritosa.click.si\/it\/wp-json\/wp\/v2\/types\/product"}],"wp:featuredmedia":[{"embeddable":true,"href":"https:\/\/ritosa.click.si\/it\/wp-json\/wp\/v2\/media\/20885"}],"wp:attachment":[{"href":"https:\/\/ritosa.click.si\/it\/wp-json\/wp\/v2\/media?parent=11806"}],"wp:term":[{"taxonomy":"product_brand","embeddable":true,"href":"https:\/\/ritosa.click.si\/it\/wp-json\/wp\/v2\/product_brand?post=11806"},{"taxonomy":"product_cat","embeddable":true,"href":"https:\/\/ritosa.click.si\/it\/wp-json\/wp\/v2\/product_cat?post=11806"},{"taxonomy":"product_tag","embeddable":true,"href":"https:\/\/ritosa.click.si\/it\/wp-json\/wp\/v2\/product_tag?post=11806"}],"curies":[{"name":"parola chiave","href":"https:\/\/api.w.org\/{rel}","templated":true}]}}