{"id":11707,"date":"2022-11-25T14:01:32","date_gmt":"2022-11-25T14:01:32","guid":{"rendered":"https:\/\/ritosa.click.si\/?post_type=product&#038;p=11707"},"modified":"2026-03-06T13:13:49","modified_gmt":"2026-03-06T12:13:49","slug":"volkl-racetiger-jr-vmotion-4-5-100-120","status":"publish","type":"product","link":"https:\/\/ritosa.click.si\/it\/negozio\/sciare\/sci\/sci-per-bambini\/volkl-racetiger-jr-vmotion-4-5-100-120\/","title":{"rendered":"V\u00f6lkl Racetiger JR vMotion 4.5 (100)"},"content":{"rendered":"<p><span class=\"HwtZe\" lang=\"sl\" xml:lang=\"sl\"><span class=\"jCAhz ChMk0b\"><span class=\"ryNqvb\">Per i concorrenti pi\u00f9 giovani e gli sciatori pi\u00f9 esperti che non sono ancora pronti per i modelli pi\u00f9 difficili, il Racetiger JR \u00e8 dotato di un attacco Motion compatibile con GripWalk nelle misure da 80 a 160 con un&#039;anima composita facile da usare e il sistema Light Tip Rocker.<\/span><\/span> Lo sci Racetiger JR offre <span class=\"jCAhz ChMk0b\"><span class=\"ryNqvb\">un percorso piacevole e morbido per i bambini che imparano a gareggiare.<\/span><\/span><\/span><\/p>\n<p><span class=\"HwtZe\" lang=\"sl\" xml:lang=\"sl\"><span class=\"jCAhz ChMk0b\"><span class=\"ryNqvb\"><span class=\"HwtZe\" lang=\"sl\" xml:lang=\"sl\"><span class=\"jCAhz ChMk0b\"><span class=\"ryNqvb\">I sistemi di attacco tradizionali solitamente rinforzano la parte dello sci in cui si trova l&#039;attacco.<\/span><\/span> <span class=\"jCAhz ChMk0b\"><span class=\"ryNqvb\">Sugli sci pi\u00f9 lunghi, questo rappresenta solo un piccolo ostacolo all&#039;esecuzione corretta di una curva carving.<\/span><\/span> <span class=\"jCAhz ChMk0b\"><span class=\"ryNqvb\">Nei modelli di sci per bambini, tuttavia, questa rigidit\u00e0 rappresenta una limitazione importante per la funzionalit\u00e0 complessiva dello sci.<\/span><\/span> I Voelkl<span class=\"jCAhz ChMk0b\"><span class=\"ryNqvb\"> Gli sviluppatori hanno riconosciuto il problema e hanno presentato la versione Junior del sistema di attacchi 3Motion per sci pi\u00f9 corti.<\/span><\/span> <span class=\"jCAhz ChMk0b\"><span class=\"ryNqvb\">Vantaggio: separando le guide di fissaggio in due parti, la versione Junior non interferisce pi\u00f9 con la flessione dello sci in curva.<\/span><\/span> <span class=\"jCAhz ChMk0b\"><span class=\"ryNqvb\">Quando lo sci \u00e8 posizionato sul bordo, crea una curva perfetta e rende la sciata ancora pi\u00f9 facile per i bambini.<\/span><\/span> <span class=\"jCAhz ChMk0b\"><span class=\"ryNqvb\">Allo stesso tempo, il 7.0 vMotion Jr. R soddisfa anche tutti i requisiti tecnici per la massima sicurezza.<\/span><\/span> <span class=\"jCAhz ChMk0b\"><span class=\"ryNqvb\">DIN-ISO: 2.0-7.0<\/span><\/span><\/span><\/span><\/span><\/span><\/p>\n<div class=\"specs-item row\">\n<div class=\"specs-item-label\">\n<p><strong>Rocker<\/strong><\/p>\n<\/div>\n<div class=\"specs-item-value\">\n<p>Tipo Rocker<\/p>\n<\/div>\n<\/div>\n<div class=\"specs-item row\">\n<div class=\"specs-item-label\">\n<p><strong>Nucleo<\/strong><\/p>\n<\/div>\n<div class=\"specs-item-value\">\n<p>Nucleo composito<\/p>\n<\/div>\n<\/div>\n<div class=\"specs-item row\">\n<div class=\"specs-item-label\">\n<p><strong>Base<\/strong><\/p>\n<\/div>\n<div class=\"specs-item-value\">\n<p>CAP V2 \/ P-Tex 2100<\/p>\n<\/div>\n<\/div>","protected":false},"excerpt":{"rendered":"<p>Otro\u0161ke smu\u010di V\u00f6lkl Racetiger JR vMotion 4.5 (100)<\/p>","protected":false},"featured_media":11709,"template":"","meta":{"_acf_changed":false,"inline_featured_image":false},"product_brand":[1190],"product_cat":[592],"product_tag":[1198],"class_list":{"0":"post-11707","1":"product","2":"type-product","3":"status-publish","4":"has-post-thumbnail","6":"product_brand-volkl","7":"product_cat-otroske-smuci","8":"product_tag-otroci","9":"pa_velikost-1056","11":"first","12":"instock","13":"sale","14":"taxable","15":"shipping-taxable","16":"purchasable","17":"product-type-variable"},"acf":[],"_links":{"self":[{"href":"https:\/\/ritosa.click.si\/it\/wp-json\/wp\/v2\/product\/11707","targetHints":{"allow":["GET"]}}],"collection":[{"href":"https:\/\/ritosa.click.si\/it\/wp-json\/wp\/v2\/product"}],"about":[{"href":"https:\/\/ritosa.click.si\/it\/wp-json\/wp\/v2\/types\/product"}],"wp:featuredmedia":[{"embeddable":true,"href":"https:\/\/ritosa.click.si\/it\/wp-json\/wp\/v2\/media\/11709"}],"wp:attachment":[{"href":"https:\/\/ritosa.click.si\/it\/wp-json\/wp\/v2\/media?parent=11707"}],"wp:term":[{"taxonomy":"product_brand","embeddable":true,"href":"https:\/\/ritosa.click.si\/it\/wp-json\/wp\/v2\/product_brand?post=11707"},{"taxonomy":"product_cat","embeddable":true,"href":"https:\/\/ritosa.click.si\/it\/wp-json\/wp\/v2\/product_cat?post=11707"},{"taxonomy":"product_tag","embeddable":true,"href":"https:\/\/ritosa.click.si\/it\/wp-json\/wp\/v2\/product_tag?post=11707"}],"curies":[{"name":"parola chiave","href":"https:\/\/api.w.org\/{rel}","templated":true}]}}