{"id":11680,"date":"2022-11-16T16:22:16","date_gmt":"2022-11-16T16:22:16","guid":{"rendered":"https:\/\/ritosa.click.si\/?post_type=product&#038;p=11680"},"modified":"2026-03-05T15:28:05","modified_gmt":"2026-03-05T14:28:05","slug":"dalbello-green-gaia-2-0-gw","status":"publish","type":"product","link":"https:\/\/ritosa.click.si\/it\/negozio\/sciare\/smucarska-oprema\/smucarski-cevlji\/otroski-smucarski-cevlji\/dalbello-green-gaia-2-0-gw\/","title":{"rendered":"Dalbello Green Gaia 2.0 GW"},"content":{"rendered":"<p><span class=\"HwtZe\" lang=\"sl\" xml:lang=\"sl\"><span class=\"jCAhz ChMk0b\"><span class=\"ryNqvb\">Dalbello ha lanciato un trend con il progetto Reboot, lanciando uno degli scarponi da sci pi\u00f9 sostenibili.<\/span><\/span> <span class=\"HwtZe\" lang=\"sl\" xml:lang=\"sl\"><span class=\"jCAhz ChMk0b\"><span class=\"ryNqvb\">Il rivoluzionario Green Gaia 2.0 GW \u00e8 uno scarpone da sci per bambina estremamente leggero ed ecologico, il cui scafo \u00e8 realizzato interamente con materiale riciclato.<\/span><\/span> <span class=\"jCAhz ChMk0b\"><span class=\"ryNqvb\">Anche i tessuti e le schiume della fodera sono realizzati al 100% con materiali riciclati, il che significa che l&#039;intero stivale pu\u00f2 essere riciclato completamente in seguito.<\/span><\/span> <\/span><\/span><\/p>\n<p><span class=\"HwtZe\" lang=\"sl\" xml:lang=\"sl\"><span class=\"HwtZe\" lang=\"sl\" xml:lang=\"sl\"><span class=\"jCAhz ChMk0b\"><span class=\"ryNqvb\">Due fibbie in alluminio e una struttura solida garantiscono grande stabilit\u00e0, un buon trasferimento di potenza e un solido supporto del piede.<\/span><\/span> <span class=\"jCAhz ChMk0b\"><span class=\"ryNqvb\">Grazie alla vestibilit\u00e0 ottimizzata e alla fodera confortevole e termicamente isolata, le ragazze possono sciare tutto il giorno.<\/span><\/span> <span class=\"jCAhz ChMk0b\"><span class=\"ryNqvb\">Le suole GripWalk preinstallate consentono ai giovani sciatori di camminare in modo pi\u00f9 sicuro e confortevole.<\/span><\/span><\/span><\/span><\/p>\n<table>\n<tbody>\n<tr>\n<td>Dimensioni<\/td>\n<td>195 \u2013 215<\/td>\n<\/tr>\n<tr>\n<td>Costruzione<\/td>\n<td>Sovrapposizione<\/td>\n<\/tr>\n<tr>\n<td>Flettere<\/td>\n<td>25<\/td>\n<\/tr>\n<tr>\n<td>Larghezza dello zoccolo<\/td>\n<td>Junior<\/td>\n<\/tr>\n<tr>\n<td>Materiale<\/td>\n<td>DB HYPERLITE RICICLATO<\/td>\n<\/tr>\n<tr>\n<td>scarpetta interna<\/td>\n<td>Supercomfort Jr<\/td>\n<\/tr>\n<tr>\n<td>Fibbie<\/td>\n<td>PJ 9 Macro<\/td>\n<\/tr>\n<tr>\n<td>Larghezza del piede<\/td>\n<td>Per piedi di media larghezza<\/td>\n<\/tr>\n<\/tbody>\n<\/table>","protected":false},"excerpt":{"rendered":"<p>Otro\u0161ki smu\u010darski \u010devlji Dalbello Green Gaia 2.0 GW<\/p>","protected":false},"featured_media":11683,"template":"","meta":{"_acf_changed":false,"inline_featured_image":false},"product_brand":[1191],"product_cat":[568],"product_tag":[1198],"class_list":{"0":"post-11680","1":"product","2":"type-product","3":"status-publish","4":"has-post-thumbnail","6":"product_brand-dalbello","7":"product_cat-otroski-smucarski-cevlji","8":"product_tag-otroci","9":"pa_velikost-1075","10":"pa_velikost-793","12":"first","13":"instock","14":"sale","15":"taxable","16":"shipping-taxable","17":"purchasable","18":"product-type-variable"},"acf":[],"_links":{"self":[{"href":"https:\/\/ritosa.click.si\/it\/wp-json\/wp\/v2\/product\/11680","targetHints":{"allow":["GET"]}}],"collection":[{"href":"https:\/\/ritosa.click.si\/it\/wp-json\/wp\/v2\/product"}],"about":[{"href":"https:\/\/ritosa.click.si\/it\/wp-json\/wp\/v2\/types\/product"}],"wp:featuredmedia":[{"embeddable":true,"href":"https:\/\/ritosa.click.si\/it\/wp-json\/wp\/v2\/media\/11683"}],"wp:attachment":[{"href":"https:\/\/ritosa.click.si\/it\/wp-json\/wp\/v2\/media?parent=11680"}],"wp:term":[{"taxonomy":"product_brand","embeddable":true,"href":"https:\/\/ritosa.click.si\/it\/wp-json\/wp\/v2\/product_brand?post=11680"},{"taxonomy":"product_cat","embeddable":true,"href":"https:\/\/ritosa.click.si\/it\/wp-json\/wp\/v2\/product_cat?post=11680"},{"taxonomy":"product_tag","embeddable":true,"href":"https:\/\/ritosa.click.si\/it\/wp-json\/wp\/v2\/product_tag?post=11680"}],"curies":[{"name":"parola chiave","href":"https:\/\/api.w.org\/{rel}","templated":true}]}}