{"id":11613,"date":"2022-10-25T10:55:40","date_gmt":"2022-10-25T10:55:40","guid":{"rendered":"https:\/\/ritosa.click.si\/?post_type=product&#038;p=11613"},"modified":"2026-03-05T18:29:15","modified_gmt":"2026-03-05T17:29:15","slug":"elan-maxx-jrs-red-100-120","status":"publish","type":"product","link":"https:\/\/ritosa.click.si\/it\/negozio\/sciare\/sci\/sci-per-bambini\/elan-maxx-jrs-red-100-120\/","title":{"rendered":"Elan MAXX JRS ROSSO (100)"},"content":{"rendered":"<div class=\"product attribute overview\">\n<div class=\"value\">\n<p>Lo sci MAXX \u00e8 dotato della tecnologia pi\u00f9 innovativa per i giovani sciatori. La soluzione brevettata U-Flex di Elan consente ai bambini di piegare completamente gli sci e quindi di padroneggiare gli elementi pi\u00f9 difficili dello sci molto pi\u00f9 velocemente.<\/p>\n<\/div>\n<\/div>\n<p>Fornire una curvatura degli sci sufficientemente morbida per i giovani sciatori \u00e8 stata una delle sfide pi\u00f9 grandi che abbiamo affrontato negli ultimi anni. La soluzione \u00e8 la nostra pluripremiata tecnologia U-Flex. La rivoluzionaria costruzione degli sci ne aumenta la curvatura del 25%. Questo ci ha permesso di creare un set completo di sci per bambini, abbinato a scarponi da sci appositamente progettati, realizzati in plastica pi\u00f9 morbida e flessibile. Gli sci consentono quindi un apprendimento pi\u00f9 facile e passaggi pi\u00f9 rapidi da una lamina all&#039;altra.<\/p>\n<table>\n<tbody>\n<tr>\n<td>Legame<\/td>\n<td>EL 4.5 GW Shift BLK<\/td>\n<\/tr>\n<tr>\n<td>Lunghezza\/Raggio<\/td>\n<td>100 (6.2)<\/td>\n<\/tr>\n<tr>\n<td>Sistema<\/td>\n<td>Junior Shift<\/td>\n<\/tr>\n<tr>\n<td>Profilo<\/td>\n<td>Early Rise Rocker<\/td>\n<\/tr>\n<tr>\n<td>Tecnologia<\/td>\n<td>\n<dl class=\"product-info-attributes\">\n<dt>Fibra di vetro<\/dt>\n<dt>Synflex<\/dt>\n<dt>Tecnologia U-Flex<\/dt>\n<dt>Tappo a piena potenza<\/dt>\n<\/dl>\n<\/td>\n<\/tr>\n<\/tbody>\n<\/table>","protected":false},"excerpt":{"rendered":"<p>Sci per bambini Elan MAXX JRS RED (100 \u2013 120)<\/p>","protected":false},"featured_media":11615,"template":"","meta":{"_acf_changed":false,"inline_featured_image":false,"_monsterinsights_skip_tracking":false,"_monsterinsights_sitenote_active":false,"_monsterinsights_sitenote_note":"","_monsterinsights_sitenote_category":0},"product_brand":[677],"product_cat":[592],"product_tag":[1198],"class_list":{"0":"post-11613","1":"product","2":"type-product","3":"status-publish","4":"has-post-thumbnail","6":"product_brand-elan","7":"product_cat-otroske-smuci","8":"product_tag-otroci","9":"pa_velikost-1056","11":"first","12":"instock","13":"sale","14":"taxable","15":"shipping-taxable","16":"purchasable","17":"product-type-variable"},"acf":[],"aioseo_notices":[],"_links":{"self":[{"href":"https:\/\/ritosa.click.si\/it\/wp-json\/wp\/v2\/product\/11613","targetHints":{"allow":["GET"]}}],"collection":[{"href":"https:\/\/ritosa.click.si\/it\/wp-json\/wp\/v2\/product"}],"about":[{"href":"https:\/\/ritosa.click.si\/it\/wp-json\/wp\/v2\/types\/product"}],"wp:featuredmedia":[{"embeddable":true,"href":"https:\/\/ritosa.click.si\/it\/wp-json\/wp\/v2\/media\/11615"}],"wp:attachment":[{"href":"https:\/\/ritosa.click.si\/it\/wp-json\/wp\/v2\/media?parent=11613"}],"wp:term":[{"taxonomy":"product_brand","embeddable":true,"href":"https:\/\/ritosa.click.si\/it\/wp-json\/wp\/v2\/product_brand?post=11613"},{"taxonomy":"product_cat","embeddable":true,"href":"https:\/\/ritosa.click.si\/it\/wp-json\/wp\/v2\/product_cat?post=11613"},{"taxonomy":"product_tag","embeddable":true,"href":"https:\/\/ritosa.click.si\/it\/wp-json\/wp\/v2\/product_tag?post=11613"}],"curies":[{"name":"parola chiave","href":"https:\/\/api.w.org\/{rel}","templated":true}]}}