{"id":11580,"date":"2022-10-18T12:13:55","date_gmt":"2022-10-18T12:13:55","guid":{"rendered":"https:\/\/ritosa.click.si\/?post_type=product&#038;p=11580"},"modified":"2026-03-06T17:17:47","modified_gmt":"2026-03-06T16:17:47","slug":"alpina-pizi-blue-matt","status":"publish","type":"product","link":"https:\/\/ritosa.click.si\/it\/negozio\/sciare\/smucarska-oprema\/smucarske-celade\/otroske-smucarske-celade\/alpina-pizi-blue-matt\/","title":{"rendered":"Alpina Pizi \u2013 blu opaco"},"content":{"rendered":"<p>Tutti gli inizi sono difficili, soprattutto quando si tratta di sci e snowboard. Alpina ha sviluppato il nuovo casco da sci per bambini PIZI, con l&#039;obiettivo di rendere il pi\u00f9 semplice possibile l&#039;ingresso dei pi\u00f9 piccoli nel mondo della neve. Il casco da sci Pizi \u00e8 estremamente leggero, robusto e offre protezione e comfort ottimali. Con Pizi in testa, le risate dei bambini sono garantite.<\/p>\n<p>Caratteristiche:<\/p>\n<ul>\n<li>Inmold: la tecnologia prevede il riscaldamento della calotta esterna in policarbonato ad alta temperatura e la sua successiva cottura sulla calotta in EPS ad alta pressione. Il processo crea un legame permanente su tutta la superficie delle calotte esterna e interna, rendendo il casco estremamente leggero e stabile.<\/li>\n<li>\u2013 Calotta in ceramica: \u00e8 il nome della calotta esterna di tutti i caschi Alpina realizzata con il processo Inmold. Si tratta di un materiale sottile e leggero, estremamente resistente agli urti e ai graffi, contenente stabilizzatori UV ed \u00e8 antistatico.<\/li>\n<li>\u2013 HI-EPS: la calotta interna dei caschi Alpina \u00e8 realizzata in HI-EPS (polistirene espandibile). Questo materiale \u00e8 composto da microscopici spazi d&#039;aria che assorbono efficacemente le forze generate dall&#039;impatto.<\/li>\n<li>Sistema Run Ergo Snow: consente la regolazione individuale della taglia tramite una manopola girevole nella parte posteriore della testa<\/li>\n<li>Ergomatic: la fibbia collaudata \u00e8 utilizzata su tutti i caschi Alpina. Regolazione multilivello, azionabile con una sola mano. Inoltre, la fibbia non si slaccia da sola in caso di incidente.<\/li>\n<li>Y-Clip: sistema di regolazione del cinturino 3D<\/li>\n<li>Fodera tessile rimovibile e lavabile<\/li>\n<li>Scaldacollo caldo<\/li>\n<li>Conforme alla norma: CE EN 1077<\/li>\n<\/ul>","protected":false},"excerpt":{"rendered":"<p>Casco da sci per bambini Alpina Pizi<\/p>","protected":false},"featured_media":11582,"template":"","meta":{"_acf_changed":false,"inline_featured_image":false},"product_brand":[678],"product_cat":[569],"product_tag":[1198],"class_list":{"0":"post-11580","1":"product","2":"type-product","3":"status-publish","4":"has-post-thumbnail","6":"product_brand-alpina","7":"product_cat-otroske-smucarske-celade","8":"product_tag-otroci","9":"pa_velikost-51-55","11":"first","12":"instock","13":"sale","14":"taxable","15":"shipping-taxable","16":"purchasable","17":"product-type-variable"},"acf":[],"_links":{"self":[{"href":"https:\/\/ritosa.click.si\/it\/wp-json\/wp\/v2\/product\/11580","targetHints":{"allow":["GET"]}}],"collection":[{"href":"https:\/\/ritosa.click.si\/it\/wp-json\/wp\/v2\/product"}],"about":[{"href":"https:\/\/ritosa.click.si\/it\/wp-json\/wp\/v2\/types\/product"}],"wp:featuredmedia":[{"embeddable":true,"href":"https:\/\/ritosa.click.si\/it\/wp-json\/wp\/v2\/media\/11582"}],"wp:attachment":[{"href":"https:\/\/ritosa.click.si\/it\/wp-json\/wp\/v2\/media?parent=11580"}],"wp:term":[{"taxonomy":"product_brand","embeddable":true,"href":"https:\/\/ritosa.click.si\/it\/wp-json\/wp\/v2\/product_brand?post=11580"},{"taxonomy":"product_cat","embeddable":true,"href":"https:\/\/ritosa.click.si\/it\/wp-json\/wp\/v2\/product_cat?post=11580"},{"taxonomy":"product_tag","embeddable":true,"href":"https:\/\/ritosa.click.si\/it\/wp-json\/wp\/v2\/product_tag?post=11580"}],"curies":[{"name":"parola chiave","href":"https:\/\/api.w.org\/{rel}","templated":true}]}}