{"id":11496,"date":"2022-09-23T11:14:28","date_gmt":"2022-09-23T11:14:28","guid":{"rendered":"https:\/\/ritosa.click.si\/?post_type=product&#038;p=11496"},"modified":"2026-03-06T16:35:57","modified_gmt":"2026-03-06T15:35:57","slug":"rolerji-tempish-wox","status":"publish","type":"product","link":"https:\/\/ritosa.click.si\/it\/negozio\/rolerji\/odrasli-rolerji\/rolerji-tempish-wox\/","title":{"rendered":"Pattini in linea TEMPISH WOX"},"content":{"rendered":"<p>I pattini in linea WOX sono classici pattini in linea da fitness, pensati sia per i principianti che per i pattinatori pi\u00f9 esperti.<\/p>\n<p>La costruzione medio-alta garantisce ai pattinatori un solido ancoraggio del piede allo scheletro e un certo controllo del pattino.<\/p>\n<p>La doppia struttura del materassino, con fodera interna completamente rimovibile, \u00e8 molto comoda e consente una rapida asciugatura dopo l&#039;uso e la pulizia quando necessario. (Il materassino pu\u00f2 essere lavato in acqua pulita e tiepida.)<\/p>\n<p>La fodera \u00e8 pi\u00f9 morbida nella zona del tendine d&#039;Achille per un pattinaggio pi\u00f9 confortevole.<\/p>\n<p>Allacciatura dei pattini con lacci classici e cinturino in velcro sul collo del piede per fissare saldamente il piede allo scheletro. La parte superiore dello scheletro \u00e8 stretta da un cinturino con microfibbia.<\/p>\n<p>Pattini in linea da uomo progettati per il fitness ricreativo e il pattinaggio di resistenza. Le ruote della serie CATCH mostrano un&#039;usura standard durante la corsa, a seconda della qualit\u00e0 della superficie, dello stile di guida e del peso dell&#039;utente.<\/p>","protected":false},"excerpt":{"rendered":"<p>Rolerji WOX so klasi\u010dni rolerji za fitnes rolanje, zasnovani tako za za\u010detnike kot za napredne rolera\u0161e. Srednje visoka konstrukcija zagotavlja rolarjem trdno sidranje stopala v okostje in dolo\u010den nadzor rolerjev. Dvojna konstrukcija podloge z odstranljivim celotnim notranjim prtlja\u017enikom je zelo udobna in omogo\u010da hitro su\u0161enje po vo\u017enji in \u010di\u0161\u010denje po potrebi. (Podlogo lahko sperete v [&hellip;]<\/p>\n","protected":false},"featured_media":11498,"template":"","meta":{"_acf_changed":false,"inline_featured_image":false,"_monsterinsights_skip_tracking":false,"_monsterinsights_sitenote_active":false,"_monsterinsights_sitenote_note":"","_monsterinsights_sitenote_category":0},"product_brand":[1219],"product_cat":[584],"product_tag":[1200,1218,1220],"class_list":{"0":"post-11496","1":"product","2":"type-product","3":"status-publish","4":"has-post-thumbnail","6":"product_brand-tempish","7":"product_cat-odrasli-rolerji","8":"product_tag-moski","9":"product_tag-rolerji-tempish","10":"product_tag-rolerji-tempish-wox","11":"pa_velikost-43-2","13":"first","14":"instock","15":"sale","16":"taxable","17":"shipping-taxable","18":"purchasable","19":"product-type-variable"},"acf":[],"aioseo_notices":[],"_links":{"self":[{"href":"https:\/\/ritosa.click.si\/it\/wp-json\/wp\/v2\/product\/11496","targetHints":{"allow":["GET"]}}],"collection":[{"href":"https:\/\/ritosa.click.si\/it\/wp-json\/wp\/v2\/product"}],"about":[{"href":"https:\/\/ritosa.click.si\/it\/wp-json\/wp\/v2\/types\/product"}],"wp:featuredmedia":[{"embeddable":true,"href":"https:\/\/ritosa.click.si\/it\/wp-json\/wp\/v2\/media\/11498"}],"wp:attachment":[{"href":"https:\/\/ritosa.click.si\/it\/wp-json\/wp\/v2\/media?parent=11496"}],"wp:term":[{"taxonomy":"product_brand","embeddable":true,"href":"https:\/\/ritosa.click.si\/it\/wp-json\/wp\/v2\/product_brand?post=11496"},{"taxonomy":"product_cat","embeddable":true,"href":"https:\/\/ritosa.click.si\/it\/wp-json\/wp\/v2\/product_cat?post=11496"},{"taxonomy":"product_tag","embeddable":true,"href":"https:\/\/ritosa.click.si\/it\/wp-json\/wp\/v2\/product_tag?post=11496"}],"curies":[{"name":"parola chiave","href":"https:\/\/api.w.org\/{rel}","templated":true}]}}