{"id":11412,"date":"2022-08-29T10:10:19","date_gmt":"2022-08-29T10:10:19","guid":{"rendered":"https:\/\/ritosa.click.si\/?post_type=product&#038;p=11412"},"modified":"2026-03-23T12:24:32","modified_gmt":"2026-03-23T11:24:32","slug":"portna-ocala-alpina-nylos-hr","status":"publish","type":"product","link":"https:\/\/ritosa.click.si\/it\/negozio\/kolesarstvo\/kolesarska-oprema\/kolesarska-ocala\/portna-ocala-alpina-nylos-hr\/","title":{"rendered":"Occhiali sportivi Alpina NYLOS HR"},"content":{"rendered":"","protected":false},"excerpt":{"rendered":"<p>Estremamente leggeri e versatili: ecco gli occhiali NYLOS HR. Il loro design li rende i compagni perfetti per tutte le attivit\u00e0 sportive. La versione a mezza montatura \u00e8 dotata di lenti in ceramica di alta qualit\u00e0, infrangibili e con protezione UV 100 %, per la massima sicurezza e un&#039;eccellente visibilit\u00e0. La speciale specchiatura riflette i raggi infrarossi e riduce l&#039;affaticamento degli occhi, mentre i naselli resistenti garantiscono un comfort superiore per tutto il giorno.<\/p>","protected":false},"featured_media":22138,"template":"","meta":{"_acf_changed":false,"inline_featured_image":false},"product_brand":[678],"product_cat":[526],"product_tag":[1126,2039,2033,2019,2036,2038,2037],"class_list":{"0":"post-11412","1":"product","2":"type-product","3":"status-publish","4":"has-post-thumbnail","6":"product_brand-alpina","7":"product_cat-kolesarska-ocala","8":"product_tag-alpina-2","9":"product_tag-alpina-nylos-hr","10":"product_tag-kolesarska-ocala","11":"product_tag-soncna-ocala","12":"product_tag-sportna-ocala","13":"product_tag-sportna-ocala-alpina","14":"product_tag-sportna-ocala-alpina-nylos-hr","16":"first","17":"instock","18":"sale","19":"taxable","20":"shipping-taxable","21":"purchasable","22":"product-type-simple"},"acf":[],"_links":{"self":[{"href":"https:\/\/ritosa.click.si\/it\/wp-json\/wp\/v2\/product\/11412","targetHints":{"allow":["GET"]}}],"collection":[{"href":"https:\/\/ritosa.click.si\/it\/wp-json\/wp\/v2\/product"}],"about":[{"href":"https:\/\/ritosa.click.si\/it\/wp-json\/wp\/v2\/types\/product"}],"wp:featuredmedia":[{"embeddable":true,"href":"https:\/\/ritosa.click.si\/it\/wp-json\/wp\/v2\/media\/22138"}],"wp:attachment":[{"href":"https:\/\/ritosa.click.si\/it\/wp-json\/wp\/v2\/media?parent=11412"}],"wp:term":[{"taxonomy":"product_brand","embeddable":true,"href":"https:\/\/ritosa.click.si\/it\/wp-json\/wp\/v2\/product_brand?post=11412"},{"taxonomy":"product_cat","embeddable":true,"href":"https:\/\/ritosa.click.si\/it\/wp-json\/wp\/v2\/product_cat?post=11412"},{"taxonomy":"product_tag","embeddable":true,"href":"https:\/\/ritosa.click.si\/it\/wp-json\/wp\/v2\/product_tag?post=11412"}],"curies":[{"name":"parola chiave","href":"https:\/\/api.w.org\/{rel}","templated":true}]}}