{"id":11294,"date":"2022-08-10T14:15:43","date_gmt":"2022-08-10T14:15:43","guid":{"rendered":"https:\/\/ritosa.click.si\/?post_type=product&#038;p=11294"},"modified":"2025-10-22T10:43:20","modified_gmt":"2025-10-22T08:43:20","slug":"specialized-rokavice-deflect","status":"publish","type":"product","link":"https:\/\/ritosa.click.si\/it\/negozio\/kolesarstvo\/kolesarska-oprema\/kolesarske-rokavice\/moske-kolesarske-rokavice\/specialized-rokavice-deflect\/","title":{"rendered":"Guanti Specialized Deflect"},"content":{"rendered":"<p><strong data-start=\"40\" data-end=\"72\">Guanti Specialized Deflect<\/strong> offrono un&#039;eccellente traspirabilit\u00e0 e una protezione confortevole a temperature fino a <strong data-start=\"137\" data-end=\"153\">7\u00b0C (45\u00b0F)<\/strong>Inoltre, la tecnologia <strong data-start=\"179\" data-end=\"190\">Intercettazione telefonica<\/strong> Permette di utilizzare schermi touch, cos\u00ec puoi usare facilmente il tuo smartphone anche quando fa freddo. <span class=\"VIiyi\" lang=\"sl\" xml:lang=\"sl\"><span class=\"JLqJ4b ChMk0b\"><span class=\"Q4iAWc\">La tomaia softshell antivento protegge dal vento e dal freddo. <\/span><\/span><\/span><span class=\"VIiyi\" lang=\"sl\" xml:lang=\"sl\"><span class=\"JLqJ4b ChMk0b\"><span class=\"Q4iAWc\">Il palmo idrofobico in pelle scamosciata Axe Fit garantisce una presa sicura sui pali.<\/span><\/span> <\/span><span class=\"VIiyi\" lang=\"sl\" xml:lang=\"sl\"><span class=\"JLqJ4b ChMk0b\"><span class=\"Q4iAWc\">Il palmo imbottito riduce l&#039;intorpidimento e l&#039;affaticamento della mano. I dettagli riflettenti aumentano la visibilit\u00e0 in condizioni di scarsa illuminazione. Il polsino in velcro consente una microregolazione della vestibilit\u00e0, cos\u00ec puoi indossare questo guanto sotto o sopra il polsino della giacca.<\/span><\/span><\/span><\/p>","protected":false},"excerpt":{"rendered":"<p>Guanti lunghi Specialized Deflect per le giornate pi\u00f9 fredde.<\/p>","protected":false},"featured_media":11297,"template":"","meta":{"_acf_changed":false,"inline_featured_image":false,"_monsterinsights_skip_tracking":false,"_monsterinsights_sitenote_active":false,"_monsterinsights_sitenote_note":"","_monsterinsights_sitenote_category":0},"product_brand":[673],"product_cat":[580],"product_tag":[1888,1826,1829,1885,1887,1886],"class_list":{"0":"post-11294","1":"product","2":"type-product","3":"status-publish","4":"has-post-thumbnail","6":"product_brand-specialized","7":"product_cat-moske-kolesarske-rokavice","8":"product_tag-dolge-rokavice-specialized-deflect","9":"product_tag-kolesarske-rokavice","10":"product_tag-kolesarske-rokavice-specialized","11":"product_tag-kolesarske-rokavice-specialized-deflect","12":"product_tag-rokavice-specialized-deflect","13":"product_tag-specialized-deflect","14":"pa_velikost-xl","15":"pa_velikost-xxl","17":"first","18":"instock","19":"sale","20":"taxable","21":"shipping-taxable","22":"purchasable","23":"product-type-variable"},"acf":[],"aioseo_notices":[],"_links":{"self":[{"href":"https:\/\/ritosa.click.si\/it\/wp-json\/wp\/v2\/product\/11294","targetHints":{"allow":["GET"]}}],"collection":[{"href":"https:\/\/ritosa.click.si\/it\/wp-json\/wp\/v2\/product"}],"about":[{"href":"https:\/\/ritosa.click.si\/it\/wp-json\/wp\/v2\/types\/product"}],"wp:featuredmedia":[{"embeddable":true,"href":"https:\/\/ritosa.click.si\/it\/wp-json\/wp\/v2\/media\/11297"}],"wp:attachment":[{"href":"https:\/\/ritosa.click.si\/it\/wp-json\/wp\/v2\/media?parent=11294"}],"wp:term":[{"taxonomy":"product_brand","embeddable":true,"href":"https:\/\/ritosa.click.si\/it\/wp-json\/wp\/v2\/product_brand?post=11294"},{"taxonomy":"product_cat","embeddable":true,"href":"https:\/\/ritosa.click.si\/it\/wp-json\/wp\/v2\/product_cat?post=11294"},{"taxonomy":"product_tag","embeddable":true,"href":"https:\/\/ritosa.click.si\/it\/wp-json\/wp\/v2\/product_tag?post=11294"}],"curies":[{"name":"parola chiave","href":"https:\/\/api.w.org\/{rel}","templated":true}]}}