{"id":11267,"date":"2022-07-29T11:43:41","date_gmt":"2022-07-29T11:43:41","guid":{"rendered":"https:\/\/ritosa.click.si\/?post_type=product&#038;p=11267"},"modified":"2026-03-27T18:17:19","modified_gmt":"2026-03-27T17:17:19","slug":"skiro-legoni-stunt-extreme","status":"publish","type":"product","link":"https:\/\/ritosa.click.si\/it\/negozio\/skiroji\/freestyle-skiroji\/skiro-legoni-stunt-extreme\/","title":{"rendered":"Monopattino estremo Legoni Stunt"},"content":{"rendered":"<p>Il Stunt monopattino \u00e8 adatto a principianti e amatori. L'altezza del manubrio \u00e8 di 84,5 cm, la lunghezza dello scooter \u00e8 di 66 cm e lo spazio per le gambe \u00e8 di 48 x 10,8 cm. Il monopattino \u00e8 dotato di cerchi in alluminio.<\/p>\n<p>\u2022 I cuscinetti delle ruote sono ABEC 7.<br \/>\n\u2022 Peso dello scooter 3,5 kg.<br \/>\n\u2022 Peso massimo dell&#039;utente 100 kg<\/p>\n<p><strong>Avvertimento!<\/strong>\u00a0Durante l&#039;uso \u00e8 obbligatorio indossare dispositivi di protezione individuale (casco, scudi, guanti).<br \/>\n\u2013 Il prodotto \u00e8 un giocattolo e non \u00e8 destinato all\u2019uso sui mezzi pubblici perch\u00e9 non \u00e8 adatto al trasporto pubblico.<br \/>\n<strong>Avvertimento!<\/strong> Il prodotto non deve essere utilizzato da bambini di et\u00e0 inferiore a 36 mesi perch\u00e9 contiene piccole parti che potrebbero rappresentare un rischio di soffocamento.<\/p>","protected":false},"excerpt":{"rendered":"<div class=\"picture-thumbs in-carousel has-navigation\">Monopattino Legoni Stunt Extreme, con ruote da 110 mm.<\/div>\n<h1><\/h1>","protected":false},"featured_media":22574,"template":"","meta":{"_acf_changed":false,"inline_featured_image":false,"_monsterinsights_skip_tracking":false,"_monsterinsights_sitenote_active":false,"_monsterinsights_sitenote_note":"","_monsterinsights_sitenote_category":0},"product_brand":[1409],"product_cat":[652,495],"product_tag":[1378,1379,1352,1012],"class_list":{"0":"post-11267","1":"product","2":"type-product","3":"status-publish","4":"has-post-thumbnail","6":"product_brand-legoni","7":"product_cat-freestyle-skiroji","8":"product_cat-skiroji","9":"product_tag-skiro-legoni-stunt-extreme","10":"product_tag-skiro-lgoni","11":"product_tag-skiro-za-skakat","12":"product_tag-skiro-za-trike","14":"first","15":"instock","16":"sale","17":"taxable","18":"shipping-taxable","19":"purchasable","20":"product-type-simple"},"acf":[],"aioseo_notices":[],"_links":{"self":[{"href":"https:\/\/ritosa.click.si\/it\/wp-json\/wp\/v2\/product\/11267","targetHints":{"allow":["GET"]}}],"collection":[{"href":"https:\/\/ritosa.click.si\/it\/wp-json\/wp\/v2\/product"}],"about":[{"href":"https:\/\/ritosa.click.si\/it\/wp-json\/wp\/v2\/types\/product"}],"wp:featuredmedia":[{"embeddable":true,"href":"https:\/\/ritosa.click.si\/it\/wp-json\/wp\/v2\/media\/22574"}],"wp:attachment":[{"href":"https:\/\/ritosa.click.si\/it\/wp-json\/wp\/v2\/media?parent=11267"}],"wp:term":[{"taxonomy":"product_brand","embeddable":true,"href":"https:\/\/ritosa.click.si\/it\/wp-json\/wp\/v2\/product_brand?post=11267"},{"taxonomy":"product_cat","embeddable":true,"href":"https:\/\/ritosa.click.si\/it\/wp-json\/wp\/v2\/product_cat?post=11267"},{"taxonomy":"product_tag","embeddable":true,"href":"https:\/\/ritosa.click.si\/it\/wp-json\/wp\/v2\/product_tag?post=11267"}],"curies":[{"name":"parola chiave","href":"https:\/\/api.w.org\/{rel}","templated":true}]}}