{"id":11141,"date":"2022-06-01T12:12:57","date_gmt":"2022-06-01T12:12:57","guid":{"rendered":"https:\/\/ritosa.click.si\/?post_type=product&#038;p=11141"},"modified":"2025-09-24T13:16:52","modified_gmt":"2025-09-24T11:16:52","slug":"supacaz-smash-3","status":"publish","type":"product","link":"https:\/\/ritosa.click.si\/it\/negozio\/kolesarstvo\/kolesarska-oprema\/dodatna-oprema-in-rezervni-deli\/pedala\/supacaz-smash-3\/","title":{"rendered":"Pedali Shimano SPD-SL"},"content":{"rendered":"<p data-start=\"86\" data-end=\"104\"><strong data-start=\"90\" data-end=\"104\">CARATTERISTICHE:<\/strong><\/p>\n<p data-start=\"106\" data-end=\"254\">\u00a0<strong data-start=\"109\" data-end=\"153\">Ampia gamma di regolazione della tensione della molla<\/strong><br data-start=\"153\" data-end=\"156\" \/>\u2192 Consente di regolare facilmente la forza necessaria per il serraggio\/serraggio in base alle esigenze del ciclista.<\/p>\n<p data-start=\"256\" data-end=\"347\"><strong data-start=\"259\" data-end=\"299\">Area bersaglio pi\u00f9 ampia per un ingresso pi\u00f9 facile<\/strong><br data-start=\"299\" data-end=\"302\" \/>\u2192 Fissaggio pi\u00f9 facile e veloce della scarpa al pedale.<\/p>\n<p data-start=\"256\" data-end=\"347\"><strong data-start=\"352\" data-end=\"387\">Alloggiamento composito (assemblato)<\/strong><br data-start=\"387\" data-end=\"390\" \/>\u2192 Materiale leggero e durevole che contribuisce alla riduzione del peso.<\/p>\n<p data-start=\"256\" data-end=\"347\">\u00a0<strong data-start=\"452\" data-end=\"516\">Piattaforma extra larga per la massima efficienza di trasferimento della potenza<\/strong><br data-start=\"516\" data-end=\"519\" \/>\u2192 Migliore stabilit\u00e0 e maggiore efficienza di propulsione.<\/p>\n<p data-start=\"578\" data-end=\"713\"><strong data-start=\"582\" data-end=\"652\">La piastra in acciaio inossidabile resistente riduce la flessione e l&#039;usura<\/strong><br data-start=\"652\" data-end=\"655\" \/>\u2192 Aumenta la durata del pedale e ne mantiene le prestazioni.<\/p>\n<p data-start=\"578\" data-end=\"713\"><strong data-start=\"718\" data-end=\"774\">L&#039;eredit\u00e0 di design, qualit\u00e0 e prestazioni di Shimano<\/strong><br data-start=\"774\" data-end=\"777\" \/>\u2192 L&#039;affidabilit\u00e0 e la qualit\u00e0 per cui Shimano \u00e8 conosciuta nel mondo del ciclismo.<\/p>\n<ul>\n<li data-start=\"96\" data-end=\"112\"><strong>Modello:<\/strong> PD-R550<\/li>\n<li data-start=\"126\" data-end=\"143\"><strong>Serie:<\/strong> SHIMANO<\/li>\n<li data-start=\"157\" data-end=\"171\"><strong>Tipo:<\/strong> SPD-SL (sistema di pedali da strada, con una tacchetta che si attacca alla scarpa)<\/li>\n<li data-start=\"246\" data-end=\"276\"><strong data-start=\"250\" data-end=\"274\">Legame: <\/strong><strong data-start=\"277\" data-end=\"292\">Unilaterale<\/strong> (serraggio da un solo lato del pedale \u2013 comune nei pedali da strada)<\/li>\n<li data-start=\"362\" data-end=\"407\"><strong data-start=\"366\" data-end=\"405\">Assale a cartuccia:<\/strong>\u00a0S\u00ec \u2013 asse con cuscinetto a cartuccia per una rotazione pi\u00f9 fluida e una facile manutenzione<\/li>\n<li data-start=\"492\" data-end=\"541\"><strong data-start=\"496\" data-end=\"539\">Meccanismo sigillato: <\/strong>S\u00ec, protezione contro sporco e acqua, che prolunga la durata dei pedali<\/li>\n<\/ul>","protected":false},"excerpt":{"rendered":"<p>Pedali Shimano SPD-SL modello PD-R550<\/p>","protected":false},"featured_media":19723,"template":"","meta":{"_acf_changed":false,"inline_featured_image":false},"product_brand":[1189],"product_cat":[531],"product_tag":[1673,1657,1672,1674,1675],"class_list":{"0":"post-11141","1":"product","2":"type-product","3":"status-publish","4":"has-post-thumbnail","6":"product_brand-shimano","7":"product_cat-pedala","8":"product_tag-pd-r550","9":"product_tag-pedala","10":"product_tag-pedala-shimano","11":"product_tag-pedala-shimano-spd-sl","12":"product_tag-shimano-spd-sl","14":"first","15":"instock","16":"taxable","17":"shipping-taxable","18":"purchasable","19":"product-type-simple"},"acf":[],"_links":{"self":[{"href":"https:\/\/ritosa.click.si\/it\/wp-json\/wp\/v2\/product\/11141","targetHints":{"allow":["GET"]}}],"collection":[{"href":"https:\/\/ritosa.click.si\/it\/wp-json\/wp\/v2\/product"}],"about":[{"href":"https:\/\/ritosa.click.si\/it\/wp-json\/wp\/v2\/types\/product"}],"wp:featuredmedia":[{"embeddable":true,"href":"https:\/\/ritosa.click.si\/it\/wp-json\/wp\/v2\/media\/19723"}],"wp:attachment":[{"href":"https:\/\/ritosa.click.si\/it\/wp-json\/wp\/v2\/media?parent=11141"}],"wp:term":[{"taxonomy":"product_brand","embeddable":true,"href":"https:\/\/ritosa.click.si\/it\/wp-json\/wp\/v2\/product_brand?post=11141"},{"taxonomy":"product_cat","embeddable":true,"href":"https:\/\/ritosa.click.si\/it\/wp-json\/wp\/v2\/product_cat?post=11141"},{"taxonomy":"product_tag","embeddable":true,"href":"https:\/\/ritosa.click.si\/it\/wp-json\/wp\/v2\/product_tag?post=11141"}],"curies":[{"name":"parola chiave","href":"https:\/\/api.w.org\/{rel}","templated":true}]}}