{"id":11111,"date":"2022-05-24T13:30:20","date_gmt":"2022-05-24T13:30:20","guid":{"rendered":"https:\/\/ritosa.click.si\/?post_type=product&#038;p=11111"},"modified":"2026-03-24T09:47:16","modified_gmt":"2026-03-24T08:47:16","slug":"otroska-celada-alpina-ximo-disney-3","status":"publish","type":"product","link":"https:\/\/ritosa.click.si\/it\/negozio\/kolesarstvo\/kolesarska-oprema\/kolesarske-celade\/otroske-kolesarske-celade\/otroska-celada-alpina-ximo-disney-3\/","title":{"rendered":"Casco per bambini ALPINA XIMO DISNEY"},"content":{"rendered":"<p>La parte posteriore del casco XIMO \u00e8 profondamente sagomata per offrire una protezione ottimale. I bordi del casco sono ulteriormente protetti dalla tecnologia Edge Protect. Le prese d&#039;aria impediscono ai raggi solari di colpire direttamente la testa, garantendo al contempo una ventilazione sufficiente. La forma piatta nella parte posteriore della testa lo rende ideale per seggiolini per bambini e rimorchi. Per una visibilit\u00e0 ottimale, il casco pu\u00f2 essere dotato opzionalmente di una luce Multi-Fit Light. L&#039;adattamento alla forma della testa avviene tramite il sistema tridimensionale Run System Classic Slide.<\/p>\n<ul>\n<li>HI-EPS: Lo stampo interno dei caschi Alpina \u00e8 realizzato in HI-EPS (polistirene espandibile). Questo materiale \u00e8 composto da microscopici spazi d&#039;aria che assorbono efficacemente le forze generate dall&#039;impatto.<\/li>\n<li>Inmold Tec: nei caschi INMOLD, lo strato interno viene convertito in schiuma ad alta pressione e calore e incollato sotto lo strato esterno. Poich\u00e9 le parti interne ed esterne sono completamente collegate, i caschi INMOLD sono estremamente stabili e molto leggeri. Offrono inoltre una sicurezza significativamente maggiore rispetto ai caschi con incollaggio puntuale.<\/li>\n<li>CALOTTA IN CERAMICA: \u00e8 il nome della calotta esterna di tutti i caschi Alpina realizzata con il processo Inmold. \u00c8 un materiale sottile e leggero, estremamente resistente agli urti e ai graffi, contiene stabilizzatori UV ed \u00e8 antistatico.<\/li>\n<li>Run System Ergo Flex +: la manopola girevole posta sulla parte posteriore della testa consente di adattare facilmente la taglia del casco alla testa, garantendo una vestibilit\u00e0 perfetta e sicurezza.<\/li>\n<li>ERGOMATICA: la fibbia collaudata e collaudata \u00e8 utilizzata su tutti i caschi Alpina. Regolazione multistadio, azionabile con una sola mano. Inoltre, la fibbia non si slaccia da sola in caso di incidente.<\/li>\n<li>Y-CLIP: La clip a Y collega i cinturini anteriori e posteriori sotto le orecchie. Quando la clip \u00e8 slacciata, i cinturini possono essere facilmente riposizionati e regolati con precisione. Ci\u00f2 consente una vestibilit\u00e0 ottimale del casco.<\/li>\n<li>Peso del casco 210 g<\/li>\n<li>12 aperture di ventilazione garantiscono un flusso d&#039;aria ideale all&#039;interno<\/li>\n<li>Rete anti-mosche \u2013 rete di protezione dagli insetti<\/li>\n<li>Opzione: \u00e8 possibile installare una luce aggiuntiva<\/li>\n<\/ul>","protected":false},"excerpt":{"rendered":"<p>Casco da ciclismo per bambini ALPINA XIMO DISNEY<\/p>","protected":false},"featured_media":11113,"template":"","meta":{"_acf_changed":false,"inline_featured_image":false},"product_brand":[678],"product_cat":[577],"product_tag":[1198,1201],"class_list":{"0":"post-11111","1":"product","2":"type-product","3":"status-publish","4":"has-post-thumbnail","6":"product_brand-alpina","7":"product_cat-otroske-kolesarske-celade","8":"product_tag-otroci","9":"product_tag-outlet","10":"pa_velikost-47-51","12":"first","13":"instock","14":"sale","15":"taxable","16":"shipping-taxable","17":"purchasable","18":"product-type-variable"},"acf":[],"_links":{"self":[{"href":"https:\/\/ritosa.click.si\/it\/wp-json\/wp\/v2\/product\/11111","targetHints":{"allow":["GET"]}}],"collection":[{"href":"https:\/\/ritosa.click.si\/it\/wp-json\/wp\/v2\/product"}],"about":[{"href":"https:\/\/ritosa.click.si\/it\/wp-json\/wp\/v2\/types\/product"}],"wp:featuredmedia":[{"embeddable":true,"href":"https:\/\/ritosa.click.si\/it\/wp-json\/wp\/v2\/media\/11113"}],"wp:attachment":[{"href":"https:\/\/ritosa.click.si\/it\/wp-json\/wp\/v2\/media?parent=11111"}],"wp:term":[{"taxonomy":"product_brand","embeddable":true,"href":"https:\/\/ritosa.click.si\/it\/wp-json\/wp\/v2\/product_brand?post=11111"},{"taxonomy":"product_cat","embeddable":true,"href":"https:\/\/ritosa.click.si\/it\/wp-json\/wp\/v2\/product_cat?post=11111"},{"taxonomy":"product_tag","embeddable":true,"href":"https:\/\/ritosa.click.si\/it\/wp-json\/wp\/v2\/product_tag?post=11111"}],"curies":[{"name":"parola chiave","href":"https:\/\/api.w.org\/{rel}","templated":true}]}}