{"id":11067,"date":"2022-04-25T15:05:27","date_gmt":"2022-04-25T15:05:27","guid":{"rendered":"https:\/\/ritosa.click.si\/?post_type=product&#038;p=11067"},"modified":"2025-06-23T15:21:00","modified_gmt":"2025-06-23T13:21:00","slug":"elektricni-skiro-urbis-u5-1","status":"publish","type":"product","link":"https:\/\/ritosa.click.si\/it\/negozio\/kolesarstvo\/elektricni-skiro-urbis-u5-1\/","title":{"rendered":"Monopattino elettrico Urbis U5.1"},"content":{"rendered":"<p><span class=\"VIiyi\" xml:lang=\"sl\" lang=\"sl\"><span class=\"JLqJ4b ChMk0b\"><span class=\"Q4iAWc\">Il controllo dello scooter \u00e8 garantito da un manubrio alto e da una struttura molto solida e robusta.<\/span><\/span> <span class=\"JLqJ4b ChMk0b\"><span class=\"Q4iAWc\">Gli pneumatici tubeless % non richiedono manutenzione.<\/span><\/span> <span class=\"JLqJ4b ChMk0b\"><span class=\"Q4iAWc\">L&#039;ampio display visualizza chiaramente le informazioni sulla velocit\u00e0, sullo stato della batteria e sulla modalit\u00e0 di velocit\u00e0 massima impostata.<\/span><\/span> <span class=\"JLqJ4b ChMk0b\"><span class=\"Q4iAWc\">Lo scooter ha 2 marce con un limitatore di velocit\u00e0 di 15 km\/h e 25 km\/h. La leva del freno aziona il freno a disco posteriore e contemporaneamente il freno elettrico sulla ruota anteriore.<\/span><\/span><\/span><\/p>\n<p><span class=\"VIiyi\" xml:lang=\"sl\" lang=\"sl\"><span class=\"JLqJ4b ChMk0b\"><span class=\"Q4iAWc\"><span class=\"VIiyi\" xml:lang=\"sl\" lang=\"sl\"><span class=\"JLqJ4b ChMk0b\"><span class=\"Q4iAWc\">Autonomia 25 km + -5 km.<\/span><\/span><span class=\"JLqJ4b ChMk0b\"><span class=\"Q4iAWc\"><\/span><\/span> Il giorno<span class=\"JLqJ4b ChMk0b\"><span class=\"Q4iAWc\">L&#039;autonomia effettiva di uno scooter \u00e8 influenzata da: peso del conducente, stile di guida, profilo del percorso, velocit\u00e0, resistenza dell&#039;aria e altro ancora.<\/span><\/span><\/span><\/span><\/span><\/span><\/p>\n<p><span class=\"VIiyi\" xml:lang=\"sl\" lang=\"sl\"><span class=\"JLqJ4b ChMk0b\"><span class=\"Q4iAWc\"><span class=\"VIiyi\" xml:lang=\"sl\" lang=\"sl\"><span class=\"JLqJ4b ChMk0b\"><span class=\"Q4iAWc\"><span class=\"VIiyi\" xml:lang=\"sl\" lang=\"sl\"><span class=\"JLqJ4b ChMk0b\"><span class=\"Q4iAWc\">Lo scooter U5.1 \u00e8 dotato di un sistema di piegatura molto robusto e solido, con una clip grande e resistente nella parte inferiore del manubrio.<\/span><\/span> <span class=\"JLqJ4b ChMk0b\"><span class=\"Q4iAWc\">Per piegarlo, bisogna aprire la clip e spingerla verso l&#039;alto lungo il piantone dello sterzo, che poi si piega insieme al manubrio verso la piastra di base e si fissa con un gancio situato sul parafango posteriore.<\/span><\/span><\/span><\/span><\/span><\/span><\/span><\/span><\/span><\/p>\n<p><span class=\"VIiyi\" xml:lang=\"sl\" lang=\"sl\"><span class=\"JLqJ4b ChMk0b\"><span class=\"Q4iAWc\"><span class=\"VIiyi\" xml:lang=\"sl\" lang=\"sl\"><span class=\"JLqJ4b ChMk0b\"><span class=\"Q4iAWc\"><span class=\"VIiyi\" xml:lang=\"sl\" lang=\"sl\"><span class=\"JLqJ4b ChMk0b\"><span class=\"Q4iAWc\"><span class=\"VIiyi\" xml:lang=\"sl\" lang=\"sl\"><span class=\"JLqJ4b ChMk0b\"><span class=\"Q4iAWc\">Lo scooter pesa al massimo 15 kg e ha una capacit\u00e0 di carico di 100 kg.<\/span><\/span> <\/span><\/span><\/span><\/span><\/span><\/span><\/span><\/span><\/span><\/span><\/p>\n<table>\n<tbody>\n<tr>\n<td>potenza del motore<\/td>\n<td>350W<\/td>\n<\/tr>\n<tr>\n<td>Capacit\u00e0 della batteria<\/td>\n<td>10,4 Ah<\/td>\n<\/tr>\n<tr>\n<td>Portata<\/td>\n<td>20 \u2013 30 chilometri<\/td>\n<\/tr>\n<tr>\n<td>Tempo di ricarica<\/td>\n<td>3 \u2013 5 ore<\/td>\n<\/tr>\n<\/tbody>\n<\/table>","protected":false},"excerpt":{"rendered":"<p>Vantaggio dello scooter elettrico Urbis: pneumatici pieni\u00a0<\/p>","protected":false},"featured_media":11068,"template":"","meta":{"_acf_changed":false,"inline_featured_image":false},"product_brand":[],"product_cat":[1185],"product_tag":[],"class_list":{"0":"post-11067","1":"product","2":"type-product","3":"status-publish","4":"has-post-thumbnail","6":"product_cat-kolesarstvo","8":"first","9":"onbackorder","10":"sale","11":"taxable","12":"shipping-taxable","13":"purchasable","14":"product-type-simple"},"acf":[],"_links":{"self":[{"href":"https:\/\/ritosa.click.si\/it\/wp-json\/wp\/v2\/product\/11067","targetHints":{"allow":["GET"]}}],"collection":[{"href":"https:\/\/ritosa.click.si\/it\/wp-json\/wp\/v2\/product"}],"about":[{"href":"https:\/\/ritosa.click.si\/it\/wp-json\/wp\/v2\/types\/product"}],"wp:featuredmedia":[{"embeddable":true,"href":"https:\/\/ritosa.click.si\/it\/wp-json\/wp\/v2\/media\/11068"}],"wp:attachment":[{"href":"https:\/\/ritosa.click.si\/it\/wp-json\/wp\/v2\/media?parent=11067"}],"wp:term":[{"taxonomy":"product_brand","embeddable":true,"href":"https:\/\/ritosa.click.si\/it\/wp-json\/wp\/v2\/product_brand?post=11067"},{"taxonomy":"product_cat","embeddable":true,"href":"https:\/\/ritosa.click.si\/it\/wp-json\/wp\/v2\/product_cat?post=11067"},{"taxonomy":"product_tag","embeddable":true,"href":"https:\/\/ritosa.click.si\/it\/wp-json\/wp\/v2\/product_tag?post=11067"}],"curies":[{"name":"parola chiave","href":"https:\/\/api.w.org\/{rel}","templated":true}]}}