{"id":11052,"date":"2022-04-25T14:40:18","date_gmt":"2022-04-25T14:40:18","guid":{"rendered":"https:\/\/ritosa.click.si\/?post_type=product&#038;p=11052"},"modified":"2026-03-06T13:17:44","modified_gmt":"2026-03-06T12:17:44","slug":"elektricni-skiro-urbis-u7-1","status":"publish","type":"product","link":"https:\/\/ritosa.click.si\/it\/negozio\/kolesarstvo\/elektricni-skiro-urbis-u7-1\/","title":{"rendered":"Monopattino elettrico Urbis U7.1"},"content":{"rendered":"<ul>\n<li><span class=\"VIiyi\" lang=\"sl\" xml:lang=\"sl\"><span class=\"JLqJ4b ChMk0b\"><span class=\"Q4iAWc\">Il monopattino elettrico URBiS U7.1 \u00e8 la combinazione perfetta tra guida spensierata e, soprattutto, confortevole!<\/span><\/span> <\/span><\/li>\n<li><span class=\"VIiyi\" lang=\"sl\" xml:lang=\"sl\"><span class=\"JLqJ4b ChMk0b\"><span class=\"Q4iAWc\">Gli pneumatici tubeless da 10&#039; garantiscono una guida spensierata senza forature e, grazie al diametro pi\u00f9 ampio, \u00e8 pi\u00f9 facile superare gli ostacoli.<\/span><\/span> <span class=\"JLqJ4b ChMk0b\"><span class=\"Q4iAWc\">Il comfort \u00e8 garantito dalle forcelle anteriori ammortizzate, che rendono piacevole la guida anche su superfici sconnesse.<\/span><\/span> <\/span><\/li>\n<li><span class=\"VIiyi\" lang=\"sl\" xml:lang=\"sl\"><span class=\"JLqJ4b ChMk0b\"><span class=\"Q4iAWc\">Il motore da 500 W \u00e8 posizionato sulla ruota posteriore e funziona con una batteria da 12,5 Ah, che garantisce un&#039;autonomia effettiva di 30 km + \u2013 5 km, a seconda del peso e delle dimensioni dell&#039;utente, delle condizioni meteorologiche, della qualit\u00e0 del terreno, della temperatura esterna, ecc.<\/span><\/span> <span class=\"JLqJ4b ChMk0b\"><span class=\"Q4iAWc\">.<\/span><\/span><\/span><\/li>\n<li><span class=\"VIiyi\" lang=\"sl\" xml:lang=\"sl\"> <span class=\"JLqJ4b ChMk0b\"><span class=\"Q4iAWc\">Nella ruota anteriore \u00e8 installato un freno a tamburo.<\/span><\/span> <span class=\"JLqJ4b ChMk0b\"><span class=\"Q4iAWc\">La forza frenante \u00e8 facilmente regolabile tramite un dado.<\/span><\/span> <span class=\"JLqJ4b ChMk0b\"><span class=\"Q4iAWc\">Un altro innegabile vantaggio del freno a tamburo rispetto al freno a disco \u00e8 il fatto che non richiede manutenzione.<\/span><\/span> <\/span><\/li>\n<li><span class=\"VIiyi\" lang=\"sl\" xml:lang=\"sl\"><span class=\"JLqJ4b ChMk0b\"><span class=\"Q4iAWc\">Ripiegare lo scooter \u00e8 molto semplice, ci vogliono solo pochi secondi.<\/span><\/span> <span class=\"JLqJ4b ChMk0b\"><span class=\"Q4iAWc\">\u00c8 anche possibile connettersi al telefono tramite l&#039;applicazione URBiS, disponibile sia per Android che per iOS.<\/span><\/span><\/span><\/li>\n<\/ul>","protected":false},"excerpt":{"rendered":"<p>Monopattino elettrico Urbis realizzato su ordinazione<\/p>","protected":false},"featured_media":11053,"template":"","meta":{"_acf_changed":false,"inline_featured_image":false,"_monsterinsights_skip_tracking":false,"_monsterinsights_sitenote_active":false,"_monsterinsights_sitenote_note":"","_monsterinsights_sitenote_category":0},"product_brand":[],"product_cat":[1185],"product_tag":[],"class_list":{"0":"post-11052","1":"product","2":"type-product","3":"status-publish","4":"has-post-thumbnail","6":"product_cat-kolesarstvo","8":"first","9":"onbackorder","10":"sale","11":"taxable","12":"shipping-taxable","13":"purchasable","14":"product-type-simple"},"acf":[],"aioseo_notices":[],"_links":{"self":[{"href":"https:\/\/ritosa.click.si\/it\/wp-json\/wp\/v2\/product\/11052","targetHints":{"allow":["GET"]}}],"collection":[{"href":"https:\/\/ritosa.click.si\/it\/wp-json\/wp\/v2\/product"}],"about":[{"href":"https:\/\/ritosa.click.si\/it\/wp-json\/wp\/v2\/types\/product"}],"wp:featuredmedia":[{"embeddable":true,"href":"https:\/\/ritosa.click.si\/it\/wp-json\/wp\/v2\/media\/11053"}],"wp:attachment":[{"href":"https:\/\/ritosa.click.si\/it\/wp-json\/wp\/v2\/media?parent=11052"}],"wp:term":[{"taxonomy":"product_brand","embeddable":true,"href":"https:\/\/ritosa.click.si\/it\/wp-json\/wp\/v2\/product_brand?post=11052"},{"taxonomy":"product_cat","embeddable":true,"href":"https:\/\/ritosa.click.si\/it\/wp-json\/wp\/v2\/product_cat?post=11052"},{"taxonomy":"product_tag","embeddable":true,"href":"https:\/\/ritosa.click.si\/it\/wp-json\/wp\/v2\/product_tag?post=11052"}],"curies":[{"name":"parola chiave","href":"https:\/\/api.w.org\/{rel}","templated":true}]}}