{"id":10955,"date":"2022-03-16T16:56:21","date_gmt":"2022-03-16T16:56:21","guid":{"rendered":"https:\/\/ritosa.click.si\/?post_type=product&#038;p=10955"},"modified":"2026-03-24T16:43:00","modified_gmt":"2026-03-24T15:43:00","slug":"alpina-mythos-3-0-le-3","status":"publish","type":"product","link":"https:\/\/ritosa.click.si\/it\/negozio\/kolesarstvo\/kolesarska-oprema\/kolesarske-celade\/odrasle-kolesarske-celade\/alpina-mythos-3-0-le-3\/","title":{"rendered":"Alpina Mythos 3.0 LE"},"content":{"rendered":"<div class=\"large-10 columns\">\n<div id=\"section-description\" class=\"entry-content\">L&#039;Alpina MYTHOS 3.0 LE \u00e8 il casco da ciclismo pi\u00f9 venduto di Alpina. Il casco \u00e8 estremamente leggero grazie alla costruzione Inmold, in cui la calotta superiore del casco \u00e8 collegata direttamente al sistema Hi-EPS. La parte posteriore della testa e la zona d&#039;ombra sono estese per una sicurezza ottimale sul campo. I bordi del casco sono ulteriormente protetti dalla tecnologia Edge Protect. Ampie prese d&#039;aria garantiscono una ventilazione ideale. Inoltre, la dotazione include il pregiato Run System Ergo Pro, abbinato al sistema Custom Fit con regolazione in altezza, un ulteriore vantaggio in termini di comfort e sicurezza.<\/div>\n<div class=\"entry-content\"><\/div>\n<div class=\"entry-content\">\n<ul>\n<li>HI-EPS \u2013 assorbimento degli urti ottimale grazie al materiale Hi-EPS con camere d&#039;aria microscopiche<\/li>\n<li>Inmold Tec \u2013 Il peso ridotto \u00e8 dovuto alla tecnologia Inmold, in cui la calotta superiore \u00e8 termosaldata all&#039;Hi-EPS. Ci\u00f2 si traduce in una connessione superficiale solida, garantendo un design estremamente solido.<\/li>\n<li>Edge Protect: uno strato protettivo che rende il casco pi\u00f9 resistente a rotture e graffi e offre una protezione aggiuntiva contro le influenze esterne durante l&#039;uso frequente<\/li>\n<li>Calotta in ceramica: \u00e8 il nome della calotta esterna di tutti i caschi Alpina realizzata con il processo Inmold. \u00c8 un materiale sottile e leggero, estremamente resistente agli urti e ai graffi, contiene stabilizzatori UV ed \u00e8 antistatico.<\/li>\n<li>Run System Ergo Flex Pro: il sistema di regolazione fine \u00e8 fluido e morbido al tatto, garantendo il massimo livello di comfort<\/li>\n<li>ERGOMATICA: la fibbia collaudata e collaudata \u00e8 utilizzata su tutti i caschi Alpina. Regolazione multistadio, azionabile con una sola mano. Inoltre, la fibbia non si slaccia da sola in caso di incidente.<\/li>\n<li>Y-CLIP: La clip a Y collega le cinghie anteriori e posteriori sotto le orecchie. Quando la clip \u00e8 slacciata, le cinghie possono essere facilmente riposizionate e regolate con precisione. Ci\u00f2 consente una vestibilit\u00e0 ottimale del casco.<\/li>\n<li>Peso del casco 250 g<\/li>\n<li>25 fori di ventilazione assicurano un flusso d&#039;aria ideale all&#039;interno<\/li>\n<li>Rete anti-mosche \u2013 rete di protezione dagli insetti<\/li>\n<li>Fodera antibatterica e lavabile<\/li>\n<\/ul>\n<\/div>\n<\/div>","protected":false},"excerpt":{"rendered":"<p>Casco da ciclismo ALPINA MYTHOS 3.0 LE<\/p>","protected":false},"featured_media":10958,"template":"","meta":{"_acf_changed":false,"inline_featured_image":false},"product_brand":[678],"product_cat":[662],"product_tag":[],"class_list":{"0":"post-10955","1":"product","2":"type-product","3":"status-publish","4":"has-post-thumbnail","6":"product_brand-alpina","7":"product_cat-odrasle-kolesarske-celade","8":"pa_velikost-52-57","10":"first","11":"instock","12":"sale","13":"taxable","14":"shipping-taxable","15":"purchasable","16":"product-type-variable"},"acf":[],"_links":{"self":[{"href":"https:\/\/ritosa.click.si\/it\/wp-json\/wp\/v2\/product\/10955","targetHints":{"allow":["GET"]}}],"collection":[{"href":"https:\/\/ritosa.click.si\/it\/wp-json\/wp\/v2\/product"}],"about":[{"href":"https:\/\/ritosa.click.si\/it\/wp-json\/wp\/v2\/types\/product"}],"wp:featuredmedia":[{"embeddable":true,"href":"https:\/\/ritosa.click.si\/it\/wp-json\/wp\/v2\/media\/10958"}],"wp:attachment":[{"href":"https:\/\/ritosa.click.si\/it\/wp-json\/wp\/v2\/media?parent=10955"}],"wp:term":[{"taxonomy":"product_brand","embeddable":true,"href":"https:\/\/ritosa.click.si\/it\/wp-json\/wp\/v2\/product_brand?post=10955"},{"taxonomy":"product_cat","embeddable":true,"href":"https:\/\/ritosa.click.si\/it\/wp-json\/wp\/v2\/product_cat?post=10955"},{"taxonomy":"product_tag","embeddable":true,"href":"https:\/\/ritosa.click.si\/it\/wp-json\/wp\/v2\/product_tag?post=10955"}],"curies":[{"name":"parola chiave","href":"https:\/\/api.w.org\/{rel}","templated":true}]}}