{"id":10937,"date":"2022-03-16T14:22:00","date_gmt":"2022-03-16T14:22:00","guid":{"rendered":"https:\/\/ritosa.click.si\/?post_type=product&#038;p=10937"},"modified":"2026-03-24T17:07:45","modified_gmt":"2026-03-24T16:07:45","slug":"specialized-mode","status":"publish","type":"product","link":"https:\/\/ritosa.click.si\/it\/negozio\/kolesarstvo\/kolesarska-oprema\/kolesarske-celade\/odrasle-kolesarske-celade\/specialized-mode\/","title":{"rendered":"Specialized Mode"},"content":{"rendered":"<p><span class=\"VIiyi\" lang=\"sl\" xml:lang=\"sl\"><span class=\"JLqJ4b\">La tecnologia pi\u00f9 avanzata e intelligente sulla tua bici \u00e8 quella che si aggancia alle spalle. Ecco perch\u00e9 il nuovo casco Mode \u00e8 progettato per adattarsi perfettamente e farti sentire e apparire alla moda. Le sue linee pulite ed eleganti offrono uno stile moderno e raffinato, e includono prese d&#039;aria nascoste per un maggiore flusso d&#039;aria, cos\u00ec rimani fresco anche quando le temperature salgono. Un sistema di regolazione della taglia perfettamente integrato ti consente di ottimizzare la vestibilit\u00e0. Conquista le strade della citt\u00e0 con il casco Mode.<br \/>\n<\/span><\/span><\/p>\n<ul>\n<li><span class=\"VIiyi\" lang=\"sl\" xml:lang=\"sl\"><span class=\"JLqJ4b\">Conforme allo standard di sicurezza CPSC degli Stati Uniti per i caschi da bicicletta destinati a persone dai 5 anni in su. <\/span><\/span><\/li>\n<li><span class=\"VIiyi\" lang=\"sl\" xml:lang=\"sl\"><span class=\"JLqJ4b\">L&#039;integrazione di prese d&#039;aria nascoste aiuta a mantenerti fresco, anche nelle giornate pi\u00f9 calde. <\/span><\/span><\/li>\n<li><span class=\"VIiyi\" lang=\"sl\" xml:lang=\"sl\"><span class=\"JLqJ4b\">Il sistema di regolazione integrato garantisce una vestibilit\u00e0 ottimale e la regolazione della presa del casco sulla parte posteriore della testa.<\/span><\/span><\/li>\n<li><span class=\"VIiyi\" lang=\"sl\" xml:lang=\"sl\"><span class=\"JLqJ4b\">Mode ha ottenuto il massimo riconoscimento a 5 stelle Virginia Tech\u00ae Helmet Rating\u2122 dal Virginia Polytechnic Institute and State University, istituto riconosciuto a livello internazionale. <\/span><\/span><\/li>\n<li><span class=\"VIiyi\" lang=\"sl\" xml:lang=\"sl\"><span class=\"JLqJ4b\">Che tu guidi una bici acustica o elettrica, Mode supera lo standard olandese per bici elettriche NTA8776, cos\u00ec puoi guidare con sicurezza e sicurezza <\/span><\/span><\/li>\n<li><span class=\"VIiyi\" lang=\"sl\" xml:lang=\"sl\"><span class=\"JLqJ4b\">Gli adesivi riflettenti e la compatibilit\u00e0 con Stix Light garantiscono una visibilit\u00e0 impeccabile sia di giorno che di notte. <\/span><\/span><\/li>\n<li><span class=\"VIiyi\" lang=\"sl\" xml:lang=\"sl\"><span class=\"JLqJ4b\">Dotato di predisposizione MIPS e ANGi.<\/span><\/span><\/li>\n<\/ul>","protected":false},"excerpt":{"rendered":"<p>Kolesarska \u010delada za elektri\u010dno kolo Specialized Mode &#8211; z sistemom Mips<\/p>","protected":false},"featured_media":10939,"template":"","meta":{"_acf_changed":false,"inline_featured_image":false,"_monsterinsights_skip_tracking":false,"_monsterinsights_sitenote_active":false,"_monsterinsights_sitenote_note":"","_monsterinsights_sitenote_category":0},"product_brand":[673],"product_cat":[662],"product_tag":[1201],"class_list":{"0":"post-10937","1":"product","2":"type-product","3":"status-publish","4":"has-post-thumbnail","6":"product_brand-specialized","7":"product_cat-odrasle-kolesarske-celade","8":"product_tag-outlet","9":"pa_velikost-55-59","11":"first","12":"instock","13":"sale","14":"taxable","15":"shipping-taxable","16":"purchasable","17":"product-type-variable"},"acf":[],"aioseo_notices":[],"_links":{"self":[{"href":"https:\/\/ritosa.click.si\/it\/wp-json\/wp\/v2\/product\/10937","targetHints":{"allow":["GET"]}}],"collection":[{"href":"https:\/\/ritosa.click.si\/it\/wp-json\/wp\/v2\/product"}],"about":[{"href":"https:\/\/ritosa.click.si\/it\/wp-json\/wp\/v2\/types\/product"}],"wp:featuredmedia":[{"embeddable":true,"href":"https:\/\/ritosa.click.si\/it\/wp-json\/wp\/v2\/media\/10939"}],"wp:attachment":[{"href":"https:\/\/ritosa.click.si\/it\/wp-json\/wp\/v2\/media?parent=10937"}],"wp:term":[{"taxonomy":"product_brand","embeddable":true,"href":"https:\/\/ritosa.click.si\/it\/wp-json\/wp\/v2\/product_brand?post=10937"},{"taxonomy":"product_cat","embeddable":true,"href":"https:\/\/ritosa.click.si\/it\/wp-json\/wp\/v2\/product_cat?post=10937"},{"taxonomy":"product_tag","embeddable":true,"href":"https:\/\/ritosa.click.si\/it\/wp-json\/wp\/v2\/product_tag?post=10937"}],"curies":[{"name":"parola chiave","href":"https:\/\/api.w.org\/{rel}","templated":true}]}}