{"id":10919,"date":"2022-03-16T13:28:16","date_gmt":"2022-03-16T13:28:16","guid":{"rendered":"https:\/\/ritosa.click.si\/?post_type=product&#038;p=10919"},"modified":"2026-03-24T10:00:42","modified_gmt":"2026-03-24T09:00:42","slug":"otroska-celada-alpina-carapax-jr-flash","status":"publish","type":"product","link":"https:\/\/ritosa.click.si\/it\/negozio\/kolesarstvo\/kolesarska-oprema\/kolesarske-celade\/otroske-kolesarske-celade\/otroska-celada-alpina-carapax-jr-flash\/","title":{"rendered":"Casco per bambini ALPINA CARAPAX JR.FLASH"},"content":{"rendered":"<p>Per adulti e bambini: il casco CARAPAX JR. FLASH presenta numerose caratteristiche simili a quelle disponibili per adulti. La struttura Inmold, in cui la calotta superiore \u00e8 direttamente collegata al sistema Hi-EPS, rende il casco estremamente leggero, la parte posteriore della testa e la zona in ombra sono profondamente imbutite per una sicurezza ottimale sul campo, e i bordi del casco sono ulteriormente protetti dalla tecnologia Edge Protect. Inoltre, le ampie prese d&#039;aria garantiscono una ventilazione ideale. Il Run System Classic si adatta a qualsiasi forma della testa. La luce Multi-Fit, posizionata sul retro del casco, garantisce una visibilit\u00e0 ottimale.<\/p>\n<ul>\n<li>CALOTTA IN CERAMICA: \u00e8 il nome della calotta esterna di tutti i caschi Alpina realizzata con il processo Inmold. \u00c8 un materiale sottile e leggero, estremamente resistente agli urti e ai graffi, contiene stabilizzatori UV ed \u00e8 antistatico.<\/li>\n<li>ERGOMATICA: la fibbia collaudata e collaudata \u00e8 utilizzata su tutti i caschi Alpina. Regolazione multistadio, azionabile con una sola mano. Inoltre, la fibbia non si slaccia da sola in caso di incidente.<\/li>\n<li>HI-EPS: Lo stampo interno dei caschi Alpina \u00e8 realizzato in HI-EPS (polistirene espandibile). Questo materiale \u00e8 composto da microscopici spazi d&#039;aria che assorbono efficacemente le forze generate dall&#039;impatto.<\/li>\n<li>Inmold Tec: nei caschi INMOLD, lo strato interno viene convertito in schiuma ad alta pressione e calore e incollato sotto lo strato esterno. Poich\u00e9 le parti interne ed esterne sono completamente collegate, i caschi INMOLD sono estremamente stabili e molto leggeri. Offrono inoltre una sicurezza significativamente maggiore rispetto ai caschi con incollaggio puntuale.<\/li>\n<li>Y-CLIP: La clip a Y collega i cinturini anteriori e posteriori sotto le orecchie. Quando la clip \u00e8 slacciata, i cinturini possono essere facilmente riposizionati e regolati con precisione. Ci\u00f2 consente una vestibilit\u00e0 ottimale del casco.<\/li>\n<li>EDGE PROTECT: uno strato protettivo che rende il casco pi\u00f9 resistente a rotture e graffi e offre una protezione aggiuntiva contro le influenze esterne durante l&#039;uso frequente<\/li>\n<li>La manopola girevole Run System Classic sulla parte posteriore della testa consente di regolare facilmente la taglia del casco in base alla testa, garantendo una vestibilit\u00e0 perfetta e sicurezza<\/li>\n<li>luce LED integrata<\/li>\n<\/ul>","protected":false},"excerpt":{"rendered":"<p>Casco da ciclismo per bambini ALPINA CARAPAX JR.FLASH<\/p>","protected":false},"featured_media":10921,"template":"","meta":{"_acf_changed":false,"inline_featured_image":false},"product_brand":[678],"product_cat":[577],"product_tag":[1198],"class_list":{"0":"post-10919","1":"product","2":"type-product","3":"status-publish","4":"has-post-thumbnail","6":"product_brand-alpina","7":"product_cat-otroske-kolesarske-celade","8":"product_tag-otroci","9":"pa_velikost-51-56","11":"first","12":"instock","13":"sale","14":"taxable","15":"shipping-taxable","16":"purchasable","17":"product-type-variable"},"acf":[],"_links":{"self":[{"href":"https:\/\/ritosa.click.si\/it\/wp-json\/wp\/v2\/product\/10919","targetHints":{"allow":["GET"]}}],"collection":[{"href":"https:\/\/ritosa.click.si\/it\/wp-json\/wp\/v2\/product"}],"about":[{"href":"https:\/\/ritosa.click.si\/it\/wp-json\/wp\/v2\/types\/product"}],"wp:featuredmedia":[{"embeddable":true,"href":"https:\/\/ritosa.click.si\/it\/wp-json\/wp\/v2\/media\/10921"}],"wp:attachment":[{"href":"https:\/\/ritosa.click.si\/it\/wp-json\/wp\/v2\/media?parent=10919"}],"wp:term":[{"taxonomy":"product_brand","embeddable":true,"href":"https:\/\/ritosa.click.si\/it\/wp-json\/wp\/v2\/product_brand?post=10919"},{"taxonomy":"product_cat","embeddable":true,"href":"https:\/\/ritosa.click.si\/it\/wp-json\/wp\/v2\/product_cat?post=10919"},{"taxonomy":"product_tag","embeddable":true,"href":"https:\/\/ritosa.click.si\/it\/wp-json\/wp\/v2\/product_tag?post=10919"}],"curies":[{"name":"parola chiave","href":"https:\/\/api.w.org\/{rel}","templated":true}]}}