{"id":10909,"date":"2022-03-16T13:22:20","date_gmt":"2022-03-16T13:22:20","guid":{"rendered":"https:\/\/ritosa.click.si\/?post_type=product&#038;p=10909"},"modified":"2026-03-24T10:23:02","modified_gmt":"2026-03-24T09:23:02","slug":"otroska-celada-alpina-ximo-l-e-2","status":"publish","type":"product","link":"https:\/\/ritosa.click.si\/it\/negozio\/kolesarstvo\/kolesarska-oprema\/kolesarske-celade\/otroske-kolesarske-celade\/otroska-celada-alpina-ximo-l-e-2\/","title":{"rendered":"Casco per bambini ALPINA XIMO LE"},"content":{"rendered":"<p>La migliore protezione possibile per le teste pi\u00f9 piccole: questo \u00e8 ci\u00f2 che offre XIMO LE di Alpine. Il casco per bambini offre numerose soluzioni dettagliate che mirano a un unico obiettivo: massima sicurezza con il massimo comfort. Per una vestibilit\u00e0 perfetta, il Run System Classic Slide, regolabile in tre dimensioni, garantisce un elevato livello di comfort e protezione. Il peso ridotto \u00e8 il risultato di una produzione senza cuciture, in cui la calotta superiore \u00e8 termosaldata all&#039;Hi-EPS. Ci\u00f2 si traduce in una solida superficie di giunzione, responsabile di un design estremamente solido. Inoltre, i bordi sono rifiniti con la calotta in policarbonato Edge Protect. Le prese d&#039;aria sono posizionate strategicamente per proteggere la testa dai raggi solari, garantendo al contempo un&#039;eccellente ventilazione. La parte posteriore del casco da ciclismo \u00e8 progettata per essere piatta e aumenta il comfort quando si \u00e8 seduti su un seggiolino o un rimorchio. I riflettori e la luce Multi-Fit, installabile a posteriori, garantiscono un&#039;elevata visibilit\u00e0 al crepuscolo o di notte. L&#039;elenco delle caratteristiche \u00e8 completato da una finitura opaca di alta qualit\u00e0. La caratteristica principale del casco Ximo LE \u00e8 che i caschi sono realizzati in colori opachi e lucidi per una visibilit\u00e0 ancora migliore.<\/p>\n<ul>\n<li>HI-EPS: Lo stampo interno dei caschi Alpina \u00e8 realizzato in HI-EPS (polistirene espandibile). Questo materiale \u00e8 composto da microscopici spazi d&#039;aria che assorbono efficacemente le forze generate dall&#039;impatto.<\/li>\n<li>Inmold Tec: nei caschi INMOLD, lo strato interno viene convertito in schiuma ad alta pressione e calore e incollato sotto lo strato esterno. Poich\u00e9 le parti interne ed esterne sono completamente collegate, i caschi INMOLD sono estremamente stabili e molto leggeri. Offrono inoltre una sicurezza significativamente maggiore rispetto ai caschi con incollaggio puntuale.<\/li>\n<li>CALOTTA IN CERAMICA: \u00e8 il nome della calotta esterna di tutti i caschi Alpina realizzata con il processo Inmold. \u00c8 un materiale sottile e leggero, estremamente resistente agli urti e ai graffi, contiene stabilizzatori UV ed \u00e8 antistatico.<\/li>\n<li>Run System Ergo Flex +: la manopola girevole posta sulla parte posteriore della testa consente di adattare facilmente la taglia del casco alla testa, garantendo una vestibilit\u00e0 perfetta e sicurezza.<\/li>\n<li>ERGOMATICA: la fibbia collaudata e collaudata \u00e8 utilizzata su tutti i caschi Alpina. Regolazione multistadio, azionabile con una sola mano. Inoltre, la fibbia non si slaccia da sola in caso di incidente.<\/li>\n<li>Y-CLIP: La clip a Y collega i cinturini anteriori e posteriori sotto le orecchie. Quando la clip \u00e8 slacciata, i cinturini possono essere facilmente riposizionati e regolati con precisione. Ci\u00f2 consente una vestibilit\u00e0 ottimale del casco.<\/li>\n<li>Peso del casco 210 g<\/li>\n<li>12 aperture di ventilazione garantiscono un flusso d&#039;aria ideale all&#039;interno<\/li>\n<li>Rete anti-mosche \u2013 rete di protezione dagli insetti<\/li>\n<li>Opzione: \u00e8 possibile installare una luce aggiuntiva<\/li>\n<\/ul>","protected":false},"excerpt":{"rendered":"<p>Casco da ciclismo per bambini ALPINA XIMO LE.<\/p>","protected":false},"featured_media":10913,"template":"","meta":{"_acf_changed":false,"inline_featured_image":false,"_monsterinsights_skip_tracking":false,"_monsterinsights_sitenote_active":false,"_monsterinsights_sitenote_note":"","_monsterinsights_sitenote_category":0},"product_brand":[678],"product_cat":[577],"product_tag":[1198],"class_list":{"0":"post-10909","1":"product","2":"type-product","3":"status-publish","4":"has-post-thumbnail","6":"product_brand-alpina","7":"product_cat-otroske-kolesarske-celade","8":"product_tag-otroci","9":"pa_velikost-49-54","11":"first","12":"instock","13":"sale","14":"taxable","15":"shipping-taxable","16":"purchasable","17":"product-type-variable"},"acf":[],"aioseo_notices":[],"_links":{"self":[{"href":"https:\/\/ritosa.click.si\/it\/wp-json\/wp\/v2\/product\/10909","targetHints":{"allow":["GET"]}}],"collection":[{"href":"https:\/\/ritosa.click.si\/it\/wp-json\/wp\/v2\/product"}],"about":[{"href":"https:\/\/ritosa.click.si\/it\/wp-json\/wp\/v2\/types\/product"}],"wp:featuredmedia":[{"embeddable":true,"href":"https:\/\/ritosa.click.si\/it\/wp-json\/wp\/v2\/media\/10913"}],"wp:attachment":[{"href":"https:\/\/ritosa.click.si\/it\/wp-json\/wp\/v2\/media?parent=10909"}],"wp:term":[{"taxonomy":"product_brand","embeddable":true,"href":"https:\/\/ritosa.click.si\/it\/wp-json\/wp\/v2\/product_brand?post=10909"},{"taxonomy":"product_cat","embeddable":true,"href":"https:\/\/ritosa.click.si\/it\/wp-json\/wp\/v2\/product_cat?post=10909"},{"taxonomy":"product_tag","embeddable":true,"href":"https:\/\/ritosa.click.si\/it\/wp-json\/wp\/v2\/product_tag?post=10909"}],"curies":[{"name":"parola chiave","href":"https:\/\/api.w.org\/{rel}","templated":true}]}}