{"id":10882,"date":"2022-03-15T09:53:30","date_gmt":"2022-03-15T09:53:30","guid":{"rendered":"https:\/\/ritosa.click.si\/?post_type=product&#038;p=10882"},"modified":"2026-03-27T17:45:31","modified_gmt":"2026-03-27T16:45:31","slug":"specialized-sirrus-1-0","status":"publish","type":"product","link":"https:\/\/ritosa.click.si\/it\/negozio\/kolesarstvo\/kolesa\/treking-kolesa\/specialized-sirrus-1-0\/","title":{"rendered":"Specialized Sirrus 1.0"},"content":{"rendered":"<p><span class=\"tlid-translation translation\" lang=\"sl\" xml:lang=\"sl\">Vuoi andare a trovare gli amici, visitare nuovi posti e persino raggiungere i tuoi obiettivi di fitness in poco tempo. Lo sappiamo: la vita scorre veloce e la Sirrus pu\u00f2 aiutarti in tutto questo. Ovunque tu voglia andare, la Sirrus ti ci porter\u00e0. La Sirrus \u00e8 dotata di un telaio in alluminio A1 e di affidabili componenti MicroSHIFT, progettati per resistere all&#039;uso quotidiano. I potenti freni V-brake offrono una potenza frenante affidabile in qualsiasi condizione. E i punti di contatto Body Geometry, comodi ed ergonomici, ti garantiranno il massimo comfort anche nelle uscite pi\u00f9 lunghe.<\/span><\/p>\n<div class=\"line clearfix even\">\n<div class=\"l\">Telaio<\/div>\n<div class=\"r\">Alluminio Specialized A1 Premium, geometria Fitness, tubi rinforzati, passaggio cavi interno, freno a V, sgancio rapido, supporti per portapacchi\/parafango Plug + Play<\/div>\n<\/div>\n<div class=\"line clearfix\">\n<div class=\"l\">Forchetta<\/div>\n<div class=\"r\">Acciaio Hi-Ten, freni a V, supporti parafango Plug + Play, supporti portapacchi Low Rider, sgancio rapido<\/div>\n<\/div>\n<div class=\"line clearfix even\">\n<div class=\"l\">Stelo<\/div>\n<div class=\"r\">Specialized Flowset, integrato, lega forgiata in 3D, 4 bulloni, inclinazione di 12 gradi, morsetto da 31,8 mm<\/div>\n<\/div>\n<div class=\"line clearfix\">\n<div class=\"l\">Nastri<\/div>\n<div class=\"r\">Specialized Body Geometry XCT, lock-on<\/div>\n<\/div>\n<div class=\"line clearfix even\">\n<div class=\"l\">Manubrio<\/div>\n<div class=\"r\">Lega a doppio spessore, inclinazione all&#039;indietro di 5 gradi, 25,4 mm<\/div>\n<\/div>\n<div class=\"line clearfix\">\n<div class=\"l\">Sella<\/div>\n<div class=\"r\">Bridge Sport, binari in acciaio, 155\/143 mm<\/div>\n<\/div>\n<div class=\"line clearfix even\">\n<div class=\"l\">Freno anteriore<\/div>\n<div class=\"r\">Freno a V, trazione lineare<\/div>\n<\/div>\n<div class=\"line clearfix\">\n<div class=\"l\">Freno posteriore<\/div>\n<div class=\"r\">Freno a V, trazione lineare<\/div>\n<\/div>\n<div class=\"line clearfix even\">\n<div class=\"l\">Deragliatore posteriore<\/div>\n<div class=\"r\">microSHIFT RD-M26S, 7 velocit\u00e0<\/div>\n<\/div>\n<div class=\"line clearfix\">\n<div class=\"l\">Leve del cambio<\/div>\n<div class=\"r\">microSHIFT TS39 Trigger shift, 7 velocit\u00e0<\/div>\n<\/div>\n<div class=\"line clearfix even\">\n<div class=\"l\">Deragliatore anteriore<\/div>\n<div class=\"r\">MicroSHIFT FD-T202, morsetto a fascia<\/div>\n<\/div>\n<div class=\"line clearfix\">\n<div class=\"l\">Cassetta<\/div>\n<div class=\"r\">SunRace, 7 velocit\u00e0, 11-34t<\/div>\n<\/div>\n<div class=\"line clearfix even\">\n<div class=\"l\">Guarnitura<\/div>\n<div class=\"r\">Bracci in alluminio forgiato, 3 pezzi, 46\/30T<\/div>\n<\/div>\n<div class=\"line clearfix\">\n<div class=\"l\">Corone<\/div>\n<div class=\"r\">46\/30T con paracatena<\/div>\n<\/div>\n<div class=\"line clearfix even\">\n<div class=\"l\">Movimento centrale<\/div>\n<div class=\"r\">BSA, cono quadrato, 68 mm<\/div>\n<\/div>\n<div class=\"line clearfix\">\n<div class=\"l\">Catena<\/div>\n<div class=\"r\">KMC X8 con Missing Link\u2122<\/div>\n<\/div>\n<div class=\"line clearfix even\">\n<div class=\"l\">Pedali<\/div>\n<div class=\"r\">Specialized Body Geometry Fitness, piattaforma, plastica<\/div>\n<\/div>\n<div class=\"line clearfix\">\n<div class=\"l\">Cerchioni<\/div>\n<div class=\"r\">Freno a cerchio 700C, lega a doppia parete, profondit\u00e0 22 mm, larghezza interna 21 mm, freno a cerchio<\/div>\n<\/div>\n<div class=\"line clearfix even\">\n<div class=\"l\">Raggi<\/div>\n<div class=\"r\">Acciaio inossidabile, 14 g<\/div>\n<\/div>\n<div class=\"line clearfix\">\n<div class=\"l\">Mozzo anteriore<\/div>\n<div class=\"r\">Lega, cuscinetti a sfere mobili, sgancio rapido, 32 fori<\/div>\n<\/div>\n<div class=\"line clearfix even\">\n<div class=\"l\">Mozzo posteriore<\/div>\n<div class=\"r\">Lega, cuscinetti a sfere mobili, sgancio rapido, ruota libera a 7 velocit\u00e0, 32 fori<\/div>\n<\/div>\n<div class=\"line clearfix\">\n<div class=\"l\">Camere d&#039;aria<\/div>\n<div class=\"r\">Valvola Schrader, 40 mm<\/div>\n<\/div>\n<div class=\"line clearfix even\">\n<div class=\"l\">Pneumatico anteriore<\/div>\n<div class=\"r\">RoadSport, tallone rigido, carcassa Blackbelt\/Endurant, 700x32c<\/div>\n<\/div>\n<div class=\"line clearfix\">\n<div class=\"l\">Pneumatico posteriore<\/div>\n<div class=\"r\">RoadSport, tallone rigido, carcassa Blackbelt\/Endurant, 700x32c<\/div>\n<\/div>\n<div class=\"line clearfix even\">\n<div class=\"l\">reggisella<\/div>\n<div class=\"r\">Lega, offset 12 mm, morsetto a 2 bulloni, 27,2 mm<\/div>\n<\/div>\n<div class=\"line clearfix\">\n<div class=\"l\">Fascia per sedile<\/div>\n<div class=\"r\">Tipo a bullone, 31,8 mm<\/div>\n<div><\/div>\n<div class=\"r\"><\/div>\n<div class=\"r\">\n<table>\n<tbody>\n<tr class=\"even first\">\n<td>Misurare<\/td>\n<th>XXS<\/th>\n<th>Taglia XS<\/th>\n<th>Con<\/th>\n<th>M<\/th>\n<th>L<\/th>\n<th>XL<\/th>\n<\/tr>\n<tr>\n<td>BB Drop<\/td>\n<td>70<\/td>\n<td>70<\/td>\n<td>70<\/td>\n<td>70<\/td>\n<td>70<\/td>\n<td>70<\/td>\n<\/tr>\n<tr class=\"even\">\n<td>Altezza BB<\/td>\n<td>278<\/td>\n<td>278<\/td>\n<td>278<\/td>\n<td>278<\/td>\n<td>278<\/td>\n<td>278<\/td>\n<\/tr>\n<tr>\n<td>Altezza di appoggio della bici<\/td>\n<td>692<\/td>\n<td>715<\/td>\n<td>745<\/td>\n<td>775<\/td>\n<td>805<\/td>\n<td>827<\/td>\n<\/tr>\n<tr class=\"even\">\n<td>Lunghezza del carro posteriore<\/td>\n<td>440<\/td>\n<td>440<\/td>\n<td>440<\/td>\n<td>440<\/td>\n<td>440<\/td>\n<td>440<\/td>\n<\/tr>\n<tr>\n<td>Lunghezza della manovella<\/td>\n<td>170 millimetri<\/td>\n<td>170 millimetri<\/td>\n<td>170 millimetri<\/td>\n<td>170 millimetri<\/td>\n<td>175 millimetri<\/td>\n<td>175 millimetri<\/td>\n<\/tr>\n<tr class=\"even\">\n<td>Lunghezza della forcella (completa)<\/td>\n<td>395<\/td>\n<td>395<\/td>\n<td>395<\/td>\n<td>395<\/td>\n<td>395<\/td>\n<td>395<\/td>\n<\/tr>\n<tr>\n<td>Rastrello\/offset forcella<\/td>\n<td>51<\/td>\n<td>51<\/td>\n<td>51<\/td>\n<td>51<\/td>\n<td>51<\/td>\n<td>51<\/td>\n<\/tr>\n<tr class=\"even\">\n<td>Davanti al centro<\/td>\n<td>605<\/td>\n<td>622<\/td>\n<td>630<\/td>\n<td>635<\/td>\n<td>645<\/td>\n<td>665<\/td>\n<\/tr>\n<tr>\n<td>Larghezza del manubrio<\/td>\n<td>580 millimetri<\/td>\n<td>580 millimetri<\/td>\n<td>600 millimetri<\/td>\n<td>600 millimetri<\/td>\n<td>620 mm<\/td>\n<td>620 mm<\/td>\n<\/tr>\n<tr class=\"even\">\n<td>Angolo del tubo sterzo<\/td>\n<td>69.5<\/td>\n<td>70<\/td>\n<td>70<\/td>\n<td>71<\/td>\n<td>71<\/td>\n<td>71<\/td>\n<\/tr>\n<tr>\n<td>Lunghezza del tubo sterzo<\/td>\n<td>121<\/td>\n<td>139<\/td>\n<td>147<\/td>\n<td>175<\/td>\n<td>191<\/td>\n<td>217<\/td>\n<\/tr>\n<tr class=\"even\">\n<td>Portata<\/td>\n<td>373<\/td>\n<td>388<\/td>\n<td>393<\/td>\n<td>398<\/td>\n<td>402<\/td>\n<td>414<\/td>\n<\/tr>\n<tr>\n<td>Larghezza della sella<\/td>\n<td>155 millimetri<\/td>\n<td>155 millimetri<\/td>\n<td>155 millimetri<\/td>\n<td>143 millimetri<\/td>\n<td>143 millimetri<\/td>\n<td>143 millimetri<\/td>\n<\/tr>\n<tr class=\"even\">\n<td>Angolo del tubo sella<\/td>\n<td>73.5<\/td>\n<td>73.5<\/td>\n<td>73.5<\/td>\n<td>73.5<\/td>\n<td>73.5<\/td>\n<td>73.5<\/td>\n<\/tr>\n<tr>\n<td>Lunghezza del tubo sella<\/td>\n<td>360<\/td>\n<td>395<\/td>\n<td>440<\/td>\n<td>470<\/td>\n<td>510<\/td>\n<td>530<\/td>\n<\/tr>\n<tr class=\"even\">\n<td>Lunghezza del reggisella<\/td>\n<td>300 millimetri<\/td>\n<td>300 millimetri<\/td>\n<td>350mm<\/td>\n<td>350mm<\/td>\n<td>400 millimetri<\/td>\n<td>400 millimetri<\/td>\n<\/tr>\n<tr>\n<td>Pila<\/td>\n<td>536<\/td>\n<td>555<\/td>\n<td>562<\/td>\n<td>593<\/td>\n<td>608<\/td>\n<td>632<\/td>\n<\/tr>\n<tr class=\"even\">\n<td>Lunghezza dello stelo<\/td>\n<td>60 millimetri<\/td>\n<td>60 millimetri<\/td>\n<td>75 millimetri<\/td>\n<td>75 millimetri<\/td>\n<td>90mm<\/td>\n<td>110 millimetri<\/td>\n<\/tr>\n<tr>\n<td>Lunghezza del tubo orizzontale<\/td>\n<td>531<\/td>\n<td>552<\/td>\n<td>559<\/td>\n<td>573<\/td>\n<td>582<\/td>\n<td>601<\/td>\n<\/tr>\n<tr class=\"even\">\n<td>Sentiero<\/td>\n<td>75<\/td>\n<td>72<\/td>\n<td>72<\/td>\n<td>65<\/td>\n<td>65<\/td>\n<td>65<\/td>\n<\/tr>\n<tr>\n<td>Passo<\/td>\n<td>1036<\/td>\n<td>1053<\/td>\n<td>1061<\/td>\n<td>1066<\/td>\n<td>1075<\/td>\n<td>1096<\/td>\n<\/tr>\n<\/tbody>\n<\/table>\n<\/div>\n<\/div>","protected":false},"excerpt":{"rendered":"<p>Bici da trekking Specialized Sirrus 1.0<\/p>\n<p>2 x 7 marce \u2013 pneumatici pi\u00f9 larghi possono essere montati a un costo aggiuntivo<\/p>","protected":false},"featured_media":10885,"template":"","meta":{"_acf_changed":false,"inline_featured_image":false},"product_brand":[673],"product_cat":[499],"product_tag":[1201],"class_list":{"0":"post-10882","1":"product","2":"type-product","3":"status-publish","4":"has-post-thumbnail","6":"product_brand-specialized","7":"product_cat-treking-kolesa","8":"product_tag-outlet","9":"pa_velikost-l","11":"first","12":"instock","13":"sale","14":"taxable","15":"shipping-taxable","16":"purchasable","17":"product-type-variable"},"acf":[],"_links":{"self":[{"href":"https:\/\/ritosa.click.si\/it\/wp-json\/wp\/v2\/product\/10882","targetHints":{"allow":["GET"]}}],"collection":[{"href":"https:\/\/ritosa.click.si\/it\/wp-json\/wp\/v2\/product"}],"about":[{"href":"https:\/\/ritosa.click.si\/it\/wp-json\/wp\/v2\/types\/product"}],"wp:featuredmedia":[{"embeddable":true,"href":"https:\/\/ritosa.click.si\/it\/wp-json\/wp\/v2\/media\/10885"}],"wp:attachment":[{"href":"https:\/\/ritosa.click.si\/it\/wp-json\/wp\/v2\/media?parent=10882"}],"wp:term":[{"taxonomy":"product_brand","embeddable":true,"href":"https:\/\/ritosa.click.si\/it\/wp-json\/wp\/v2\/product_brand?post=10882"},{"taxonomy":"product_cat","embeddable":true,"href":"https:\/\/ritosa.click.si\/it\/wp-json\/wp\/v2\/product_cat?post=10882"},{"taxonomy":"product_tag","embeddable":true,"href":"https:\/\/ritosa.click.si\/it\/wp-json\/wp\/v2\/product_tag?post=10882"}],"curies":[{"name":"parola chiave","href":"https:\/\/api.w.org\/{rel}","templated":true}]}}