{"id":10872,"date":"2022-02-24T10:37:57","date_gmt":"2022-02-24T10:37:57","guid":{"rendered":"https:\/\/ritosa.click.si\/?post_type=product&#038;p=10872"},"modified":"2026-03-24T17:05:08","modified_gmt":"2026-03-24T16:05:08","slug":"alpina-valparola","status":"publish","type":"product","link":"https:\/\/ritosa.click.si\/it\/negozio\/kolesarstvo\/kolesarska-oprema\/kolesarske-celade\/odrasle-kolesarske-celade\/alpina-valparola\/","title":{"rendered":"Valparola Alpina"},"content":{"rendered":"<p>Strade, montagne, salite, discese: questo \u00e8 il mondo di Valparola. Il casco da bici da corsa leggero ALPINA VALPAROLA si dimostra vincente grazie al suo peso ridotto e all&#039;eccellente ventilazione. L&#039;aerodinamica \u00e8 stata al centro dello sviluppo. Grazie alle 27 aperture di ventilazione, la testa rimane sempre fresca durante la guida. Il peso ridotto \u00e8 dovuto alla costruzione INMOLD, dove la calotta superiore del casco \u00e8 termosaldata all&#039;Hi-EPS. Questo si traduce in una connessione superficiale che conferisce una struttura molto solida. La particolarit\u00e0 del Valparola: \u00e8 costituito da un sistema di calotta in tre parti che offre la massima stabilit\u00e0 a ogni parte del casco. La produzione &quot;Made in Germany&quot; garantisce inoltre la massima qualit\u00e0 produttiva.<\/p>\n<ul>\n<li><strong>HI-EPS:<\/strong> La calotta interna dei caschi Alpina \u00e8 realizzata in HI-EPS (polistirene espandibile). Questo materiale \u00e8 composto da microscopici spazi d&#039;aria che assorbono efficacemente le forze generate dall&#039;impatto.<\/li>\n<li><strong>Inmold Tec:<\/strong> Nei caschi INMOLD, lo strato interno viene schiumato ad alta pressione e calore e incollato sotto lo strato esterno. Poich\u00e9 le parti interne ed esterne sono completamente collegate, i caschi INMOLD sono estremamente stabili e molto leggeri. Offrono inoltre una sicurezza significativamente maggiore rispetto ai caschi con incollaggio puntuale.<\/li>\n<li><strong>PROTEZIONE BORDI:<\/strong> uno strato protettivo che rende il casco pi\u00f9 resistente a rotture e graffi e offre una protezione aggiuntiva contro le influenze esterne durante l&#039;uso frequente<\/li>\n<li><strong>GUSCIO IN CERAMICA:<\/strong> Nome della calotta esterna di tutti i caschi Alpina realizzata con il processo Inmold. Si tratta di un materiale sottile e leggero, estremamente resistente agli urti e ai graffi, contenente stabilizzatori UV ed \u00e8 antistatico.<\/li>\n<li><strong>Sistema di corsa Ergo+<\/strong> \u2013 la manopola girevole posta sul retro della testa consente di adattare facilmente la taglia del casco alla propria testa, garantendo una perfetta vestibilit\u00e0 e sicurezza. Il sistema pu\u00f2 essere abbinato anche al <strong>Vestibilit\u00e0 personalizzata<\/strong>, che consente la regolazione dell&#039;altezza.<\/li>\n<li><strong>ERGOMATIC<\/strong>: la fibbia, collaudata innumerevoli volte, \u00e8 utilizzata su tutti i caschi Alpina. Regolazione multistadio, azionabile con una sola mano. Inoltre, la fibbia non pu\u00f2 essere slacciata da sola in caso di incidente.<\/li>\n<li><strong>Y-CLIP:<\/strong> La clip a Y collega le cinghie anteriori e posteriori sotto le orecchie. Quando la clip \u00e8 slacciata, le cinghie possono essere facilmente riposizionate e regolate con precisione. Ci\u00f2 consente una vestibilit\u00e0 ottimale del casco.<\/li>\n<li>Peso del casco: 250 g<\/li>\n<li>27 aperture di ventilazione assicurano un flusso d&#039;aria ideale all&#039;interno<\/li>\n<li><strong>Rete anti-mosche<\/strong> \u2013 zanzariera<\/li>\n<li>Fodera antibatterica e lavabile<\/li>\n<\/ul>","protected":false},"excerpt":{"rendered":"<p>Casco da ciclismo ALPINA VALPAROLA<\/p>","protected":false},"featured_media":10874,"template":"","meta":{"_acf_changed":false,"inline_featured_image":false,"_monsterinsights_skip_tracking":false,"_monsterinsights_sitenote_active":false,"_monsterinsights_sitenote_note":"","_monsterinsights_sitenote_category":0},"product_brand":[678],"product_cat":[662],"product_tag":[],"class_list":{"0":"post-10872","1":"product","2":"type-product","3":"status-publish","4":"has-post-thumbnail","6":"product_brand-alpina","7":"product_cat-odrasle-kolesarske-celade","8":"pa_velikost-55-59","10":"first","11":"instock","12":"sale","13":"taxable","14":"shipping-taxable","15":"purchasable","16":"product-type-variable"},"acf":[],"aioseo_notices":[],"_links":{"self":[{"href":"https:\/\/ritosa.click.si\/it\/wp-json\/wp\/v2\/product\/10872","targetHints":{"allow":["GET"]}}],"collection":[{"href":"https:\/\/ritosa.click.si\/it\/wp-json\/wp\/v2\/product"}],"about":[{"href":"https:\/\/ritosa.click.si\/it\/wp-json\/wp\/v2\/types\/product"}],"wp:featuredmedia":[{"embeddable":true,"href":"https:\/\/ritosa.click.si\/it\/wp-json\/wp\/v2\/media\/10874"}],"wp:attachment":[{"href":"https:\/\/ritosa.click.si\/it\/wp-json\/wp\/v2\/media?parent=10872"}],"wp:term":[{"taxonomy":"product_brand","embeddable":true,"href":"https:\/\/ritosa.click.si\/it\/wp-json\/wp\/v2\/product_brand?post=10872"},{"taxonomy":"product_cat","embeddable":true,"href":"https:\/\/ritosa.click.si\/it\/wp-json\/wp\/v2\/product_cat?post=10872"},{"taxonomy":"product_tag","embeddable":true,"href":"https:\/\/ritosa.click.si\/it\/wp-json\/wp\/v2\/product_tag?post=10872"}],"curies":[{"name":"parola chiave","href":"https:\/\/api.w.org\/{rel}","templated":true}]}}