{"id":10812,"date":"2022-01-27T12:56:40","date_gmt":"2022-01-27T12:56:40","guid":{"rendered":"https:\/\/ritosa.click.si\/?post_type=product&#038;p=10812"},"modified":"2025-09-09T16:48:59","modified_gmt":"2025-09-09T14:48:59","slug":"peaty-s-razmascevalec-xxx-solvent-degreaser","status":"publish","type":"product","link":"https:\/\/ritosa.click.si\/it\/negozio\/kolesarstvo\/kolesarska-oprema\/vzdrzevanje-koles\/cistila-in-maziva\/peaty-s-razmascevalec-xxx-solvent-degreaser\/","title":{"rendered":"Sgrassatore solvente Peaty&#039;s XXX"},"content":{"rendered":"<p><span class=\"VIiyi\" lang=\"sl\" xml:lang=\"sl\"><span class=\"JLqJ4b ChMk0b\">PEATY&#039;S XXX SOLVENT SGREASER \u00e8 uno sgrassatore potente, solubile in acqua e facilmente biodegradabile, studiato per rimuovere completamente grasso, cere, oli e persino bitume e catrame.<\/span> <span class=\"JLqJ4b ChMk0b\">Adatto all&#039;uso su superfici metalliche, ma sicuro anche per l&#039;uso su fibra di carbonio e molte altre superfici in plastica e verniciate.<\/span><\/span><\/p>\n<p><span class=\"VIiyi\" lang=\"sl\" xml:lang=\"sl\"><span class=\"JLqJ4b ChMk0b\"><span class=\"VIiyi\" lang=\"sl\" xml:lang=\"sl\"><span class=\"JLqJ4b ChMk0b\">La bomboletta da 400 ml \u00e8 progettata per essere corta e larga, cos\u00ec da poter essere riposta pi\u00f9 facilmente nella cassetta degli attrezzi, mentre gli anelli di identificazione colorati ti aiutano a trovare rapidamente la bomboletta che desideri tra la pila di bombolette spray che gi\u00e0 possiedi.<\/span><\/span> <\/span><\/span><\/p>","protected":false},"excerpt":{"rendered":"<p>Sgrassatore solvente Peaty&#039;s XXX 400 ml<\/p>","protected":false},"featured_media":10813,"template":"","meta":{"_acf_changed":false,"inline_featured_image":false},"product_brand":[1438],"product_cat":[657],"product_tag":[1364,1439],"class_list":{"0":"post-10812","1":"product","2":"type-product","3":"status-publish","4":"has-post-thumbnail","6":"product_brand-peatys","7":"product_cat-cistila-in-maziva","8":"product_tag-peatys","9":"product_tag-peatys-razmascevalec","11":"first","12":"instock","13":"sale","14":"taxable","15":"shipping-taxable","16":"purchasable","17":"product-type-simple"},"acf":[],"_links":{"self":[{"href":"https:\/\/ritosa.click.si\/it\/wp-json\/wp\/v2\/product\/10812","targetHints":{"allow":["GET"]}}],"collection":[{"href":"https:\/\/ritosa.click.si\/it\/wp-json\/wp\/v2\/product"}],"about":[{"href":"https:\/\/ritosa.click.si\/it\/wp-json\/wp\/v2\/types\/product"}],"wp:featuredmedia":[{"embeddable":true,"href":"https:\/\/ritosa.click.si\/it\/wp-json\/wp\/v2\/media\/10813"}],"wp:attachment":[{"href":"https:\/\/ritosa.click.si\/it\/wp-json\/wp\/v2\/media?parent=10812"}],"wp:term":[{"taxonomy":"product_brand","embeddable":true,"href":"https:\/\/ritosa.click.si\/it\/wp-json\/wp\/v2\/product_brand?post=10812"},{"taxonomy":"product_cat","embeddable":true,"href":"https:\/\/ritosa.click.si\/it\/wp-json\/wp\/v2\/product_cat?post=10812"},{"taxonomy":"product_tag","embeddable":true,"href":"https:\/\/ritosa.click.si\/it\/wp-json\/wp\/v2\/product_tag?post=10812"}],"curies":[{"name":"parola chiave","href":"https:\/\/api.w.org\/{rel}","templated":true}]}}