{"id":10804,"date":"2022-01-27T11:14:12","date_gmt":"2022-01-27T11:14:12","guid":{"rendered":"https:\/\/ritosa.click.si\/?post_type=product&#038;p=10804"},"modified":"2025-09-09T16:46:21","modified_gmt":"2025-09-09T14:46:21","slug":"peaty-s-olje-za-verigo-link-lube-all-weather-120ml","status":"publish","type":"product","link":"https:\/\/ritosa.click.si\/it\/negozio\/kolesarstvo\/kolesarska-oprema\/vzdrzevanje-koles\/cistila-in-maziva\/peaty-s-olje-za-verigo-link-lube-all-weather-120ml\/","title":{"rendered":"Olio per catene Peaty&#039;s Link Lube All Weather 120 ml"},"content":{"rendered":"<p><span class=\"VIiyi\" lang=\"sl\" xml:lang=\"sl\"><span class=\"JLqJ4b ChMk0b\">Peaty&#039;s Link Lube \u00e8 un olio per catene a tripla distillazione, adatto all&#039;uso in tutte le condizioni.<\/span><span class=\"JLqJ4b\"> E<\/span><span class=\"JLqJ4b ChMk0b\">L&#039;esclusiva formula in due parti penetra in profondit\u00e0 nella catena e la pulisce, rimuovendo umidit\u00e0, sabbia e sporco e sostituendoli con una miscela unica di oli e cere (la salsa segreta di Peaty) per lubrificare e proteggere.<\/span> <span class=\"JLqJ4b ChMk0b\">S\u00ec, hai letto bene... Peaty&#039;s Link Lube pulisce davvero la catena mentre la usi!<\/span><\/span><\/p>\n<ul>\n<li><span class=\"VIiyi\" lang=\"sl\" xml:lang=\"sl\"><span class=\"JLqJ4b ChMk0b\">La formula esclusiva &quot;Shake-to-awake&quot; combina due componenti lubrificanti per catene<\/span><\/span><\/li>\n<li><span class=\"VIiyi\" lang=\"sl\" xml:lang=\"sl\"><span class=\"JLqJ4b ChMk0b\">Penetra in profondit\u00e0 nella catena, rimuovendo umidit\u00e0 e sporco, sostituendoli con una miscela unica di oli e cere<br \/>\n<\/span><\/span><\/li>\n<li><span class=\"VIiyi\" lang=\"sl\" xml:lang=\"sl\"><span class=\"JLqJ4b ChMk0b\"><span class=\"VIiyi\" lang=\"sl\" xml:lang=\"sl\"><span class=\"JLqJ4b ChMk0b\"><span class=\"VIiyi\" lang=\"sl\" xml:lang=\"sl\"><span class=\"JLqJ4b ChMk0b\"><span class=\"VIiyi\" lang=\"sl\" xml:lang=\"sl\"><span class=\"JLqJ4b ChMk0b\">La punta arrotondata del tappo applicatore scivola facilmente sulla catena e consente un&#039;applicazione molto <\/span>utilizzo facile e preciso<\/span><\/span><\/span><\/span><\/span><\/span><\/span><\/li>\n<li><span class=\"VIiyi\" lang=\"sl\" xml:lang=\"sl\"><span class=\"JLqJ4b ChMk0b\"><span class=\"VIiyi\" lang=\"sl\" xml:lang=\"sl\"><span class=\"JLqJ4b ChMk0b\"><span class=\"VIiyi\" lang=\"sl\" xml:lang=\"sl\"><span class=\"JLqJ4b ChMk0b\"><span class=\"VIiyi\" lang=\"sl\" xml:lang=\"sl\"><span class=\"VIiyi\" lang=\"sl\" xml:lang=\"sl\"><span class=\"JLqJ4b ChMk0b\">L&#039;esclusiva confezione alta e sottile \u00e8 progettata per essere tenuta in mano come una penna per una facile applicazione<\/span><\/span> <\/span><\/span><\/span><\/span><\/span><\/span><\/span><\/li>\n<\/ul>\n<p><span class=\"VIiyi\" lang=\"sl\" xml:lang=\"sl\"><span class=\"JLqJ4b ChMk0b\"><span class=\"VIiyi\" lang=\"sl\" xml:lang=\"sl\"><span class=\"JLqJ4b ChMk0b\"><span class=\"VIiyi\" lang=\"sl\" xml:lang=\"sl\"><span class=\"JLqJ4b ChMk0b\"><span class=\"VIiyi\" lang=\"sl\" xml:lang=\"sl\"><span class=\"VIiyi\" lang=\"sl\" xml:lang=\"sl\"><span class=\"JLqJ4b ChMk0b\">FORMULA LUBRIFICANTE IN DUE COMPONENTI<\/span><\/span><\/span><\/span><\/span><\/span><\/span><\/span><\/span><\/p>\n<p><span class=\"VIiyi\" lang=\"sl\" xml:lang=\"sl\"><span class=\"JLqJ4b ChMk0b\"><span class=\"VIiyi\" lang=\"sl\" xml:lang=\"sl\"><span class=\"JLqJ4b ChMk0b\"><span class=\"VIiyi\" lang=\"sl\" xml:lang=\"sl\"><span class=\"JLqJ4b ChMk0b\"><span class=\"VIiyi\" lang=\"sl\" xml:lang=\"sl\"><span class=\"VIiyi\" lang=\"sl\" xml:lang=\"sl\"><span class=\"JLqJ4b ChMk0b\"><span class=\"VIiyi\" lang=\"sl\" xml:lang=\"sl\"><span class=\"JLqJ4b\">Dopo un po&#039; di tempo, il lubrificante All Weather Link Lube si separer\u00e0 in due componenti: un lubrificante a base trasparente nella parte superiore e una misteriosa &quot;salsa segreta&quot; blu che si depositer\u00e0 lentamente sul fondo del flacone. Non preoccuparti! Questa \u00e8 una caratteristica importante che consente al nostro lubrificante di essere utilizzato in tutte le condizioni atmosferiche. La &quot;salsa segreta&quot; \u00e8 una miscela unica di oli e cere che di solito si trovano singolarmente solo nei lubrificanti a umido o a secco. Grazie a un duro lavoro in laboratorio, siamo riusciti a combinarli in un unico super lubrificante in grado di fornire una protezione incredibilmente duratura in condizioni di bagnato, pur rimanendo insolitamente pulito in condizioni asciutte e polverose. Il lubrificante a base trasparente \u00e8 un olio resistente alla corrosione e a rapida penetrazione che sposta l&#039;acqua e, se miscelato con la &quot;salsa segreta&quot;, trover\u00e0 la strada in ogni angolo della catena. Quando raggiunge le zone profonde e strette della catena, sposta umidit\u00e0, sabbia e sporco, lasciando solo una &quot;salsa antiscivolo&quot; che riduce l&#039;attrito, le vibrazioni e il rumore della trasmissione.<\/span><\/span> <\/span><\/span><\/span><\/span><\/span><\/span><\/span><\/span><\/span><\/p>\n<p>Istruzioni per l&#039;uso:<\/p>\n<p><span class=\"VIiyi\" lang=\"sl\" xml:lang=\"sl\"><span class=\"JLqJ4b ChMk0b\">Quando All Weather LinkLube viene utilizzato per la prima volta su una trasmissione usata (ma apparentemente pulita), la catena pu\u00f2 diventare nera molto rapidamente.<\/span> <span class=\"JLqJ4b ChMk0b\">Oh, niente panico!<\/span> <span class=\"JLqJ4b ChMk0b\">Questa \u00e8 in realt\u00e0 una fantastica caratteristica di LinkLube: rimuove lo sporco che si \u00e8 nascosto in profondit\u00e0 nella catena.<\/span> <span class=\"JLqJ4b ChMk0b\">Continua semplicemente a sgrassare e riapplicare e, dopo qualche giro, la tua catena torner\u00e0 pulita!<\/span><\/span><\/p>\n<p><span class=\"VIiyi\" lang=\"sl\" xml:lang=\"sl\"><span class=\"JLqJ4b ChMk0b\">Si consiglia di pulire la catena con uno sgrassatore per trasmissioni prima di utilizzarla. <a href=\"https:\/\/ritosa.si\/si\/ciscenje-in-mazanje\/4757-peaty-s-cistilo-foaming-drivetrain-degreaser-500ml.html\">Sgrassatore schiumogeno per trasmissioni Peaty&#039;s<\/a>R.<\/span><\/span><\/p>","protected":false},"excerpt":{"rendered":"<p>Olio per catene Peaty&#039;s Link Lube All Weather 120 ml<\/p>","protected":false},"featured_media":10805,"template":"","meta":{"_acf_changed":false,"inline_featured_image":false},"product_brand":[1438],"product_cat":[657],"product_tag":[1355,1356,1357,1358],"class_list":{"0":"post-10804","1":"product","2":"type-product","3":"status-publish","4":"has-post-thumbnail","6":"product_brand-peatys","7":"product_cat-cistila-in-maziva","8":"product_tag-link-lube-all-weather","9":"product_tag-olje-za-verigo","10":"product_tag-olje-za-verigo-za-vsa-vremena","11":"product_tag-peatys-olje-za-verigo","13":"first","14":"instock","15":"sale","16":"taxable","17":"shipping-taxable","18":"purchasable","19":"product-type-simple"},"acf":[],"_links":{"self":[{"href":"https:\/\/ritosa.click.si\/it\/wp-json\/wp\/v2\/product\/10804","targetHints":{"allow":["GET"]}}],"collection":[{"href":"https:\/\/ritosa.click.si\/it\/wp-json\/wp\/v2\/product"}],"about":[{"href":"https:\/\/ritosa.click.si\/it\/wp-json\/wp\/v2\/types\/product"}],"wp:featuredmedia":[{"embeddable":true,"href":"https:\/\/ritosa.click.si\/it\/wp-json\/wp\/v2\/media\/10805"}],"wp:attachment":[{"href":"https:\/\/ritosa.click.si\/it\/wp-json\/wp\/v2\/media?parent=10804"}],"wp:term":[{"taxonomy":"product_brand","embeddable":true,"href":"https:\/\/ritosa.click.si\/it\/wp-json\/wp\/v2\/product_brand?post=10804"},{"taxonomy":"product_cat","embeddable":true,"href":"https:\/\/ritosa.click.si\/it\/wp-json\/wp\/v2\/product_cat?post=10804"},{"taxonomy":"product_tag","embeddable":true,"href":"https:\/\/ritosa.click.si\/it\/wp-json\/wp\/v2\/product_tag?post=10804"}],"curies":[{"name":"parola chiave","href":"https:\/\/api.w.org\/{rel}","templated":true}]}}