{"id":10802,"date":"2022-01-27T10:59:58","date_gmt":"2022-01-27T10:59:58","guid":{"rendered":"https:\/\/ritosa.click.si\/?post_type=product&#038;p=10802"},"modified":"2025-09-09T16:45:01","modified_gmt":"2025-09-09T14:45:01","slug":"peaty-s-olje-za-verigo-link-lube-all-weather-premium-60ml","status":"publish","type":"product","link":"https:\/\/ritosa.click.si\/it\/negozio\/kolesarstvo\/kolesarska-oprema\/vzdrzevanje-koles\/cistila-in-maziva\/peaty-s-olje-za-verigo-link-lube-all-weather-premium-60ml\/","title":{"rendered":"Olio per catena Peaty&#039;s Link Lube All Weather Premium da 60 ml"},"content":{"rendered":"<p><span class=\"VIiyi\" lang=\"sl\" xml:lang=\"sl\"><span class=\"JLqJ4b ChMk0b\">Progettato per i viaggi pi\u00f9 lunghi in condizioni meteorologiche variabili.<\/span> <span class=\"JLqJ4b ChMk0b\">Linklube Premium All-Weather adotta lo stesso approccio scientifico del nostro famosissimo Linklube All-Weather, ma con materie prime di qualit\u00e0 ancora pi\u00f9 elevata.<\/span> <\/span><\/p>\n<p><span class=\"VIiyi\" lang=\"sl\" xml:lang=\"sl\"><span class=\"JLqJ4b ChMk0b\">Con le stesse propriet\u00e0 di pulizia della catena di All-Weather Link Lube, Link Lube Premium bianco latte penetra in profondit\u00e0 nella catena, sostituendo umidit\u00e0, sabbia e sporco con una miscela di lunga durata di oli, cere e nanoparticelle atossiche.\u00a0<span class=\"VIiyi\" lang=\"sl\" xml:lang=\"sl\"><span class=\"JLqJ4b ChMk0b\">S\u00ec, hai letto bene... Peaty&#039;s Link Lube pulisce davvero la catena mentre la usi!<\/span><\/span><\/span><\/span><\/p>\n<ul>\n<li><span class=\"VIiyi\" lang=\"sl\" xml:lang=\"sl\"><span class=\"JLqJ4b ChMk0b\">Progettato per una guida ancora pi\u00f9 pulita, fluida e silenziosa<\/span><\/span><\/li>\n<li><span class=\"VIiyi\" lang=\"sl\" xml:lang=\"sl\"><span class=\"JLqJ4b ChMk0b\">Dura fino a 30% in pi\u00f9 rispetto a Link Lube All-Weather<\/span><\/span><\/li>\n<li><span class=\"VIiyi\" lang=\"sl\" xml:lang=\"sl\"><span class=\"JLqJ4b ChMk0b\">Penetra in profondit\u00e0 nella catena, rimuovendo umidit\u00e0 e sporco, sostituendoli con una miscela unica di oli e cere<br \/>\n<\/span><\/span><\/li>\n<li><span class=\"VIiyi\" lang=\"sl\" xml:lang=\"sl\"><span class=\"JLqJ4b ChMk0b\"><span class=\"VIiyi\" lang=\"sl\" xml:lang=\"sl\"><span class=\"JLqJ4b ChMk0b\"><span class=\"VIiyi\" lang=\"sl\" xml:lang=\"sl\"><span class=\"JLqJ4b ChMk0b\"><span class=\"VIiyi\" lang=\"sl\" xml:lang=\"sl\"><span class=\"JLqJ4b ChMk0b\">La punta arrotondata del tappo applicatore scivola facilmente sulla catena e consente un&#039;applicazione molto <\/span>utilizzo facile e preciso<\/span><\/span><\/span><\/span><\/span><\/span><\/span><\/li>\n<li><span class=\"VIiyi\" lang=\"sl\" xml:lang=\"sl\"><span class=\"JLqJ4b ChMk0b\"><span class=\"VIiyi\" lang=\"sl\" xml:lang=\"sl\"><span class=\"JLqJ4b ChMk0b\"><span class=\"VIiyi\" lang=\"sl\" xml:lang=\"sl\"><span class=\"JLqJ4b ChMk0b\"><span class=\"VIiyi\" lang=\"sl\" xml:lang=\"sl\"><span class=\"VIiyi\" lang=\"sl\" xml:lang=\"sl\"><span class=\"JLqJ4b ChMk0b\">L&#039;esclusiva confezione alta e sottile \u00e8 progettata per essere tenuta in mano come una penna per una facile applicazione<\/span><\/span> <\/span><\/span><\/span><\/span><\/span><\/span><\/span><\/li>\n<\/ul>\n<p><span class=\"VIiyi\" lang=\"sl\" xml:lang=\"sl\"><span class=\"JLqJ4b ChMk0b\"><span class=\"VIiyi\" lang=\"sl\" xml:lang=\"sl\"><span class=\"JLqJ4b ChMk0b\"><span class=\"VIiyi\" lang=\"sl\" xml:lang=\"sl\"><span class=\"JLqJ4b ChMk0b\"><span class=\"VIiyi\" lang=\"sl\" xml:lang=\"sl\"><span class=\"VIiyi\" lang=\"sl\" xml:lang=\"sl\"><span class=\"JLqJ4b ChMk0b\">Il nostro team eterogeneo di motociclisti e collaudatori di prodotto ha percorso migliaia di chilometri testando e sviluppando l&#039;All-Weather Premium negli ultimi anni.<\/span> <span class=\"JLqJ4b ChMk0b\">In questi chilometri di test in condizioni reali, hanno scoperto che in media durava 30 % in pi\u00f9 nelle stesse condizioni del nostro All-Weather Linklube standard.<\/span> <\/span><\/span><\/span><\/span><\/span><\/span><\/span><\/span><\/p>\n<p><span class=\"VIiyi\" lang=\"sl\" xml:lang=\"sl\"><span class=\"JLqJ4b ChMk0b\"><span class=\"VIiyi\" lang=\"sl\" xml:lang=\"sl\"><span class=\"JLqJ4b ChMk0b\"><span class=\"VIiyi\" lang=\"sl\" xml:lang=\"sl\"><span class=\"JLqJ4b ChMk0b\"><span class=\"VIiyi\" lang=\"sl\" xml:lang=\"sl\"><span class=\"VIiyi\" lang=\"sl\" xml:lang=\"sl\"><span class=\"JLqJ4b ChMk0b\">Durante la prima ondata di lockdown, il medaglia d&#039;oro paralimpico Steve Bate ha utilizzato la formulazione pi\u00f9 recente e l&#039;ha confrontata con il nostro Linklube All-Weather standard.<\/span> <span class=\"JLqJ4b ChMk0b\">Durante il suo epico giro sul turbo trainer, durante il quale ha percorso 1.000 miglia in dieci giorni, i risultati hanno dimostrato che l&#039;All Weather Premium \u00e8 durato ben 500 miglia prima di usurarsi.<\/span> <span class=\"JLqJ4b ChMk0b\">In confronto, lo standard Linklube All-Weather ha avuto una durata di 380 miglia nelle stesse condizioni controllate, con un aumento del 31,5 percento della durata.<\/span><\/span> <\/span><\/span><\/span><\/span><\/span><\/span><\/span><\/p>\n<p><span class=\"VIiyi\" lang=\"sl\" xml:lang=\"sl\"><span class=\"JLqJ4b ChMk0b\">Si consiglia di pulire la catena con uno sgrassatore per trasmissioni prima di utilizzarla. <a href=\"https:\/\/ritosa.si\/si\/ciscenje-in-mazanje\/4757-peaty-s-cistilo-foaming-drivetrain-degreaser-500ml.html\">Sgrassatore schiumogeno per trasmissioni Peaty&#039;s<\/a>R.<\/span><\/span><\/p>","protected":false},"excerpt":{"rendered":"<p>Olio per catena Peaty&#039;s Link Lube All Weather Premium da 60 ml<\/p>","protected":false},"featured_media":10803,"template":"","meta":{"_acf_changed":false,"inline_featured_image":false},"product_brand":[1438],"product_cat":[657],"product_tag":[1356,1364,1358],"class_list":{"0":"post-10802","1":"product","2":"type-product","3":"status-publish","4":"has-post-thumbnail","6":"product_brand-peatys","7":"product_cat-cistila-in-maziva","8":"product_tag-olje-za-verigo","9":"product_tag-peatys","10":"product_tag-peatys-olje-za-verigo","12":"first","13":"instock","14":"sale","15":"taxable","16":"shipping-taxable","17":"purchasable","18":"product-type-simple"},"acf":[],"_links":{"self":[{"href":"https:\/\/ritosa.click.si\/it\/wp-json\/wp\/v2\/product\/10802","targetHints":{"allow":["GET"]}}],"collection":[{"href":"https:\/\/ritosa.click.si\/it\/wp-json\/wp\/v2\/product"}],"about":[{"href":"https:\/\/ritosa.click.si\/it\/wp-json\/wp\/v2\/types\/product"}],"wp:featuredmedia":[{"embeddable":true,"href":"https:\/\/ritosa.click.si\/it\/wp-json\/wp\/v2\/media\/10803"}],"wp:attachment":[{"href":"https:\/\/ritosa.click.si\/it\/wp-json\/wp\/v2\/media?parent=10802"}],"wp:term":[{"taxonomy":"product_brand","embeddable":true,"href":"https:\/\/ritosa.click.si\/it\/wp-json\/wp\/v2\/product_brand?post=10802"},{"taxonomy":"product_cat","embeddable":true,"href":"https:\/\/ritosa.click.si\/it\/wp-json\/wp\/v2\/product_cat?post=10802"},{"taxonomy":"product_tag","embeddable":true,"href":"https:\/\/ritosa.click.si\/it\/wp-json\/wp\/v2\/product_tag?post=10802"}],"curies":[{"name":"parola chiave","href":"https:\/\/api.w.org\/{rel}","templated":true}]}}