{"id":10779,"date":"2022-01-18T09:52:51","date_gmt":"2022-01-18T09:52:51","guid":{"rendered":"https:\/\/ritosa.click.si\/?post_type=product&#038;p=10779"},"modified":"2026-03-06T15:55:54","modified_gmt":"2026-03-06T14:55:54","slug":"volkl-classic-single-ski-bag-175cm","status":"publish","type":"product","link":"https:\/\/ritosa.click.si\/it\/negozio\/sciare\/smucarska-oprema\/smucarske-torbe\/volkl-classic-single-ski-bag-175cm\/","title":{"rendered":"Sacca portasci singola Volkl Classic 175 cm"},"content":{"rendered":"<p>Classic Single Ski Bag 175 cm znamke V\u00f6lkl je popolna za varno prena\u0161anje enega para smu\u010di.<\/p>\n<p>Torba ima velik predal z dvostransko zadrgo in omogo\u010da shranjevanje para smu\u010di do dol\u017eine 175 cm. Prezra\u010devalne odprtine omogo\u010dajo izhajanje vlage. Prav tako ima oja\u010dane ro\u010daje za ve\u010djo vzdr\u017eljivost.<\/p>\n<ul>\n<li>Torba za smu\u010di do dol\u017eine 175 cm<\/li>\n<li>Oja\u010dani ro\u010daji z Velcro\u00ae trakom<\/li>\n<\/ul>\n<p><strong>Volume:<\/strong>\u00a080 litrov<br \/>\n<strong>Dimensioni:<\/strong>\u00a0175 \u00d7 25 \u00d7 25 cm<br \/>\n<strong>Peso:<\/strong>\u00a0800 g<\/p>","protected":false},"excerpt":{"rendered":"<p>Torba za en par smu\u010di \u2013 Classic Single Ski Bag 175 cm<\/p>","protected":false},"featured_media":20888,"template":"","meta":{"_acf_changed":false,"inline_featured_image":false},"product_brand":[1190],"product_cat":[570],"product_tag":[],"class_list":{"0":"post-10779","1":"product","2":"type-product","3":"status-publish","4":"has-post-thumbnail","6":"product_brand-volkl","7":"product_cat-smucarske-torbe","9":"first","10":"instock","11":"sale","12":"taxable","13":"shipping-taxable","14":"purchasable","15":"product-type-simple"},"acf":[],"_links":{"self":[{"href":"https:\/\/ritosa.click.si\/it\/wp-json\/wp\/v2\/product\/10779","targetHints":{"allow":["GET"]}}],"collection":[{"href":"https:\/\/ritosa.click.si\/it\/wp-json\/wp\/v2\/product"}],"about":[{"href":"https:\/\/ritosa.click.si\/it\/wp-json\/wp\/v2\/types\/product"}],"wp:featuredmedia":[{"embeddable":true,"href":"https:\/\/ritosa.click.si\/it\/wp-json\/wp\/v2\/media\/20888"}],"wp:attachment":[{"href":"https:\/\/ritosa.click.si\/it\/wp-json\/wp\/v2\/media?parent=10779"}],"wp:term":[{"taxonomy":"product_brand","embeddable":true,"href":"https:\/\/ritosa.click.si\/it\/wp-json\/wp\/v2\/product_brand?post=10779"},{"taxonomy":"product_cat","embeddable":true,"href":"https:\/\/ritosa.click.si\/it\/wp-json\/wp\/v2\/product_cat?post=10779"},{"taxonomy":"product_tag","embeddable":true,"href":"https:\/\/ritosa.click.si\/it\/wp-json\/wp\/v2\/product_tag?post=10779"}],"curies":[{"name":"parola chiave","href":"https:\/\/api.w.org\/{rel}","templated":true}]}}