{"id":10702,"date":"2021-11-30T11:03:52","date_gmt":"2021-11-30T11:03:52","guid":{"rendered":"https:\/\/ritosa.click.si\/?post_type=product&#038;p=10702"},"modified":"2026-03-06T18:37:03","modified_gmt":"2026-03-06T17:37:03","slug":"marker-vijo-2","status":"publish","type":"product","link":"https:\/\/ritosa.click.si\/it\/negozio\/sciare\/smucarska-oprema\/smucarske-celade\/otroske-smucarske-celade\/marker-vijo-2\/","title":{"rendered":"Marker Vijo"},"content":{"rendered":"<p><span class=\"VIiyi\" lang=\"sl\" xml:lang=\"sl\"><span class=\"JLqJ4b ChMk0b\">Grazie alla visiera che si infila nella calotta del casco, \u00e8 l&#039;unico casco con visiera sul mercato che non vanifica la sua funzione.<\/span><\/span><\/p>\n<p><span class=\"VIiyi\" lang=\"sl\" xml:lang=\"sl\"><span class=\"JLqJ4b ChMk0b\"><span class=\"VIiyi\" lang=\"sl\" xml:lang=\"sl\"><span class=\"JLqJ4b ChMk0b\">Mai pi\u00f9 occhiali smarriti!<\/span> <span class=\"JLqJ4b ChMk0b\">Il nuovissimo VIJO \u00e8 la scelta migliore per bambini e adolescenti che cercano la massima versatilit\u00e0 e il massimo comfort, grazie anche alla visiera retrattile che si ripone all&#039;interno del casco e protegge la lente da graffi e ammaccature che si verificano naturalmente durante lo stoccaggio e il trasporto.<\/span> <span class=\"JLqJ4b ChMk0b\">Il sistema di lenti integrato garantisce quindi una visione perfetta e pu\u00f2 essere utilizzato con una sola mano.<\/span> <span class=\"JLqJ4b ChMk0b\">Grazie alla protezione aggiuntiva dei bordi in schiuma, il flusso d&#039;aria \u00e8 ridotto al minimo.<\/span> <span class=\"JLqJ4b ChMk0b\">E tuttavia completamente compatibile con tutti gli occhiali!<\/span> <span class=\"JLqJ4b ChMk0b\">Il VIJO \u00e8 dotato di una fodera X-Dry rimovibile, cos\u00ec puoi indossare un cappello sotto il casco per tenere le orecchie ancora pi\u00f9 calde.<\/span><\/span> <\/span><\/span><\/p>\n<div class=\"area-content\">\n<div class=\"specs-item row\">\n<div class=\"specs-item-label\">\n<p><strong>Costruzione<\/strong><\/p>\n<\/div>\n<div class=\"specs-item-value\">\n<p>Costruzione a guscio rigido<\/p>\n<\/div>\n<\/div>\n<div class=\"specs-item row\">\n<div class=\"specs-item-label\">\n<p><strong>Caratteristiche<\/strong><\/p>\n<\/div>\n<div class=\"specs-item-value\">\n<p>Sistema di canali MarkAIR<br \/>\nCONTROLLO CLIMA AIR JAM<br \/>\nSistema di adattamento RTS<br \/>\nFodera Xdry Performance<br \/>\nCuscinetti auricolari rimovibili - Audio Ready<br \/>\nPronto per il berretto<br \/>\nSistema di lenti integrato<\/p>\n<\/div>\n<\/div>\n<div class=\"specs-item row\">\n<div class=\"specs-item-label\">\n<p><strong>Certificazione<\/strong><\/p>\n<\/div>\n<div class=\"specs-item-value\">\n<p>CE-EN-1077-2007-Classe-B<\/p>\n<\/div>\n<\/div>\n<div class=\"specs-item row\">\n<div class=\"specs-item-label\">\n<p><strong>Peso<\/strong><\/p>\n<\/div>\n<div class=\"specs-item-value\">\n<p>550 g<\/p>\n<\/div>\n<\/div>\n<\/div>","protected":false},"excerpt":{"rendered":"<p>Smu\u010darska \u010delada z vizirjem Marker Vijo<\/p>","protected":false},"featured_media":10704,"template":"","meta":{"_acf_changed":false,"inline_featured_image":false},"product_brand":[2242],"product_cat":[569],"product_tag":[],"class_list":{"0":"post-10702","1":"product","2":"type-product","3":"status-publish","4":"has-post-thumbnail","6":"product_brand-marker","7":"product_cat-otroske-smucarske-celade","8":"pa_velikost-51-56","10":"first","11":"instock","12":"sale","13":"taxable","14":"shipping-taxable","15":"purchasable","16":"product-type-variable"},"acf":[],"_links":{"self":[{"href":"https:\/\/ritosa.click.si\/it\/wp-json\/wp\/v2\/product\/10702","targetHints":{"allow":["GET"]}}],"collection":[{"href":"https:\/\/ritosa.click.si\/it\/wp-json\/wp\/v2\/product"}],"about":[{"href":"https:\/\/ritosa.click.si\/it\/wp-json\/wp\/v2\/types\/product"}],"wp:featuredmedia":[{"embeddable":true,"href":"https:\/\/ritosa.click.si\/it\/wp-json\/wp\/v2\/media\/10704"}],"wp:attachment":[{"href":"https:\/\/ritosa.click.si\/it\/wp-json\/wp\/v2\/media?parent=10702"}],"wp:term":[{"taxonomy":"product_brand","embeddable":true,"href":"https:\/\/ritosa.click.si\/it\/wp-json\/wp\/v2\/product_brand?post=10702"},{"taxonomy":"product_cat","embeddable":true,"href":"https:\/\/ritosa.click.si\/it\/wp-json\/wp\/v2\/product_cat?post=10702"},{"taxonomy":"product_tag","embeddable":true,"href":"https:\/\/ritosa.click.si\/it\/wp-json\/wp\/v2\/product_tag?post=10702"}],"curies":[{"name":"parola chiave","href":"https:\/\/api.w.org\/{rel}","templated":true}]}}