{"id":10656,"date":"2021-11-19T12:35:47","date_gmt":"2021-11-19T12:35:47","guid":{"rendered":"https:\/\/ritosa.click.si\/?post_type=product&#038;p=10656"},"modified":"2025-06-23T15:21:03","modified_gmt":"2025-06-23T13:21:03","slug":"powunity-biketrax-gps-sledilnik-brose-specialized","status":"publish","type":"product","link":"https:\/\/ritosa.click.si\/it\/negozio\/kolesarstvo\/powunity-biketrax-gps-sledilnik-brose-specialized\/","title":{"rendered":"Powunity BikeTrax GPS Tracker Brose\/Specialized"},"content":{"rendered":"<p>Il localizzatore GPS per bici BikeTrax di Powunity con motore Brose ti offre maggiore tranquillit\u00e0 e sicurezza quando possiedi una bici elettrica. Powunity ha sviluppato un modo estremamente efficace per proteggere la tua bici dai furti, poich\u00e9 il prodotto BikeTrax si basa sul tracciamento GPS utilizzando la rete mobile pi\u00f9 stabile d&#039;Europa!<\/p>\n<p>L&#039;installazione del localizzatore \u00e8 estremamente semplice e sicura, e il modulo stesso \u00e8 nascosto nel carter motore, rendendolo invisibile a un potenziale ladro. Collegando il localizzatore a un&#039;app gratuita sul tuo smartphone (compatibile sia con dispositivi iOS che Android), puoi tracciare con precisione ogni movimento della moto in tempo reale (funziona anche in ambienti chiusi!). Il localizzatore ha anche un&#039;opzione di allarme che ti avvisa di qualsiasi movimento della moto senza il tuo consenso.<\/p>\n<p>Il localizzatore \u00e8 alimentato dalla batteria della bici e, nel caso in cui questa sia scarica o venga rimossa, \u00e8 dotato di una batteria aggiuntiva con una capacit\u00e0 di 1000 mAh.<\/p>\n<p>Nella confezione troverete 1 localizzatore GPS BikeTrax Brose con scheda SIM integrata, 1 cavo di collegamento per biciclette Specialized con motori Brose, 1 batteria aggiuntiva con capacit\u00e0 di 1.000 mAh, 1 nastro biadesivo per un&#039;installazione sicura del localizzatore GPS, 1 fascetta per fissare il cavo di collegamento, 1 app gratuita per smartphone iOS e Android, un anno di utilizzo gratuito del sistema.<\/p>\n<p>Se non vuoi installare la bici da solo, possiamo farlo noi per te presso il nostro centro ciclistico di Isola!<\/p><\/p>","protected":false},"excerpt":{"rendered":"<p>Localizzatore GPS per la tua bici elettrica Specialized con motore Brose.<\/p>","protected":false},"featured_media":10657,"template":"","meta":{"_acf_changed":false,"inline_featured_image":false,"_monsterinsights_skip_tracking":false,"_monsterinsights_sitenote_active":false,"_monsterinsights_sitenote_note":"","_monsterinsights_sitenote_category":0},"product_brand":[673],"product_cat":[1185],"product_tag":[],"class_list":{"0":"post-10656","1":"product","2":"type-product","3":"status-publish","4":"has-post-thumbnail","6":"product_brand-specialized","7":"product_cat-kolesarstvo","9":"first","10":"onbackorder","11":"sale","12":"taxable","13":"shipping-taxable","14":"purchasable","15":"product-type-simple"},"acf":[],"aioseo_notices":[],"_links":{"self":[{"href":"https:\/\/ritosa.click.si\/it\/wp-json\/wp\/v2\/product\/10656","targetHints":{"allow":["GET"]}}],"collection":[{"href":"https:\/\/ritosa.click.si\/it\/wp-json\/wp\/v2\/product"}],"about":[{"href":"https:\/\/ritosa.click.si\/it\/wp-json\/wp\/v2\/types\/product"}],"wp:featuredmedia":[{"embeddable":true,"href":"https:\/\/ritosa.click.si\/it\/wp-json\/wp\/v2\/media\/10657"}],"wp:attachment":[{"href":"https:\/\/ritosa.click.si\/it\/wp-json\/wp\/v2\/media?parent=10656"}],"wp:term":[{"taxonomy":"product_brand","embeddable":true,"href":"https:\/\/ritosa.click.si\/it\/wp-json\/wp\/v2\/product_brand?post=10656"},{"taxonomy":"product_cat","embeddable":true,"href":"https:\/\/ritosa.click.si\/it\/wp-json\/wp\/v2\/product_cat?post=10656"},{"taxonomy":"product_tag","embeddable":true,"href":"https:\/\/ritosa.click.si\/it\/wp-json\/wp\/v2\/product_tag?post=10656"}],"curies":[{"name":"parola chiave","href":"https:\/\/api.w.org\/{rel}","templated":true}]}}