{"id":10601,"date":"2021-10-12T14:45:06","date_gmt":"2021-10-12T14:45:06","guid":{"rendered":"https:\/\/ritosa.click.si\/?post_type=product&#038;p=10601"},"modified":"2025-09-09T17:13:06","modified_gmt":"2025-09-09T15:13:06","slug":"peaty-s-cistilo-za-kolo-loam-foam-1l","status":"publish","type":"product","link":"https:\/\/ritosa.click.si\/it\/negozio\/kolesarstvo\/kolesarska-oprema\/vzdrzevanje-koles\/cistila-in-maziva\/peaty-s-cistilo-za-kolo-loam-foam-1l\/","title":{"rendered":"Peaty\u2019s Loam Foam detergente per bici 1L"},"content":{"rendered":"<p><span class=\"VIiyi\" lang=\"sl\" xml:lang=\"sl\"><span class=\"JLqJ4b ChMk0b\"><span class=\"VIiyi\" lang=\"sl\" xml:lang=\"sl\"><span class=\"JLqJ4b ChMk0b\"><span class=\"VIiyi\" lang=\"sl\" xml:lang=\"sl\"><span class=\"JLqJ4b ChMk0b\"><span class=\"VIiyi\" lang=\"sl\" xml:lang=\"sl\"><span class=\"JLqJ4b ChMk0b\">Nato dal circuito professionistico della Coppa del Mondo di mountain bike e progettato specificamente per l&#039;uso su biciclette ad alta tecnologia e sui loro componenti.<\/span><\/span><\/span><\/span><\/span><\/span> Peaty&#039;s LoamFoam \u00e8 un detergente rinfrescante, biodegradabile e di qualit\u00e0 professionale che rimuove lo sporco ostinato, ma \u00e8 sicuro da usare su tutte le superfici della bicicletta, compresi i componenti in carbonio, le pastiglie dei freni e i dischi.<\/span> <\/span><\/p>\n<p><span class=\"VIiyi\" lang=\"sl\" xml:lang=\"sl\"><span class=\"JLqJ4b ChMk0b\">L&#039;esclusiva formula detergente di LoamFoam \u00e8 miscelata con agenti organici, consentendo ai composti detergenti attivi di aderire pi\u00f9 a lungo alla bici, consentendo una rimozione pi\u00f9 efficace dello sporco.<\/span> <span class=\"JLqJ4b ChMk0b\">Il risultato \u00e8 una bici pulita e splendente con il minimo sforzo.<\/span><\/span><\/p>\n<ul>\n<li><span class=\"VIiyi\" lang=\"sl\" xml:lang=\"sl\"><span class=\"JLqJ4b ChMk0b\"><span class=\"VIiyi\" lang=\"sl\" xml:lang=\"sl\"><span class=\"JLqJ4b ChMk0b\">Spruzzatore intelligente che consente la modalit\u00e0 nebbia o la modalit\u00e0 schiuma<\/span><\/span>.<\/span><\/span><\/li>\n<li><span class=\"VIiyi\" lang=\"sl\" xml:lang=\"sl\"><span class=\"JLqJ4b ChMk0b\"><span class=\"VIiyi\" lang=\"sl\" xml:lang=\"sl\"><span class=\"JLqJ4b ChMk0b\">Linea di riempimento da 200 ml stampata sulla confezione, che facilita la miscelazione del concentrato<br \/>\n<\/span><\/span><\/span><\/span><\/li>\n<\/ul>\n<p><span class=\"VIiyi\" lang=\"sl\" xml:lang=\"sl\"><span class=\"JLqJ4b ChMk0b\"><span class=\"VIiyi\" lang=\"sl\" xml:lang=\"sl\"><span class=\"JLqJ4b ChMk0b\"><span class=\"VIiyi\" lang=\"sl\" xml:lang=\"sl\"><span class=\"JLqJ4b ChMk0b\">Nato dal circuito professionistico della Coppa del Mondo di mountain bike e progettato specificamente per l&#039;uso su biciclette ad alta tecnologia e sui loro componenti.<\/span><\/span> <\/span><\/span><\/span><\/span><\/p>","protected":false},"excerpt":{"rendered":"<p>Peaty\u2019s Loam Foam detergente per bici 1L<\/p>","protected":false},"featured_media":10602,"template":"","meta":{"_acf_changed":false,"inline_featured_image":false},"product_brand":[1438],"product_cat":[657],"product_tag":[1447,1364,1446,1445],"class_list":{"0":"post-10601","1":"product","2":"type-product","3":"status-publish","4":"has-post-thumbnail","6":"product_brand-peatys","7":"product_cat-cistila-in-maziva","8":"product_tag-cistilo-za-kolo","9":"product_tag-peatys","10":"product_tag-peatys-cistilo-za-kolo","11":"product_tag-peatys-cistilo-za-kolo-loam-foam-1l","13":"first","14":"instock","15":"sale","16":"taxable","17":"shipping-taxable","18":"purchasable","19":"product-type-simple"},"acf":[],"_links":{"self":[{"href":"https:\/\/ritosa.click.si\/it\/wp-json\/wp\/v2\/product\/10601","targetHints":{"allow":["GET"]}}],"collection":[{"href":"https:\/\/ritosa.click.si\/it\/wp-json\/wp\/v2\/product"}],"about":[{"href":"https:\/\/ritosa.click.si\/it\/wp-json\/wp\/v2\/types\/product"}],"wp:featuredmedia":[{"embeddable":true,"href":"https:\/\/ritosa.click.si\/it\/wp-json\/wp\/v2\/media\/10602"}],"wp:attachment":[{"href":"https:\/\/ritosa.click.si\/it\/wp-json\/wp\/v2\/media?parent=10601"}],"wp:term":[{"taxonomy":"product_brand","embeddable":true,"href":"https:\/\/ritosa.click.si\/it\/wp-json\/wp\/v2\/product_brand?post=10601"},{"taxonomy":"product_cat","embeddable":true,"href":"https:\/\/ritosa.click.si\/it\/wp-json\/wp\/v2\/product_cat?post=10601"},{"taxonomy":"product_tag","embeddable":true,"href":"https:\/\/ritosa.click.si\/it\/wp-json\/wp\/v2\/product_tag?post=10601"}],"curies":[{"name":"parola chiave","href":"https:\/\/api.w.org\/{rel}","templated":true}]}}