{"id":10576,"date":"2021-10-12T13:27:30","date_gmt":"2021-10-12T13:27:30","guid":{"rendered":"https:\/\/ritosa.click.si\/?post_type=product&#038;p=10576"},"modified":"2025-09-09T16:46:58","modified_gmt":"2025-09-09T14:46:58","slug":"peaty-s-olje-za-verigo-link-lube-wet-60-ml","status":"publish","type":"product","link":"https:\/\/ritosa.click.si\/it\/negozio\/kolesarstvo\/kolesarska-oprema\/vzdrzevanje-koles\/cistila-in-maziva\/peaty-s-olje-za-verigo-link-lube-wet-60-ml\/","title":{"rendered":"Olio per catena Peaty&#039;s Link Lube Wet 60 ml"},"content":{"rendered":"<div class=\"rte\">\n<p><span class=\"VIiyi\" lang=\"sl\" xml:lang=\"sl\"><span class=\"JLqJ4b ChMk0b\">Il lubrificante per catene LinkLube Wet \u00e8 una miscela di oli, cere e potenti inibitori di corrosione, profumata al caff\u00e8 irlandese, che garantisce un funzionamento della catena estremamente fluido e silenzioso e una durata eccezionale nelle condizioni pi\u00f9 umide e sporche.<\/span><\/span><\/p>\n<p><span class=\"VIiyi\" lang=\"sl\" xml:lang=\"sl\"> <span class=\"JLqJ4b ChMk0b\">Sviluppato per le estenuanti esigenze delle gare Enduro World Series (EWS), dove i piloti spesso devono pedalare tutto il giorno nelle condizioni pi\u00f9 umide e sporche.<\/span> <span class=\"JLqJ4b ChMk0b\">Abbiamo progettato LinkLube Wet per soddisfare queste e altre esigenze: dura facilmente tutto il giorno in tutte le condizioni, senza trasformarsi in quella densa e impossibile da pulire sostanza tipica dei lubrificanti umidi.<\/span><\/span><\/p>\n<ul>\n<li><span class=\"VIiyi\" lang=\"sl\" xml:lang=\"sl\"><span class=\"JLqJ4b ChMk0b\"><span class=\"VIiyi\" lang=\"sl\" xml:lang=\"sl\"><span class=\"JLqJ4b ChMk0b\">Una miscela di oli, cere e potenti inibitori di corrosione che prolungano la durata dell&#039;intero sistema di ingranaggi<br \/>\n<\/span><\/span><\/span><\/span><\/li>\n<li><span class=\"VIiyi\" lang=\"sl\" xml:lang=\"sl\"><span class=\"JLqJ4b ChMk0b\"><span class=\"VIiyi\" lang=\"sl\" xml:lang=\"sl\"><span class=\"JLqJ4b ChMk0b\">Progettato per lunghe pedalate nelle condizioni pi\u00f9 umide e sporche<\/span><\/span><\/span><\/span><\/li>\n<li><span class=\"VIiyi\" lang=\"sl\" xml:lang=\"sl\"><span class=\"JLqJ4b ChMk0b\"><span class=\"VIiyi\" lang=\"sl\" xml:lang=\"sl\"><span class=\"JLqJ4b ChMk0b\">Consente un funzionamento silenzioso e fluido della catena e un cambio marcia nelle condizioni pi\u00f9 difficili<\/span><\/span><\/span><\/span><\/li>\n<li><span class=\"VIiyi\" lang=\"sl\" xml:lang=\"sl\"><span class=\"JLqJ4b ChMk0b\"><span class=\"VIiyi\" lang=\"sl\" xml:lang=\"sl\"><span class=\"JLqJ4b ChMk0b\">Profumato al caff\u00e8 irlandese, che vi terr\u00e0 in piedi anche nelle serate pi\u00f9 fredde e umide.<\/span><\/span><\/span><\/span><\/li>\n<\/ul>\n<p>Si consiglia di pulire la catena con uno sgrassatore per trasmissioni prima di utilizzarla. <a href=\"https:\/\/ritosa.si\/si\/ciscenje-in-mazanje\/4757-peaty-s-cistilo-foaming-drivetrain-degreaser-500ml.html\">Sgrassatore schiumogeno per trasmissioni Peaty&#039;s<\/a>R.<\/p>\n<\/div>","protected":false},"excerpt":{"rendered":"<p>Olio per catena Peaty&#039;s Link Lube Wet 60 ml<\/p>","protected":false},"featured_media":10577,"template":"","meta":{"_acf_changed":false,"inline_featured_image":false,"_monsterinsights_skip_tracking":false,"_monsterinsights_sitenote_active":false,"_monsterinsights_sitenote_note":"","_monsterinsights_sitenote_category":0},"product_brand":[1438],"product_cat":[657],"product_tag":[1362,1363,1364,1358,1361],"class_list":{"0":"post-10576","1":"product","2":"type-product","3":"status-publish","4":"has-post-thumbnail","6":"product_brand-peatys","7":"product_cat-cistila-in-maziva","8":"product_tag-link-lube-wet","9":"product_tag-olje-za-verigo-link-lube-wet","10":"product_tag-peatys","11":"product_tag-peatys-olje-za-verigo","12":"product_tag-peatys-olje-za-verigo-link-lube-wet-60-ml","14":"first","15":"instock","16":"sale","17":"taxable","18":"shipping-taxable","19":"purchasable","20":"product-type-simple"},"acf":[],"aioseo_notices":[],"_links":{"self":[{"href":"https:\/\/ritosa.click.si\/it\/wp-json\/wp\/v2\/product\/10576","targetHints":{"allow":["GET"]}}],"collection":[{"href":"https:\/\/ritosa.click.si\/it\/wp-json\/wp\/v2\/product"}],"about":[{"href":"https:\/\/ritosa.click.si\/it\/wp-json\/wp\/v2\/types\/product"}],"wp:featuredmedia":[{"embeddable":true,"href":"https:\/\/ritosa.click.si\/it\/wp-json\/wp\/v2\/media\/10577"}],"wp:attachment":[{"href":"https:\/\/ritosa.click.si\/it\/wp-json\/wp\/v2\/media?parent=10576"}],"wp:term":[{"taxonomy":"product_brand","embeddable":true,"href":"https:\/\/ritosa.click.si\/it\/wp-json\/wp\/v2\/product_brand?post=10576"},{"taxonomy":"product_cat","embeddable":true,"href":"https:\/\/ritosa.click.si\/it\/wp-json\/wp\/v2\/product_cat?post=10576"},{"taxonomy":"product_tag","embeddable":true,"href":"https:\/\/ritosa.click.si\/it\/wp-json\/wp\/v2\/product_tag?post=10576"}],"curies":[{"name":"parola chiave","href":"https:\/\/api.w.org\/{rel}","templated":true}]}}