{"id":10562,"date":"2021-10-12T11:50:20","date_gmt":"2021-10-12T11:50:20","guid":{"rendered":"https:\/\/ritosa.click.si\/?post_type=product&#038;p=10562"},"modified":"2025-09-09T16:47:07","modified_gmt":"2025-09-09T14:47:07","slug":"peaty-s-olje-za-verigo-link-lube-dry-60ml","status":"publish","type":"product","link":"https:\/\/ritosa.click.si\/it\/negozio\/kolesarstvo\/kolesarska-oprema\/vzdrzevanje-koles\/cistila-in-maziva\/peaty-s-olje-za-verigo-link-lube-dry-60ml\/","title":{"rendered":"Olio per catena secco Peaty&#039;s Link Lube 60 ml"},"content":{"rendered":"<p><span class=\"VIiyi\" lang=\"sl\" xml:lang=\"sl\"><span class=\"JLqJ4b ChMk0b\">LinkLube Dry \u00e8 un lubrificante per catene biodegradabile a base di cera, da utilizzare in condizioni desertiche secche e polverose o leggermente umide.<\/span> E<span class=\"JLqJ4b ChMk0b\">La formula esclusiva utilizza una miscela di cere sospese in un&#039;emulsione a base d&#039;acqua che garantisce un funzionamento pulito e regolare dell&#039;intero sistema di ingranaggi e ne prolunga la durata.<\/span><\/span><\/p>\n<ul>\n<li><span class=\"VIiyi\" lang=\"sl\" xml:lang=\"sl\"><span class=\"JLqJ4b ChMk0b\"><span class=\"VIiyi\" lang=\"sl\" xml:lang=\"sl\"><span class=\"JLqJ4b ChMk0b\">La formulazione a base di cera dura pi\u00f9 a lungo in condizioni asciutte e polverose<\/span><span class=\"JLqJ4b\">, perch\u00e9 n<\/span><span class=\"JLqJ4b ChMk0b\">attira lo sporco<\/span><\/span> <\/span><\/span><\/li>\n<li><span class=\"VIiyi\" lang=\"sl\" xml:lang=\"sl\"><span class=\"JLqJ4b ChMk0b\"><span class=\"VIiyi\" lang=\"sl\" xml:lang=\"sl\"><span class=\"JLqJ4b ChMk0b\"><span class=\"VIiyi\" lang=\"sl\" xml:lang=\"sl\"><span class=\"JLqJ4b ChMk0b\">Il colore blu indica chiaramente che il lubrificante \u00e8 asciutto e pronto per la guida<\/span><\/span> <\/span><\/span><\/span><\/span><\/li>\n<li><span class=\"VIiyi\" lang=\"sl\" xml:lang=\"sl\"><span class=\"JLqJ4b ChMk0b\"><span class=\"VIiyi\" lang=\"sl\" xml:lang=\"sl\"><span class=\"JLqJ4b ChMk0b\"><span class=\"VIiyi\" lang=\"sl\" xml:lang=\"sl\"><span class=\"JLqJ4b ChMk0b\">Biodegradabile<\/span><\/span><\/span><\/span><\/span><\/span><\/li>\n<li><span class=\"VIiyi\" lang=\"sl\" xml:lang=\"sl\"><span class=\"JLqJ4b ChMk0b\"><span class=\"VIiyi\" lang=\"sl\" xml:lang=\"sl\"><span class=\"JLqJ4b ChMk0b\"><span class=\"VIiyi\" lang=\"sl\" xml:lang=\"sl\"><span class=\"JLqJ4b ChMk0b\">Dura fino a 300 km con una sola lubrificazione (a seconda delle condizioni)<\/span><\/span><\/span><\/span><\/span><\/span><\/li>\n<li><span class=\"VIiyi\" lang=\"sl\" xml:lang=\"sl\"><span class=\"JLqJ4b ChMk0b\"><span class=\"VIiyi\" lang=\"sl\" xml:lang=\"sl\"><span class=\"JLqJ4b ChMk0b\"><span class=\"VIiyi\" lang=\"sl\" xml:lang=\"sl\"><span class=\"JLqJ4b ChMk0b\"><span class=\"VIiyi\" lang=\"sl\" xml:lang=\"sl\"><span class=\"JLqJ4b ChMk0b\">La punta arrotondata del tappo applicatore scivola facilmente sulla catena e consente un&#039;applicazione molto <\/span>utilizzo facile e preciso<br \/>\n<\/span><\/span><\/span><\/span><\/span><\/span><\/span><\/li>\n<li><span class=\"VIiyi\" lang=\"sl\" xml:lang=\"sl\"><span class=\"JLqJ4b ChMk0b\"><span class=\"VIiyi\" lang=\"sl\" xml:lang=\"sl\"><span class=\"JLqJ4b ChMk0b\"><span class=\"VIiyi\" lang=\"sl\" xml:lang=\"sl\"><span class=\"JLqJ4b ChMk0b\"><span class=\"VIiyi\" lang=\"sl\" xml:lang=\"sl\"><span class=\"VIiyi\" lang=\"sl\" xml:lang=\"sl\"><span class=\"JLqJ4b ChMk0b\">L&#039;esclusiva confezione alta e sottile \u00e8 progettata per essere tenuta in mano come una penna per una facile applicazione<\/span><\/span> <\/span><\/span><\/span><\/span><\/span><\/span><\/span><\/li>\n<\/ul>\n<p><span class=\"VIiyi\" lang=\"sl\" xml:lang=\"sl\"><span class=\"JLqJ4b ChMk0b\"><span class=\"VIiyi\" lang=\"sl\" xml:lang=\"sl\"><span class=\"JLqJ4b ChMk0b\"><span class=\"VIiyi\" lang=\"sl\" xml:lang=\"sl\"><span class=\"JLqJ4b ChMk0b\"><span class=\"VIiyi\" lang=\"sl\" xml:lang=\"sl\"><span class=\"VIiyi\" lang=\"sl\" xml:lang=\"sl\"><span class=\"JLqJ4b ChMk0b\">La cera \u00e8 il lubrificante migliore per condizioni asciutte perch\u00e9, se usata correttamente, penetra in profondit\u00e0 nella catena, ricoprendo tutte le maglie e i rulli con una patina scivolosa e asciutta al tatto. Cos\u00ec asciutta da non attirare polvere e sporco.<\/span><\/span><\/span><\/span><\/span><\/span><\/span><\/span><\/span><\/p>\n<p>Si consiglia di pulire la catena con uno sgrassatore per trasmissioni prima di utilizzarla. <a href=\"https:\/\/ritosa.si\/si\/ciscenje-in-mazanje\/4757-peaty-s-cistilo-foaming-drivetrain-degreaser-500ml.html\">Sgrassatore schiumogeno per trasmissioni Peaty&#039;s<\/a>R<\/p>","protected":false},"excerpt":{"rendered":"<p>Olio per catena secco Peaty&#039;s Link Lube 60 ml<\/p>","protected":false},"featured_media":10563,"template":"","meta":{"_acf_changed":false,"inline_featured_image":false},"product_brand":[1438],"product_cat":[657],"product_tag":[1367,1368,1364,1358,1366,1365],"class_list":{"0":"post-10562","1":"product","2":"type-product","3":"status-publish","4":"has-post-thumbnail","6":"product_brand-peatys","7":"product_cat-cistila-in-maziva","8":"product_tag-olje-za-verigo-link-lube-dry","9":"product_tag-olje-za-verigo-za-suhe-vremenske-razmere","10":"product_tag-peatys","11":"product_tag-peatys-olje-za-verigo","12":"product_tag-peatys-olje-za-verigo-link-lube-dry","13":"product_tag-peatys-olje-za-verigo-link-lube-dry-60ml","15":"first","16":"instock","17":"sale","18":"taxable","19":"shipping-taxable","20":"purchasable","21":"product-type-simple"},"acf":[],"_links":{"self":[{"href":"https:\/\/ritosa.click.si\/it\/wp-json\/wp\/v2\/product\/10562","targetHints":{"allow":["GET"]}}],"collection":[{"href":"https:\/\/ritosa.click.si\/it\/wp-json\/wp\/v2\/product"}],"about":[{"href":"https:\/\/ritosa.click.si\/it\/wp-json\/wp\/v2\/types\/product"}],"wp:featuredmedia":[{"embeddable":true,"href":"https:\/\/ritosa.click.si\/it\/wp-json\/wp\/v2\/media\/10563"}],"wp:attachment":[{"href":"https:\/\/ritosa.click.si\/it\/wp-json\/wp\/v2\/media?parent=10562"}],"wp:term":[{"taxonomy":"product_brand","embeddable":true,"href":"https:\/\/ritosa.click.si\/it\/wp-json\/wp\/v2\/product_brand?post=10562"},{"taxonomy":"product_cat","embeddable":true,"href":"https:\/\/ritosa.click.si\/it\/wp-json\/wp\/v2\/product_cat?post=10562"},{"taxonomy":"product_tag","embeddable":true,"href":"https:\/\/ritosa.click.si\/it\/wp-json\/wp\/v2\/product_tag?post=10562"}],"curies":[{"name":"parola chiave","href":"https:\/\/api.w.org\/{rel}","templated":true}]}}