{"id":10503,"date":"2021-09-24T13:49:26","date_gmt":"2021-09-24T13:49:26","guid":{"rendered":"https:\/\/ritosa.click.si\/?post_type=product&#038;p=10503"},"modified":"2026-03-27T18:12:48","modified_gmt":"2026-03-27T17:12:48","slug":"skiro-hudora-hornet-200-4","status":"publish","type":"product","link":"https:\/\/ritosa.click.si\/it\/negozio\/skiroji\/klasicni-skiroji\/skiro-hudora-hornet-200-4\/","title":{"rendered":"Monopattino Legoni Energy 200"},"content":{"rendered":"<div id=\"quickTab-description\" class=\"ui-tabs-panel ui-corner-bottom ui-widget-content\" role=\"tabpanel\" aria-labelledby=\"ui-id-1\" aria-hidden=\"false\">\n<div class=\"full-description\">\n<p>Skiro Legoni Energy 200 je lahek ter ima stabilno konstrukcijo. Je zlo\u017eljiv, prav tako pa se z lahkoto nastavi tudi vi\u0161ina krmila. Ima velika 200 mm kolesa, s katerimi je mo\u010d dose\u010di vi\u0161jo hitrost. Posebnost skiroja je nizka deska za bolj ugodno vo\u017enjo. Ima kvalitetne le\u017eaje ABEC 7. Mere 86x34x97 cm. Nosilnost 100 kg. Garancija 1 leto.<\/p>\n<p>Monopattino \u00e8 dotato di un freno a pedale sulla ruota posteriore, che garantisce una guida sicura. Un poggiapiedi facilita la regolazione dello scooter.<\/p>\n<p>Monopattino \u00e8 adatto a bambini dai 5 anni in su.<\/p>\n<p>Caratteristiche:<\/p>\n<ul>\n<li>Telaio in alluminio\/acciaio,<\/li>\n<li>pieghevole,<\/li>\n<li>manubrio in alluminio stabile con impugnatura antiscivolo,<\/li>\n<li>Ruote in PU da 200 mm,<\/li>\n<li>Cuscinetti in carbonio ABEC 7,<\/li>\n<li>altezza regolabile da 85 a 100 cm,<\/li>\n<li>capacit\u00e0 di carico massima: 100 kg.<\/li>\n<\/ul>\n<p><strong>Avvertimento!<\/strong> Durante l&#039;uso \u00e8 obbligatorio indossare dispositivi di protezione individuale (casco, scudi, guanti).<br \/>\n\u2013 Il prodotto \u00e8 un giocattolo e non \u00e8 destinato all\u2019uso sui mezzi pubblici perch\u00e9 non \u00e8 adatto al trasporto pubblico.<br \/>\n\u2013 <strong>Avvertimento!<\/strong> Il prodotto non deve essere utilizzato da bambini di et\u00e0 inferiore a 36 mesi perch\u00e9 contiene piccole parti che potrebbero rappresentare un rischio di soffocamento.<\/p>\n<p>Capacit\u00e0 di carico dichiarata: 100 kg.<\/p>\n<\/div>\n<\/div>","protected":false},"excerpt":{"rendered":"<p>Monopattino pieghevole Legoni Energy 200<\/p>","protected":false},"featured_media":19334,"template":"","meta":{"_acf_changed":false,"inline_featured_image":false},"product_brand":[1409],"product_cat":[651,495],"product_tag":[1005,1408,1407],"class_list":{"0":"post-10503","1":"product","2":"type-product","3":"status-publish","4":"has-post-thumbnail","6":"product_brand-legoni","7":"product_cat-klasicni-skiroji","8":"product_cat-skiroji","9":"product_tag-otroski-skiro","10":"product_tag-skiro-legoni","11":"product_tag-skiro-legoni-energy-200","13":"first","14":"instock","15":"sale","16":"taxable","17":"shipping-taxable","18":"purchasable","19":"product-type-simple"},"acf":[],"_links":{"self":[{"href":"https:\/\/ritosa.click.si\/it\/wp-json\/wp\/v2\/product\/10503","targetHints":{"allow":["GET"]}}],"collection":[{"href":"https:\/\/ritosa.click.si\/it\/wp-json\/wp\/v2\/product"}],"about":[{"href":"https:\/\/ritosa.click.si\/it\/wp-json\/wp\/v2\/types\/product"}],"wp:featuredmedia":[{"embeddable":true,"href":"https:\/\/ritosa.click.si\/it\/wp-json\/wp\/v2\/media\/19334"}],"wp:attachment":[{"href":"https:\/\/ritosa.click.si\/it\/wp-json\/wp\/v2\/media?parent=10503"}],"wp:term":[{"taxonomy":"product_brand","embeddable":true,"href":"https:\/\/ritosa.click.si\/it\/wp-json\/wp\/v2\/product_brand?post=10503"},{"taxonomy":"product_cat","embeddable":true,"href":"https:\/\/ritosa.click.si\/it\/wp-json\/wp\/v2\/product_cat?post=10503"},{"taxonomy":"product_tag","embeddable":true,"href":"https:\/\/ritosa.click.si\/it\/wp-json\/wp\/v2\/product_tag?post=10503"}],"curies":[{"name":"parola chiave","href":"https:\/\/api.w.org\/{rel}","templated":true}]}}